{"id":6330,"date":"2019-11-06T16:31:01","date_gmt":"2019-11-06T16:31:01","guid":{"rendered":"https:\/\/tst.incliva.es\/about-us\/"},"modified":"2021-11-25T11:37:04","modified_gmt":"2021-11-25T11:37:04","slug":"about-us","status":"publish","type":"page","link":"https:\/\/tst.incliva.es\/en\/about-us\/","title":{"rendered":"About us"},"content":{"rendered":"<p><div class=\"fusion-fullwidth fullwidth-box fusion-builder-row-1 fusion-flex-container nonhundred-percent-fullwidth non-hundred-percent-height-scrolling\" style=\"background-color: rgba(255,255,255,0);background-position: center top;background-repeat: no-repeat;border-width: 0px 0px 0px 0px;border-color:#e2e2e2;border-style:solid;\" ><div class=\"fusion-builder-row fusion-row fusion-flex-align-items-flex-start\" style=\"max-width:1248px;margin-left: calc(-4% \/ 2 );margin-right: calc(-4% \/ 2 );\"><div class=\"fusion-layout-column fusion_builder_column fusion-builder-column-0 fusion_builder_column_1_1 1_1 fusion-flex-column\"><div class=\"fusion-column-wrapper fusion-flex-justify-content-flex-start fusion-content-layout-column\" style=\"background-position:left top;background-repeat:no-repeat;-webkit-background-size:cover;-moz-background-size:cover;-o-background-size:cover;background-size:cover;padding: 0px 0px 0px 0px;\"><style type=\"text\/css\">.fusion-gallery-1 .fusion-gallery-image {border:0px solid #e2e2e2;}<\/style><div class=\"fusion-gallery fusion-gallery-container fusion-grid-3 fusion-columns-total-4 fusion-gallery-layout-grid fusion-gallery-1\" style=\"margin:-5px;\"><div style=\"padding:5px;\" class=\"fusion-grid-column fusion-gallery-column fusion-gallery-column-3 hover-type-none\"><div class=\"fusion-gallery-image\"><a href=\"https:\/\/tst.incliva.es\/wp-content\/uploads\/2020\/09\/Sin-nombre.png\" rel=\"noreferrer\" data-rel=\"iLightbox[gallery_image_1]\" class=\"fusion-lightbox\" target=\"_self\"><img src=\"https:\/\/tst.incliva.es\/wp-content\/uploads\/2020\/09\/Sin-nombre.png\" width=\"1920\" height=\"1080\" alt=\"\" title=\"Sin-nombre\" aria-label=\"Sin-nombre\" class=\"img-responsive wp-image-1153\" srcset=\"https:\/\/tst.incliva.es\/wp-content\/uploads\/2020\/09\/Sin-nombre-1200x675.png 1200w, https:\/\/tst.incliva.es\/wp-content\/uploads\/2020\/09\/Sin-nombre.png 1920w\" sizes=\"(min-width: 2200px) 100vw, (min-width: 784px) 397px, (min-width: 712px) 595px, (min-width: 640px) 712px, \" \/><\/a><\/div><\/div><div style=\"padding:5px;\" class=\"fusion-grid-column fusion-gallery-column fusion-gallery-column-3 hover-type-none\"><div class=\"fusion-gallery-image\"><a href=\"https:\/\/tst.incliva.es\/wp-content\/uploads\/2020\/09\/laboratory-2815641_1920-300x200-1.jpg\" rel=\"noreferrer\" data-rel=\"iLightbox[gallery_image_1]\" class=\"fusion-lightbox\" target=\"_self\"><img src=\"https:\/\/tst.incliva.es\/wp-content\/uploads\/2020\/09\/laboratory-2815641_1920-300x200-1.jpg\" width=\"300\" height=\"200\" alt=\"\" title=\"laboratory-2815641_1920-300&#215;200\" aria-label=\"laboratory-2815641_1920-300&#215;200\" class=\"img-responsive wp-image-1150\" \/><\/a><\/div><\/div><div style=\"padding:5px;\" class=\"fusion-grid-column fusion-gallery-column fusion-gallery-column-3 hover-type-none\"><div class=\"fusion-gallery-image\"><a href=\"https:\/\/tst.incliva.es\/wp-content\/uploads\/2020\/09\/2018-INCLIVA-Foto-de-familia-300x200-1.jpg\" rel=\"noreferrer\" data-rel=\"iLightbox[gallery_image_1]\" class=\"fusion-lightbox\" target=\"_self\"><img src=\"https:\/\/tst.incliva.es\/wp-content\/uploads\/2020\/09\/2018-INCLIVA-Foto-de-familia-300x200-1.jpg\" width=\"300\" height=\"200\" alt=\"\" title=\"2018-INCLIVA-Foto-de-familia-300&#215;200\" aria-label=\"2018-INCLIVA-Foto-de-familia-300&#215;200\" class=\"img-responsive wp-image-1151\" \/><\/a><\/div><\/div><div class=\"clearfix\"><\/div><div style=\"padding:5px;\" class=\"fusion-grid-column fusion-gallery-column fusion-gallery-column-3 hover-type-none\"><div class=\"fusion-gallery-image\"><a href=\"https:\/\/tst.incliva.es\/wp-content\/uploads\/2020\/09\/mecenazgo-300x100-1.png\" rel=\"noreferrer\" data-rel=\"iLightbox[gallery_image_1]\" class=\"fusion-lightbox\" target=\"_self\"><img src=\"https:\/\/tst.incliva.es\/wp-content\/uploads\/2020\/09\/mecenazgo-300x100-1.png\" width=\"300\" height=\"100\" alt=\"\" title=\"mecenazgo-300&#215;100\" aria-label=\"mecenazgo-300&#215;100\" class=\"img-responsive wp-image-1152\" \/><\/a><\/div><\/div><\/div><\/div><\/div><style type=\"text\/css\">.fusion-body .fusion-builder-column-0{width:100% !important;margin-top : 0px;margin-bottom : 20px;}.fusion-builder-column-0 > .fusion-column-wrapper {padding-top : 0px !important;padding-right : 0px !important;margin-right : 1.92%;padding-bottom : 0px !important;padding-left : 0px !important;margin-left : 1.92%;}@media only screen and (max-width:1532px) {.fusion-body .fusion-builder-column-0{width:100% !important;}.fusion-builder-column-0 > .fusion-column-wrapper {margin-right : 1.92%;margin-left : 1.92%;}}@media only screen and (max-width:640px) {.fusion-body .fusion-builder-column-0{width:100% !important;}.fusion-builder-column-0 > .fusion-column-wrapper {margin-right : 1.92%;margin-left : 1.92%;}}<\/style><\/div><style type=\"text\/css\">.fusion-body .fusion-flex-container.fusion-builder-row-1{ padding-top : 0px;margin-top : 0px;padding-right : 15%;padding-bottom : 15px;margin-bottom : 0px;padding-left : 15%;}<\/style><\/div><div class=\"fusion-fullwidth fullwidth-box fusion-builder-row-2 fusion-flex-container nonhundred-percent-fullwidth non-hundred-percent-height-scrolling\" style=\"background-color: rgba(255,255,255,0);background-position: center center;background-repeat: no-repeat;border-width: 0px 0px 0px 0px;border-color:#e2e2e2;border-style:solid;\" ><div class=\"fusion-builder-row fusion-row fusion-flex-align-items-flex-start\" style=\"max-width:1248px;margin-left: calc(-4% \/ 2 );margin-right: calc(-4% \/ 2 );\"><div class=\"fusion-layout-column fusion_builder_column fusion-builder-column-1 fusion_builder_column_1_1 1_1 fusion-flex-column\"><div class=\"fusion-column-wrapper fusion-flex-justify-content-flex-start fusion-content-layout-column\" style=\"background-position:left top;background-repeat:no-repeat;-webkit-background-size:cover;-moz-background-size:cover;-o-background-size:cover;background-size:cover;padding: 0px 4% 0px 4%;\"><div class=\"fusion-text fusion-text-1\" style=\"transform:translate3d(0,0,0);\"><p>INCLIVAhhh se constituy\u00f3 en el a\u00f1o 2000 y desde 2011 est\u00e1 acreditada como Instituto de Investigaci\u00f3n Sanitaria por el Instituto de Salud Carlos III.<\/p>\n<p><a href=\"https:\/\/www.isciii.es\/Paginas\/Inicio.aspx\" target=\"_blank\" rel=\"noopener\"><img class=\"aligncenter wp-image-3764 size-medium\" src=\"https:\/\/tst.incliva.es\/wp-content\/uploads\/2021\/01\/Logo_ISCIII1-300x104.png\" alt=\"\" width=\"300\" height=\"104\" \/><\/a><\/p>\n<p>Forman parte de INCLIVA el Hospital Cl\u00ednico Universitario de Valencia y su Departamento de Salud, as\u00ed como los grupos de excelencia cient\u00edfica de la Facultad de Medicina y Odontolog\u00eda de la Universidad de Valencia y de la Fundaci\u00f3n IGENOMIX.<\/p>\n<h5 style=\"text-align: center;\">\u00ab M\u00e1s de 500 investigadores e investigadoras de reconocido prestigio en la comunidad cient\u00edfica internacional y dispone de tecnolog\u00eda de primer nivel \u00bb<\/h5>\n<p>Actualmente INCLIVA cuenta con m\u00e1s de 500 investigadores e investigadoras de reconocido prestigio en la comunidad cient\u00edfica internacional y dispone de tecnolog\u00eda de primer nivel para el desarrollo de una investigaci\u00f3n de calidad certificada por diferentes certificaciones.<\/p>\n<p>En los \u00faltimos a\u00f1os, la instituci\u00f3n ha experimentado un notable crecimiento de su actividad que se ha materializado en el desarrollo de importantes proyectos internacionales y en la participaci\u00f3n de las Redes de Investigaci\u00f3n europeas m\u00e1s relevantes. Tambi\u00e9n destaca su contribuci\u00f3n en ensayos cl\u00ednicos internacionales, especialmente la labor de la Unidad de Ensayos Cl\u00ednicos Fase I Oncol\u00f3gicos, siendo el Hospital Cl\u00ednico de Valencia uno de los pocos centros que realiza este tipo de estudios en Espa\u00f1a.<\/p>\n<\/div><\/div><\/div><style type=\"text\/css\">.fusion-body .fusion-builder-column-1{width:100% !important;margin-top : 0px;margin-bottom : 20px;}.fusion-builder-column-1 > .fusion-column-wrapper {padding-top : 0px !important;padding-right : 4% !important;margin-right : 1.92%;padding-bottom : 0px !important;padding-left : 4% !important;margin-left : 1.92%;}@media only screen and (max-width:1532px) {.fusion-body .fusion-builder-column-1{width:100% !important;order : 0;}.fusion-builder-column-1 > .fusion-column-wrapper {margin-right : 1.92%;margin-left : 1.92%;}}@media only screen and (max-width:640px) {.fusion-body .fusion-builder-column-1{width:100% !important;order : 0;}.fusion-builder-column-1 > .fusion-column-wrapper {margin-right : 1.92%;margin-left : 1.92%;}}<\/style><\/div><style type=\"text\/css\">.fusion-body .fusion-flex-container.fusion-builder-row-2{ padding-top : 0px;margin-top : 0px;padding-right : 15%;padding-bottom : 0px;margin-bottom : 0px;padding-left : 15%;}<\/style><\/div><div class=\"fusion-fullwidth fullwidth-box fusion-builder-row-3 fusion-flex-container fusion-parallax-none nonhundred-percent-fullwidth non-hundred-percent-height-scrolling\" style=\"background-color: rgba(255,255,255,0);background-image: url(&quot;https:\/\/tst.incliva.es\/wp-content\/uploads\/2021\/02\/Recurso-17-scaled.jpg&quot;);background-position: center center;background-repeat: no-repeat;border-width: 0px 0px 0px 0px;border-color:#e2e2e2;border-style:solid;-webkit-background-size:cover;-moz-background-size:cover;-o-background-size:cover;background-size:cover;\" ><div class=\"fusion-builder-row fusion-row fusion-flex-align-items-flex-start fusion-flex-justify-content-center\" style=\"max-width:calc( 1200px + 0px );margin-left: calc(-0px \/ 2 );margin-right: calc(-0px \/ 2 );\"><div class=\"fusion-layout-column fusion_builder_column fusion-builder-column-2 fusion_builder_column_3_5 3_5 fusion-flex-column fusion-flex-align-self-center\"><div class=\"fusion-column-wrapper fusion-flex-justify-content-center fusion-content-layout-column\" style=\"background-position:left top;background-repeat:no-repeat;-webkit-background-size:cover;-moz-background-size:cover;-o-background-size:cover;background-size:cover;padding: 0px 0px 0px 0px;\"><div class=\"fusion-image-carousel fusion-image-carousel-auto\"><div class=\"fusion-carousel\" data-autoplay=\"yes\" data-columns=\"4\" data-itemmargin=\"35\" data-itemwidth=\"180\" data-touchscroll=\"yes\" data-imagesize=\"auto\" data-scrollitems=\"1\"><div class=\"fusion-carousel-positioner\"><ul class=\"fusion-carousel-holder\"><li class=\"fusion-carousel-item\"><div class=\"fusion-carousel-item-wrapper\"><div class=\"fusion-image-wrapper hover-type-none\"><img width=\"400\" height=\"283\" src=\"https:\/\/tst.incliva.es\/wp-content\/uploads\/2020\/09\/clinica-malva-rosa-white.png\" class=\"attachment-full size-full\" alt=\"\" \/><\/div><\/div><\/li><li class=\"fusion-carousel-item\"><div class=\"fusion-carousel-item-wrapper\"><div class=\"fusion-image-wrapper hover-type-none\"><img width=\"400\" height=\"283\" src=\"https:\/\/tst.incliva.es\/wp-content\/uploads\/2020\/09\/gva-white.png\" class=\"attachment-full size-full\" alt=\"\" \/><\/div><\/div><\/li><li class=\"fusion-carousel-item\"><div class=\"fusion-carousel-item-wrapper\"><div class=\"fusion-image-wrapper hover-type-none\"><img width=\"400\" height=\"283\" src=\"https:\/\/tst.incliva.es\/wp-content\/uploads\/2020\/09\/uv-white.png\" class=\"attachment-full size-full\" alt=\"\" \/><\/div><\/div><\/li><li class=\"fusion-carousel-item\"><div class=\"fusion-carousel-item-wrapper\"><div class=\"fusion-image-wrapper hover-type-none\"><img width=\"2110\" height=\"566\" src=\"https:\/\/tst.incliva.es\/wp-content\/uploads\/2021\/01\/Igenomxi-foundation_w_1.png\" class=\"attachment-full size-full\" alt=\"\" srcset=\"https:\/\/tst.incliva.es\/wp-content\/uploads\/2021\/01\/Igenomxi-foundation_w_1-200x54.png 200w, https:\/\/tst.incliva.es\/wp-content\/uploads\/2021\/01\/Igenomxi-foundation_w_1-400x107.png 400w, https:\/\/tst.incliva.es\/wp-content\/uploads\/2021\/01\/Igenomxi-foundation_w_1-600x161.png 600w, https:\/\/tst.incliva.es\/wp-content\/uploads\/2021\/01\/Igenomxi-foundation_w_1-800x215.png 800w, https:\/\/tst.incliva.es\/wp-content\/uploads\/2021\/01\/Igenomxi-foundation_w_1-1200x322.png 1200w, https:\/\/tst.incliva.es\/wp-content\/uploads\/2021\/01\/Igenomxi-foundation_w_1.png 2110w\" sizes=\"(min-width: 2200px) 100vw, (min-width: 856px) 274px, (min-width: 784px) 365px, (min-width: 712px) 548px, (min-width: 640px) 712px, \" \/><\/div><\/div><\/li><\/ul><\/div><\/div><\/div><\/div><\/div><style type=\"text\/css\">.fusion-body .fusion-builder-column-2{width:60% !important;margin-top : 1px;margin-bottom : 1px;}.fusion-builder-column-2 > .fusion-column-wrapper {padding-top : 0px !important;padding-right : 0px !important;margin-right : 0px;padding-bottom : 0px !important;padding-left : 0px !important;margin-left : 0px;}@media only screen and (max-width:1532px) {.fusion-body .fusion-builder-column-2{width:60% !important;order : 0;}.fusion-builder-column-2 > .fusion-column-wrapper {margin-right : 0px;margin-left : 0px;}}@media only screen and (max-width:640px) {.fusion-body .fusion-builder-column-2{width:100% !important;order : 0;}.fusion-builder-column-2 > .fusion-column-wrapper {margin-right : 0px;margin-left : 0px;}}<\/style><\/div><style type=\"text\/css\">.fusion-body .fusion-flex-container.fusion-builder-row-3{ padding-top : 20px;margin-top : 0px;padding-right : 0px;padding-bottom : 0px;margin-bottom : 0px;padding-left : 0px;}@media only screen and (max-width:640px) {.fusion-body .fusion-flex-container.fusion-builder-row-3{ padding-top : 48px;}}<\/style><\/div><\/p>\n","protected":false},"excerpt":{"rendered":"","protected":false},"author":1,"featured_media":0,"parent":0,"menu_order":0,"comment_status":"closed","ping_status":"closed","template":"","meta":[],"acf":[],"_links":{"self":[{"href":"https:\/\/tst.incliva.es\/en\/wp-json\/wp\/v2\/pages\/6330"}],"collection":[{"href":"https:\/\/tst.incliva.es\/en\/wp-json\/wp\/v2\/pages"}],"about":[{"href":"https:\/\/tst.incliva.es\/en\/wp-json\/wp\/v2\/types\/page"}],"author":[{"embeddable":true,"href":"https:\/\/tst.incliva.es\/en\/wp-json\/wp\/v2\/users\/1"}],"replies":[{"embeddable":true,"href":"https:\/\/tst.incliva.es\/en\/wp-json\/wp\/v2\/comments?post=6330"}],"version-history":[{"count":0,"href":"https:\/\/tst.incliva.es\/en\/wp-json\/wp\/v2\/pages\/6330\/revisions"}],"wp:attachment":[{"href":"https:\/\/tst.incliva.es\/en\/wp-json\/wp\/v2\/media?parent=6330"}],"curies":[{"name":"wp","href":"https:\/\/api.w.org\/{rel}","templated":true}]}}