{"id":6340,"date":"2020-11-25T03:53:29","date_gmt":"2020-11-25T03:53:29","guid":{"rendered":"https:\/\/tst.incliva.es\/quienessomos\/perfil-del-contratante\/"},"modified":"2025-11-24T11:23:37","modified_gmt":"2025-11-24T11:23:37","slug":"perfil-del-contratante","status":"publish","type":"page","link":"https:\/\/tst.incliva.es\/en\/about-us\/perfil-del-contratante\/","title":{"rendered":"Perfil del Contratante"},"content":{"rendered":"<p><div class=\"fusion-fullwidth fullwidth-box fusion-builder-row-1 fusion-flex-container nonhundred-percent-fullwidth non-hundred-percent-height-scrolling\" style=\"background-color: rgba(255,255,255,0);background-position: center center;background-repeat: no-repeat;border-width: 0px 0px 0px 0px;border-color:#e2e2e2;border-style:solid;\" ><div class=\"fusion-builder-row fusion-row fusion-flex-align-items-flex-start\" style=\"max-width:1248px;margin-left: calc(-4% \/ 2 );margin-right: calc(-4% \/ 2 );\"><div class=\"fusion-layout-column fusion_builder_column fusion-builder-column-0 fusion_builder_column_2_3 2_3 fusion-flex-column\"><div class=\"fusion-column-wrapper fusion-flex-justify-content-flex-start fusion-content-layout-column\" style=\"background-position:left top;background-repeat:no-repeat;-webkit-background-size:cover;-moz-background-size:cover;-o-background-size:cover;background-size:cover;padding: 0px 0px 0px 0px;\"><div class=\"fusion-text fusion-text-1\" style=\"transform:translate3d(0,0,0);\"><p>La Fundaci\u00f3n para la Investigaci\u00f3n del Hospital Cl\u00ednico de la Comunidad Valenciana, Fundaci\u00f3n INCLIVA, es una entidad sin \u00e1nimo de lucro, perteneciente al Sector P\u00fablico de la Generalitat. Aunque no ostenta el car\u00e1cter de Administraci\u00f3n P\u00fablica, la Fundaci\u00f3n INCLIVA es poder adjudicador conforme al art\u00edculo 3 apartado 3 de la Ley 9\/2017 de Contratos del Sector P\u00fablico.<\/p>\n<p>Para asegurar la transparencia y el acceso p\u00fablico a sus contrataciones, INCLIVA publica en este apartado de la web toda la informaci\u00f3n relativa a su actividad contractual: anuncios, licitaciones abiertas o en curso, adjudicaciones y cualquier informaci\u00f3n \u00fatil de tipo general.<\/p>\n<p><u>Desde el 1 de junio de 2018<\/u> todas las ofertas de los licitadores se presentar\u00e1n \u00fanica y exclusivamente a trav\u00e9s del enlace <a href=\"https:\/\/incliva.fundanetsuite.com\/EFundanet\" target=\"_blank\" rel=\"noopener noreferrer\">Recepci\u00f3n de ofertas LCSP 9\/2017<\/a>.<\/p>\n<p>Todos los expedientes de contrataci\u00f3n <u>iniciados a partir del 9 de marzo de 2018<\/u> pueden consultarse en los enlaces <a href=\"https:\/\/incliva.fundanetsuite.com\/ExpedientesContratacion\/instruccionesfrw.aspx\" target=\"_blank\" rel=\"noopener noreferrer\">Consulta de expedientes LCSP 9\/2017<\/a> y <a href=\"https:\/\/contrataciondelestado.es\/wps\/portal\/plataforma\" target=\"_blank\" rel=\"noopener noreferrer\">Plataforma de Contrataci\u00f3n del Estado<\/a>.<\/p>\n<p>Los <u>expedientes de contrataci\u00f3n iniciados antes del 9 de marzo de 2018<\/u> pueden consultarse pulsando en <a href=\"https:\/\/incliva.es\/historico-contrataciones\" target=\"_blank\" rel=\"noopener noreferrer\">este enlace<\/a>.<\/p>\n<p>\u00bfNecesita m\u00e1s informaci\u00f3n? <a href=\"mailto:contratacion@incliva.es?subject=Alta%20contrataci%C3%B3n%20electr%C3%B3nica&amp;body=Solicito%20m%C3%A1s%20informaci%C3%B3n\">Solicitud informaci\u00f3n<\/a><\/p>\n<\/div><div class=\"fusion-separator fusion-full-width-sep\" style=\"align-self: center;margin-left: auto;margin-right: auto;margin-top:10px;margin-bottom:10px;width:100%;\"><div class=\"fusion-separator-border sep-single sep-solid\" style=\"border-color:#3bafbf;border-top-width:1px;\"><\/div><\/div><div class=\"fusion-text fusion-text-2\" style=\"transform:translate3d(0,0,0);\"><h5 style=\"text-align: left;\">Enlaces de Inter\u00e9s<\/h5>\n<\/div><div class=\"fusion-text fusion-text-3\" style=\"transform:translate3d(0,0,0);\"><ul>\n<li style=\"text-align: left;\"><a href=\"https:\/\/incliva.fundanetsuite.com\/EFundanet\" target=\"_blank\" rel=\"noopener\">Recepci\u00f3n de ofertas\u00a0LCSP 9\/2017<\/a><\/li>\n<li style=\"text-align: left;\"><a href=\"https:\/\/incliva.fundanetsuite.com\/ExpedientesContratacion\/instruccionesfrw.aspx\" target=\"_blank\" rel=\"noopener\">Consulta de expedientes LCSP 9\/2017<\/a><\/li>\n<li style=\"text-align: left;\"><a href=\"http:\/\/csi.ha.gva.es\/regconweb\/faces\/inicio.jsp\" target=\"_blank\" rel=\"noopener\">Contratos menores<\/a><\/li>\n<li style=\"text-align: left;\"><a href=\"https:\/\/contrataciondelestado.es\/wps\/portal\/plataforma\" target=\"_blank\" rel=\"noopener\">Plataforma de Contrataci\u00f3n del Estado<\/a><\/li>\n<\/ul>\n<\/div><\/div><\/div><style type=\"text\/css\">.fusion-body .fusion-builder-column-0{width:66.666666666667% !important;margin-top : 0px;margin-bottom : 20px;}.fusion-builder-column-0 > .fusion-column-wrapper {padding-top : 0px !important;padding-right : 0px !important;margin-right : 2.88%;padding-bottom : 0px !important;padding-left : 0px !important;margin-left : 2.88%;}@media only screen and (max-width:1532px) {.fusion-body .fusion-builder-column-0{width:66.666666666667% !important;}.fusion-builder-column-0 > .fusion-column-wrapper {margin-right : 2.88%;margin-left : 2.88%;}}@media only screen and (max-width:640px) {.fusion-body .fusion-builder-column-0{width:100% !important;}.fusion-builder-column-0 > .fusion-column-wrapper {margin-right : 1.92%;margin-left : 1.92%;}}<\/style><div class=\"fusion-layout-column fusion_builder_column fusion-builder-column-1 fusion_builder_column_1_3 1_3 fusion-flex-column\"><div class=\"fusion-column-wrapper fusion-flex-justify-content-flex-start fusion-content-layout-column\" style=\"background-position:left top;background-repeat:no-repeat;-webkit-background-size:cover;-moz-background-size:cover;-o-background-size:cover;background-size:cover;background-color:#f9f9f9;border-width: 0 0 0 2px;border-color:#9da0d2;border-style:solid;padding: 4% 4% 4% 4%;\"><div class=\"fusion-text fusion-text-4\" style=\"transform:translate3d(0,0,0);\"><h5 style=\"text-align: center;\">Responsable de Compras y Contrataci\u00f3n<\/h5>\n<\/div><div style=\"text-align:center;\"><span class=\" fusion-imageframe imageframe-none imageframe-1 hover-type-none\" style=\"border:2px solid #e2e2e2;border-radius:8px;width:100%;max-width:160px;margin-bottom:15px;\"><img src=\"https:\/\/www.incliva.es\/wp-content\/uploads\/2025\/11\/isabelGomis.jpg\" class=\"img-responsive\"\/><\/span><\/div><div class=\"fusion-text fusion-text-5\" style=\"transform:translate3d(0,0,0);\"><p style=\"text-align: center;\">Isabel Gomis<\/p>\n<\/div><div class=\"fusion-separator fusion-full-width-sep\" style=\"align-self: center;margin-left: auto;margin-right: auto;margin-top:10px;margin-bottom:10px;width:100%;\"><div class=\"fusion-separator-border sep-single sep-solid\" style=\"border-color:#3bafbf;border-top-width:1px;\"><\/div><\/div><div class=\"fusion-text fusion-text-6\" style=\"transform:translate3d(0,0,0);\"><h5 style=\"text-align: center;\">Contacto<\/h5>\n<p style=\"text-align: center;\"><a href=\"mailto:contratacion@incliva.es?subject=Alta%20contrataci%C3%B3n%20electr%C3%B3nica&amp;body=Solicito%20m%C3%A1s%20informaci%C3%B3n\">contratacion@incliva.es<\/a><br \/><a href=\"mailto:gestioneconomica@incliva.es\">gestioneconomica@incliva.es<\/a><br \/>Tel\u00e9fono: 961 62 89 38<\/p>\n<\/div><\/div><\/div><style type=\"text\/css\">.fusion-body .fusion-builder-column-1{width:33.333333333333% !important;margin-top : 0px;margin-bottom : 20px;}.fusion-builder-column-1 > .fusion-column-wrapper {padding-top : 4% !important;padding-right : 4% !important;margin-right : 5.76%;padding-bottom : 4% !important;padding-left : 4% !important;margin-left : 5.76%;}@media only screen and (max-width:1532px) {.fusion-body .fusion-builder-column-1{width:33.333333333333% !important;order : 0;}.fusion-builder-column-1 > .fusion-column-wrapper {margin-right : 5.76%;margin-left : 5.76%;}}@media only screen and (max-width:640px) {.fusion-body .fusion-builder-column-1{width:100% !important;order : 0;}.fusion-builder-column-1 > .fusion-column-wrapper {margin-right : 1.92%;margin-left : 1.92%;}}<\/style><\/div><style type=\"text\/css\">.fusion-body .fusion-flex-container.fusion-builder-row-1{ padding-top : 0px;margin-top : 0px;padding-right : 0px;padding-bottom : 0px;margin-bottom : 0px;padding-left : 0px;}<\/style><\/div><div class=\"fusion-fullwidth fullwidth-box fusion-builder-row-2 fusion-flex-container nonhundred-percent-fullwidth non-hundred-percent-height-scrolling\" style=\"background-color: rgba(255,255,255,0);background-position: center center;background-repeat: no-repeat;border-width: 0px 0px 0px 0px;border-color:#e2e2e2;border-style:solid;\" ><div class=\"fusion-builder-row fusion-row fusion-flex-align-items-flex-start\" style=\"max-width:1248px;margin-left: calc(-4% \/ 2 );margin-right: calc(-4% \/ 2 );\"><div class=\"fusion-layout-column fusion_builder_column fusion-builder-column-2 fusion_builder_column_1_1 1_1 fusion-flex-column\"><div class=\"fusion-column-wrapper fusion-flex-justify-content-flex-start fusion-content-layout-column\" style=\"background-position:left top;background-repeat:no-repeat;-webkit-background-size:cover;-moz-background-size:cover;-o-background-size:cover;background-size:cover;padding: 0px 0px 0px 0px;\"><style type=\"text\/css\">@media only screen and (max-width:1532px) {.fusion-title.fusion-title-1{margin-top:10px!important;margin-bottom:15px!important;}}@media only screen and (max-width:640px) {.fusion-title.fusion-title-1{margin-top:10px!important;margin-bottom:10px!important;}}<\/style><div class=\"fusion-title title fusion-title-1 fusion-title-center fusion-title-text fusion-title-size-three\" style=\"margin-top:10px;margin-bottom:15px;\"><div class=\"title-sep-container title-sep-container-left\"><div class=\"title-sep sep-single sep-solid\" style=\"border-color:#3bafbf;\"><\/div><\/div><h3 class=\"title-heading-center\" style=\"margin:0;\"><p style=\"text-align: center;\">Equipo<\/p><\/h3><div class=\"title-sep-container title-sep-container-right\"><div class=\"title-sep sep-single sep-solid\" style=\"border-color:#3bafbf;\"><\/div><\/div><\/div><\/div><\/div><style type=\"text\/css\">.fusion-body .fusion-builder-column-2{width:100% !important;margin-top : 0px;margin-bottom : 20px;}.fusion-builder-column-2 > .fusion-column-wrapper {padding-top : 0px !important;padding-right : 0px !important;margin-right : 1.92%;padding-bottom : 0px !important;padding-left : 0px !important;margin-left : 1.92%;}@media only screen and (max-width:1532px) {.fusion-body .fusion-builder-column-2{width:100% !important;order : 0;}.fusion-builder-column-2 > .fusion-column-wrapper {margin-right : 1.92%;margin-left : 1.92%;}}@media only screen and (max-width:640px) {.fusion-body .fusion-builder-column-2{width:100% !important;order : 0;}.fusion-builder-column-2 > .fusion-column-wrapper {margin-right : 1.92%;margin-left : 1.92%;}}<\/style><div class=\"fusion-layout-column fusion_builder_column fusion-builder-column-3 fusion_builder_column_1_5 1_5 fusion-flex-column\"><div class=\"fusion-column-wrapper fusion-flex-justify-content-flex-start fusion-content-layout-column\" style=\"background-position:left top;background-repeat:no-repeat;-webkit-background-size:cover;-moz-background-size:cover;-o-background-size:cover;background-size:cover;padding: 0px 0px 0px 0px;\"><div class=\"fusion-text fusion-text-7\" style=\"transform:translate3d(0,0,0);\"><h5 style=\"text-align: center;\">Responsable de compras y contrataci\u00f3n<span style=\"color: #ffffff;\">.<\/span><\/h5>\n<\/div><div style=\"text-align:center;\"><span class=\" fusion-imageframe imageframe-none imageframe-2 hover-type-none\" style=\"border:2px solid #e2e2e2;border-radius:8px;width:100%;max-width:160px;\"><img src=\"https:\/\/www.incliva.es\/wp-content\/uploads\/2025\/11\/isabelGomis.jpg\" class=\"img-responsive\"\/><\/span><\/div><div class=\"fusion-separator fusion-full-width-sep\" style=\"align-self: center;margin-left: auto;margin-right: auto;margin-top:10px;width:100%;\"><\/div><div class=\"fusion-text fusion-text-8\" style=\"transform:translate3d(0,0,0);\"><p style=\"text-align: center;\">Isabel Gomis<\/p>\n<\/div><\/div><\/div><style type=\"text\/css\">.fusion-body .fusion-builder-column-3{width:20% !important;margin-top : 0px;margin-bottom : 20px;}.fusion-builder-column-3 > .fusion-column-wrapper {padding-top : 0px !important;padding-right : 0px !important;margin-right : 9.6%;padding-bottom : 0px !important;padding-left : 0px !important;margin-left : 9.6%;}@media only screen and (max-width:1532px) {.fusion-body .fusion-builder-column-3{width:20% !important;order : 0;}.fusion-builder-column-3 > .fusion-column-wrapper {margin-right : 9.6%;margin-left : 9.6%;}}@media only screen and (max-width:640px) {.fusion-body .fusion-builder-column-3{width:100% !important;order : 0;}.fusion-builder-column-3 > .fusion-column-wrapper {margin-right : 1.92%;margin-left : 1.92%;}}<\/style><div class=\"fusion-layout-column fusion_builder_column fusion-builder-column-4 fusion_builder_column_1_5 1_5 fusion-flex-column\"><div class=\"fusion-column-wrapper fusion-flex-justify-content-flex-start fusion-content-layout-column\" style=\"background-position:left top;background-repeat:no-repeat;-webkit-background-size:cover;-moz-background-size:cover;-o-background-size:cover;background-size:cover;padding: 0px 0px 0px 0px;\"><div class=\"fusion-text fusion-text-9\" style=\"transform:translate3d(0,0,0);\"><h5 style=\"text-align: center;\">T\u00e9cnico Superior <br \/>Jur\u00eddico<br \/><span style=\"color: #ffffff;\">.<\/span><\/h5>\n<\/div><div style=\"text-align:center;\"><span class=\" fusion-imageframe imageframe-none imageframe-3 hover-type-none\" style=\"border:2px solid #e2e2e2;border-radius:8px;width:100%;max-width:160px;\"><img src=\"https:\/\/www.incliva.es\/wp-content\/uploads\/2024\/06\/Irene-Collado.jpg\" class=\"img-responsive\"\/><\/span><\/div><div class=\"fusion-separator fusion-full-width-sep\" style=\"align-self: center;margin-left: auto;margin-right: auto;margin-top:10px;width:100%;\"><\/div><div class=\"fusion-text fusion-text-10\" style=\"transform:translate3d(0,0,0);\"><p style=\"text-align: center;\">Irene Collado<\/p>\n<\/div><\/div><\/div><style type=\"text\/css\">.fusion-body .fusion-builder-column-4{width:20% !important;margin-top : 0px;margin-bottom : 20px;}.fusion-builder-column-4 > .fusion-column-wrapper {padding-top : 0px !important;padding-right : 0px !important;margin-right : 9.6%;padding-bottom : 0px !important;padding-left : 0px !important;margin-left : 9.6%;}@media only screen and (max-width:1532px) {.fusion-body .fusion-builder-column-4{width:20% !important;order : 0;}.fusion-builder-column-4 > .fusion-column-wrapper {margin-right : 9.6%;margin-left : 9.6%;}}@media only screen and (max-width:640px) {.fusion-body .fusion-builder-column-4{width:100% !important;order : 0;}.fusion-builder-column-4 > .fusion-column-wrapper {margin-right : 1.92%;margin-left : 1.92%;}}<\/style><div class=\"fusion-layout-column fusion_builder_column fusion-builder-column-5 fusion_builder_column_1_5 1_5 fusion-flex-column\"><div class=\"fusion-column-wrapper fusion-flex-justify-content-flex-start fusion-content-layout-column\" style=\"background-position:left top;background-repeat:no-repeat;-webkit-background-size:cover;-moz-background-size:cover;-o-background-size:cover;background-size:cover;padding: 0px 0px 0px 0px;\"><div class=\"fusion-text fusion-text-11\" style=\"transform:translate3d(0,0,0);\"><h5 style=\"text-align: center;\">Administrativa de gesti\u00f3n de compras y contrataci\u00f3n<\/h5>\n<\/div><div style=\"text-align:center;\"><span class=\" fusion-imageframe imageframe-none imageframe-4 hover-type-none\" style=\"border:2px solid #e2e2e2;border-radius:8px;width:100%;max-width:160px;\"><img src=\"https:\/\/www.incliva.es\/wp-content\/uploads\/2025\/11\/karenIglesias.jpg\" class=\"img-responsive\"\/><\/span><\/div><div class=\"fusion-separator fusion-full-width-sep\" style=\"align-self: center;margin-left: auto;margin-right: auto;margin-top:10px;width:100%;\"><\/div><div class=\"fusion-text fusion-text-12\" style=\"transform:translate3d(0,0,0);\"><p style=\"text-align: center;\">Karen Iglesias<\/p>\n<\/div><\/div><\/div><style type=\"text\/css\">.fusion-body .fusion-builder-column-5{width:20% !important;margin-top : 0px;margin-bottom : 20px;}.fusion-builder-column-5 > .fusion-column-wrapper {padding-top : 0px !important;padding-right : 0px !important;margin-right : 9.6%;padding-bottom : 0px !important;padding-left : 0px !important;margin-left : 9.6%;}@media only screen and (max-width:1532px) {.fusion-body .fusion-builder-column-5{width:20% !important;order : 0;}.fusion-builder-column-5 > .fusion-column-wrapper {margin-right : 9.6%;margin-left : 9.6%;}}@media only screen and (max-width:640px) {.fusion-body .fusion-builder-column-5{width:100% !important;order : 0;}.fusion-builder-column-5 > .fusion-column-wrapper {margin-right : 1.92%;margin-left : 1.92%;}}<\/style><div class=\"fusion-layout-column fusion_builder_column fusion-builder-column-6 fusion_builder_column_1_5 1_5 fusion-flex-column\"><div class=\"fusion-column-wrapper fusion-flex-justify-content-flex-start fusion-content-layout-column\" style=\"background-position:left top;background-repeat:no-repeat;-webkit-background-size:cover;-moz-background-size:cover;-o-background-size:cover;background-size:cover;padding: 0px 0px 0px 0px;\"><div class=\"fusion-text fusion-text-13\" style=\"transform:translate3d(0,0,0);\"><h5 style=\"text-align: center;\">Administrativa de gesti\u00f3n de compras y contrataci\u00f3n<\/h5>\n<\/div><div style=\"text-align:center;\"><span class=\" fusion-imageframe imageframe-none imageframe-5 hover-type-none\" style=\"border:2px solid #e2e2e2;border-radius:8px;width:100%;max-width:160px;\"><img src=\"https:\/\/www.incliva.es\/wp-content\/uploads\/2025\/11\/maria-romero.jpg\" class=\"img-responsive\"\/><\/span><\/div><div class=\"fusion-separator fusion-full-width-sep\" style=\"align-self: center;margin-left: auto;margin-right: auto;margin-top:10px;width:100%;\"><\/div><div class=\"fusion-text fusion-text-14\" style=\"transform:translate3d(0,0,0);\"><p style=\"text-align: center;\">Mar\u00eda Romero<\/p>\n<\/div><\/div><\/div><style type=\"text\/css\">.fusion-body .fusion-builder-column-6{width:20% !important;margin-top : 0px;margin-bottom : 20px;}.fusion-builder-column-6 > .fusion-column-wrapper {padding-top : 0px !important;padding-right : 0px !important;margin-right : 9.6%;padding-bottom : 0px !important;padding-left : 0px !important;margin-left : 9.6%;}@media only screen and (max-width:1532px) {.fusion-body .fusion-builder-column-6{width:20% !important;order : 0;}.fusion-builder-column-6 > .fusion-column-wrapper {margin-right : 9.6%;margin-left : 9.6%;}}@media only screen and (max-width:640px) {.fusion-body .fusion-builder-column-6{width:100% !important;order : 0;}.fusion-builder-column-6 > .fusion-column-wrapper {margin-right : 1.92%;margin-left : 1.92%;}}<\/style><div class=\"fusion-layout-column fusion_builder_column fusion-builder-column-7 fusion_builder_column_1_5 1_5 fusion-flex-column\"><div class=\"fusion-column-wrapper fusion-flex-justify-content-flex-start fusion-content-layout-column\" style=\"background-position:left top;background-repeat:no-repeat;-webkit-background-size:cover;-moz-background-size:cover;-o-background-size:cover;background-size:cover;padding: 0px 0px 0px 0px;\"><div class=\"fusion-text fusion-text-15\" style=\"transform:translate3d(0,0,0);\"><h5 style=\"text-align: center;\">Auxiliar de gesti\u00f3n de compras y contrataci\u00f3n<\/h5>\n<\/div><div style=\"text-align:center;\"><span class=\" fusion-imageframe imageframe-none imageframe-6 hover-type-none\" style=\"border:2px solid #e2e2e2;border-radius:8px;width:100%;max-width:160px;\"><img src=\"https:\/\/www.incliva.es\/wp-content\/uploads\/2025\/11\/raquelMoreno.jpg\" class=\"img-responsive\"\/><\/span><\/div><div class=\"fusion-separator fusion-full-width-sep\" style=\"align-self: center;margin-left: auto;margin-right: auto;margin-top:10px;width:100%;\"><\/div><div class=\"fusion-text fusion-text-16\" style=\"transform:translate3d(0,0,0);\"><p style=\"text-align: center;\">Raquel Moreno<\/p>\n<\/div><\/div><\/div><style type=\"text\/css\">.fusion-body .fusion-builder-column-7{width:20% !important;margin-top : 0px;margin-bottom : 20px;}.fusion-builder-column-7 > .fusion-column-wrapper {padding-top : 0px !important;padding-right : 0px !important;margin-right : 9.6%;padding-bottom : 0px !important;padding-left : 0px !important;margin-left : 9.6%;}@media only screen and (max-width:1532px) {.fusion-body .fusion-builder-column-7{width:20% !important;order : 0;}.fusion-builder-column-7 > .fusion-column-wrapper {margin-right : 9.6%;margin-left : 9.6%;}}@media only screen and (max-width:640px) {.fusion-body .fusion-builder-column-7{width:100% !important;order : 0;}.fusion-builder-column-7 > .fusion-column-wrapper {margin-right : 1.92%;margin-left : 1.92%;}}<\/style><\/div><style type=\"text\/css\">.fusion-body .fusion-flex-container.fusion-builder-row-2{ padding-top : 0px;margin-top : 0px;padding-right : 0px;padding-bottom : 0px;margin-bottom : 0px;padding-left : 0px;}<\/style><\/div><\/p>\n","protected":false},"excerpt":{"rendered":"","protected":false},"author":1,"featured_media":0,"parent":6330,"menu_order":0,"comment_status":"closed","ping_status":"closed","template":"","meta":[],"acf":[],"_links":{"self":[{"href":"https:\/\/tst.incliva.es\/en\/wp-json\/wp\/v2\/pages\/6340"}],"collection":[{"href":"https:\/\/tst.incliva.es\/en\/wp-json\/wp\/v2\/pages"}],"about":[{"href":"https:\/\/tst.incliva.es\/en\/wp-json\/wp\/v2\/types\/page"}],"author":[{"embeddable":true,"href":"https:\/\/tst.incliva.es\/en\/wp-json\/wp\/v2\/users\/1"}],"replies":[{"embeddable":true,"href":"https:\/\/tst.incliva.es\/en\/wp-json\/wp\/v2\/comments?post=6340"}],"version-history":[{"count":2,"href":"https:\/\/tst.incliva.es\/en\/wp-json\/wp\/v2\/pages\/6340\/revisions"}],"predecessor-version":[{"id":40162,"href":"https:\/\/tst.incliva.es\/en\/wp-json\/wp\/v2\/pages\/6340\/revisions\/40162"}],"up":[{"embeddable":true,"href":"https:\/\/tst.incliva.es\/en\/wp-json\/wp\/v2\/pages\/6330"}],"wp:attachment":[{"href":"https:\/\/tst.incliva.es\/en\/wp-json\/wp\/v2\/media?parent=6340"}],"curies":[{"name":"wp","href":"https:\/\/api.w.org\/{rel}","templated":true}]}}