{"id":6342,"date":"2020-05-28T00:14:14","date_gmt":"2020-05-27T22:14:14","guid":{"rendered":"https:\/\/tst.incliva.es\/calidad\/"},"modified":"2021-11-22T11:17:54","modified_gmt":"2021-11-22T11:17:54","slug":"calidad","status":"publish","type":"page","link":"https:\/\/tst.incliva.es\/en\/calidad\/","title":{"rendered":"CALIDAD"},"content":{"rendered":"<p><div class=\"fusion-fullwidth fullwidth-box fusion-builder-row-1 fusion-flex-container nonhundred-percent-fullwidth non-hundred-percent-height-scrolling\" style=\"background-color: rgba(255,255,255,0);background-position: center center;background-repeat: no-repeat;border-width: 0px 0px 0px 0px;border-color:#e2e2e2;border-style:solid;\" ><div class=\"fusion-builder-row fusion-row fusion-flex-align-items-flex-start\" style=\"max-width:1248px;margin-left: calc(-4% \/ 2 );margin-right: calc(-4% \/ 2 );\"><div class=\"fusion-layout-column fusion_builder_column fusion-builder-column-0 fusion_builder_column_2_3 2_3 fusion-flex-column\"><div class=\"fusion-column-wrapper fusion-flex-justify-content-flex-start fusion-content-layout-column\" style=\"background-position:left top;background-repeat:no-repeat;-webkit-background-size:cover;-moz-background-size:cover;-o-background-size:cover;background-size:cover;padding: 0px 0px 0px 0px;\"><div class=\"fusion-text fusion-text-1\" style=\"transform:translate3d(0,0,0);\"><p>INCLIVA en su compromiso con la calidad y excelencia cient\u00edfica y de gesti\u00f3n, ha estructurado las actividades de todos sus \u00e1mbitos estrat\u00e9gicos, con base en modelos de gesti\u00f3n de la calidad \u00a0con reconocimiento nacional e internacional.<\/p>\n<p>Actualmente, cuenta con las siguientes acreditaciones y certificaciones.<\/p>\n<\/div><div class=\"fusion-separator fusion-full-width-sep\" style=\"align-self: center;margin-left: auto;margin-right: auto;margin-bottom:20px;width:100%;\"><div class=\"fusion-separator-border sep-single sep-solid\" style=\"border-color:#3bafbf;border-top-width:1px;\"><\/div><\/div><div class=\"fusion-text fusion-text-2\" style=\"transform:translate3d(0,0,0);\"><h5>Acreditaci\u00f3n como Instituto de Investigaci\u00f3n Sanitaria ISCIII<\/h5>\n<p><img class=\"alignnone wp-image-3764 size-medium\" src=\"https:\/\/tst.incliva.es\/wp-content\/uploads\/2021\/01\/Logo_ISCIII1-300x104.png\" alt=\"\" width=\"300\" height=\"104\" \/><\/p>\n<p>En 2011 INCLIVA recibi\u00f3 la acreditaci\u00f3n como Instituto de Investigaci\u00f3n Sanitaria al dar cumplimiento a los requisitos establecidos por el Instituto de Salud Carlos III (ISCiii). Esta acreditaci\u00f3n ha sido renovada en los a\u00f1os 2014, 2018 y 2021 y representa:<\/p>\n<ul>\n<li>La implantaci\u00f3n de pol\u00edticas, procesos y est\u00e1ndares de reconocido prestigio, nacional e internacional al dise\u00f1o, ejecuci\u00f3n y gesti\u00f3n de la investigaci\u00f3n, en cuanto al personal investigador, metodolog\u00eda de investigaci\u00f3n, calidad cient\u00edfica y gobernanza institucional.<\/li>\n<li>La integraci\u00f3n del servicio asistencial, la investigaci\u00f3n y la formaci\u00f3n\/docencia en un entorno de alta calidad y competitividad.<\/li>\n<li>La traslaci\u00f3n de los resultados de la investigaci\u00f3n a la pr\u00e1ctica cl\u00ednica<\/li>\n<\/ul>\n<p>Para saber m\u00e1s sobre esta acreditaci\u00f3n, haga click <a href=\"https:\/\/www.isciii.es\/QueHacemos\/Financiacion\/IIS\/Paginas\/Acreditacion_y_Contacto.aspx\">aqu\u00ed<\/a>.<\/p>\n<\/div><div class=\"fusion-separator fusion-full-width-sep\" style=\"align-self: center;margin-left: auto;margin-right: auto;margin-bottom:20px;width:100%;\"><div class=\"fusion-separator-border sep-single sep-solid\" style=\"border-color:#3bafbf;border-top-width:1px;\"><\/div><\/div><div class=\"fusion-text fusion-text-3\" style=\"transform:translate3d(0,0,0);\"><h5>Certificados ISO 9001:2015 a los Sistemas de Gesti\u00f3n de la Calidad<u><\/u><\/h5>\n<p>INCLIVA cuenta con varios sistemas de gesti\u00f3n de la calidad certificados bajo el est\u00e1ndar UNE-EN-ISO 9001:2015. Su presencia en una organizaci\u00f3n tiene como objetivo asegurar su enfoque hacia el cliente, al tiempo que tiene controles internos orientados al cumplimiento de los requisitos de los productos o servicios que genera.<\/p>\n<div class=\"table-1\">\n<table width=\"50%\" align=\"center\">\n<tbody>\n<tr>\n<td align=\"left\"><a href=\"\/wp-content\/uploads\/2021\/01\/2018-2021-Certificado-9001-2015-AENOR-EGI.pdf\" target=\"_blank\" rel=\"noopener\"><img class=\"alignnone wp-image-3813 aligncenter\" src=\"https:\/\/tst.incliva.es\/wp-content\/uploads\/2021\/01\/2018-2021-Certificado-9001-2015-AENOR-EGI-164x300.jpg\" alt=\"\" width=\"82\" height=\"150\" srcset=\"https:\/\/tst.incliva.es\/wp-content\/uploads\/2021\/01\/2018-2021-Certificado-9001-2015-AENOR-EGI-164x300.jpg 164w, https:\/\/tst.incliva.es\/wp-content\/uploads\/2021\/01\/2018-2021-Certificado-9001-2015-AENOR-EGI.jpg 172w\" sizes=\"(max-width: 82px) 100vw, 82px\" \/><\/a><\/td>\n<td style=\"text-align: center;\" align=\"left\"><a href=\"\/wp-content\/uploads\/2021\/01\/2018-2021-Certificado-90012015-IQNet-EGI.pdf\" target=\"_blank\" rel=\"noopener\"><img class=\"alignnone wp-image-3812 size-thumbnail aligncenter\" src=\"https:\/\/tst.incliva.es\/wp-content\/uploads\/2021\/01\/sello-iqnet-150x150.jpg\" alt=\"\" width=\"150\" height=\"150\" srcset=\"https:\/\/tst.incliva.es\/wp-content\/uploads\/2021\/01\/sello-iqnet-66x66.jpg 66w, https:\/\/tst.incliva.es\/wp-content\/uploads\/2021\/01\/sello-iqnet-150x150.jpg 150w, https:\/\/tst.incliva.es\/wp-content\/uploads\/2021\/01\/sello-iqnet-200x200.jpg 200w, https:\/\/tst.incliva.es\/wp-content\/uploads\/2021\/01\/sello-iqnet-300x300.jpg 300w, https:\/\/tst.incliva.es\/wp-content\/uploads\/2021\/01\/sello-iqnet-400x399.jpg 400w, https:\/\/tst.incliva.es\/wp-content\/uploads\/2021\/01\/sello-iqnet.jpg 500w\" sizes=\"(max-width: 150px) 100vw, 150px\" \/><\/a><\/td>\n<\/tr>\n<\/tbody>\n<\/table>\n<\/div>\n<p><\/p>\n<div class=\"table-1\">\n<table width=\"100%\">\n<tbody>\n<tr>\n<td align=\"left\">Estructura de gesti\u00f3n (gesti\u00f3n cient\u00edfica y gesti\u00f3n econ\u00f3mica)<\/td>\n<td style=\"text-align: center;\" align=\"left\"><a href=\"https:\/\/tst.incliva.es\/wp-content\/uploads\/2021\/01\/2018-2021-Certificado-9001-2015-AENOR-EGI-1.pdf\">AENOR<\/a><\/td>\n<td style=\"text-align: center;\" align=\"left\"><a href=\"https:\/\/tst.incliva.es\/wp-content\/uploads\/2021\/01\/2018-2021-Certificado-90012015-IQNet-EGI-1.pdf\">IQNet<\/a><\/td>\n<td style=\"text-align: center;\" align=\"left\"><a href=\"https:\/\/tst.incliva.es\/wp-content\/uploads\/2021\/01\/Poli\u0301tica-de-la-calidad-EGI-2020.pdf\">Poli\u0301tica de Calidad<\/a><\/td>\n<td style=\"text-align: center;\" align=\"left\"><a href=\"https:\/\/tst.incliva.es\/wp-content\/uploads\/2021\/01\/EG-Mapa-de-procesos-20210129.pdf\">Mapa de Procesos<\/a><\/td>\n<\/tr>\n<tr>\n<td align=\"left\">Biobanco<\/td>\n<td style=\"text-align: center;\" align=\"left\"><a href=\"https:\/\/tst.incliva.es\/wp-content\/uploads\/2021\/02\/2018-2021-Certificado-AENOR-Biobanco-actualizado.pdf\" target=\"_blank\" rel=\"noopener\">AENOR<\/a><\/td>\n<td style=\"text-align: center;\" align=\"left\"><a href=\"https:\/\/tst.incliva.es\/wp-content\/uploads\/2021\/02\/2018-2021-Certificado-IQnet-Biobanco-actualizado.pdf\" target=\"_blank\" rel=\"noopener\">IQnet<\/a><\/td>\n<td style=\"text-align: center;\" align=\"left\"><a href=\"https:\/\/tst.incliva.es\/wp-content\/uploads\/2021\/02\/Politica-de-la-calidad-Biobanco-2020.pdf\" target=\"_blank\" rel=\"noopener\">Pol\u00edtica de Calidad<\/a><\/td>\n<td style=\"text-align: center;\" align=\"left\"><a href=\"https:\/\/tst.incliva.es\/wp-content\/uploads\/2021\/02\/Bb-Mapa-de-procesos-20210129.pdf\" target=\"_blank\" rel=\"noopener\">Mapa de Procesos<\/a><\/td>\n<\/tr>\n<tr>\n<td align=\"left\">Unidad de Ensayos cl\u00ednicos y Estudios Cl\u00ednicos &#8211; UICEC<\/td>\n<td style=\"text-align: center;\" align=\"left\"><a href=\"https:\/\/tst.incliva.es\/wp-content\/uploads\/2021\/02\/2020-2023-Certificado-9001-AENOR-UICEC.pdf\" target=\"_blank\" rel=\"noopener\">AENOR<\/a><\/td>\n<td style=\"text-align: center;\" align=\"left\"><a href=\"https:\/\/tst.incliva.es\/wp-content\/uploads\/2021\/02\/2020-2023-Certificado-9001-IQNet-UICEC.pdf\" target=\"_blank\" rel=\"noopener\">IQNet<\/a><\/td>\n<td style=\"text-align: center;\" align=\"left\"><a href=\"https:\/\/tst.incliva.es\/wp-content\/uploads\/2021\/02\/Politica-de-la-calidad-UICEC-2020.pdf\" target=\"_blank\" rel=\"noopener\">Pol\u00edtica de Calidad<\/a><\/td>\n<td style=\"text-align: center;\" align=\"left\"><a href=\"https:\/\/tst.incliva.es\/wp-content\/uploads\/2021\/02\/Mapa-de-procesos-UICEC-20210129.pdf\" target=\"_blank\" rel=\"noopener\">Mapa de Procesos<\/a><\/td>\n<\/tr>\n<tr>\n<td align=\"left\">Unidad de ensayos cl\u00ednicos y terapias experimentales oncol\u00f3gicos<\/td>\n<td style=\"text-align: center;\" align=\"left\"><a href=\"https:\/\/tst.incliva.es\/wp-content\/uploads\/2021\/02\/2019-2022-Certificado-9001-AENOR-EECCF1.pdf\" target=\"_blank\" rel=\"noopener\">AENOR<\/a><\/td>\n<td style=\"text-align: center;\" align=\"left\"><a href=\"https:\/\/tst.incliva.es\/wp-content\/uploads\/2021\/02\/2019-2022-Certificado-9001-IQNet-EECCF1-.pdf\" target=\"_blank\" rel=\"noopener\">IQNet<\/a><\/td>\n<td style=\"text-align: center;\" align=\"left\"><a href=\"https:\/\/tst.incliva.es\/wp-content\/uploads\/2021\/02\/Politica-de-la-calidad-U-EECC-F1-2020.pdf\" target=\"_blank\" rel=\"noopener\">Pol\u00edtica de Calidad<\/a><\/td>\n<td style=\"text-align: center;\" align=\"left\"><a href=\"https:\/\/tst.incliva.es\/wp-content\/uploads\/2021\/02\/Mapa-de-procesos-EECC-onco-F1-20210129.pdf\" target=\"_blank\" rel=\"noopener\">Mapa de Procesos<\/a><\/td>\n<\/tr>\n<tr>\n<td align=\"left\">Unidad de medicina de precisi\u00f3n<\/td>\n<td style=\"text-align: center;\" align=\"left\"><a href=\"https:\/\/tst.incliva.es\/wp-content\/uploads\/2021\/02\/2020-2023-Certificado-9001-AENOR-UMP.pdf\" target=\"_blank\" rel=\"noopener\">AENOR<\/a><\/td>\n<td style=\"text-align: center;\" align=\"left\"><a href=\"https:\/\/tst.incliva.es\/wp-content\/uploads\/2021\/02\/2020-2023-Certificado-9001-IQNet-UMP.pdf\" target=\"_blank\" rel=\"noopener\">IQNet<\/a><\/td>\n<td style=\"text-align: center;\" align=\"left\"><a href=\"https:\/\/tst.incliva.es\/wp-content\/uploads\/2021\/02\/Politica-de-la-calidad-UMP-INCLIVA.pdf\" target=\"_blank\" rel=\"noopener\">Pol\u00edtica de Calidad<\/a><\/td>\n<td style=\"text-align: center;\" align=\"left\"><a href=\"https:\/\/tst.incliva.es\/wp-content\/uploads\/2021\/02\/MP-Mapa-de-procesos_v20210129.pdf\" target=\"_blank\" rel=\"noopener\">Mapa de Procesos<\/a><\/td>\n<\/tr>\n<tr>\n<td align=\"left\">Comit\u00e9 \u00c9tico de Investigaci\u00f3n con Medicamentos (CEIm)<\/td>\n<td style=\"text-align: center;\" align=\"left\"><a href=\"https:\/\/tst.incliva.es\/wp-content\/uploads\/2021\/02\/2019-2022-Certificado-CEIm-AENOR.pdf\" target=\"_blank\" rel=\"noopener\">AENOR<\/a><\/td>\n<td style=\"text-align: center;\" align=\"left\"><a href=\"https:\/\/tst.incliva.es\/wp-content\/uploads\/2021\/02\/2019-2022-Certificado-CEIm-IQnet.pdf\" target=\"_blank\" rel=\"noopener\">IQNet<\/a><\/td>\n<td style=\"text-align: center;\" align=\"left\"><a href=\"https:\/\/tst.incliva.es\/wp-content\/uploads\/2021\/02\/Politica-de-la-calidad-CEIm-HCUV-2020.pdf\" target=\"_blank\" rel=\"noopener\">Pol\u00edtica de Calidad<\/a><\/td>\n<td style=\"text-align: center;\" align=\"left\"><a href=\"https:\/\/tst.incliva.es\/wp-content\/uploads\/2021\/02\/CEIm-Mapa-de-procesos-20210129.pdf\" target=\"_blank\" rel=\"noopener\">Mapa de Procesos<\/a><\/td>\n<\/tr>\n<\/tbody>\n<\/table>\n<\/div>\n<p><\/p>\n<p>El sistema de gesti\u00f3n de la calidad ISO 9001 es el conjunto de herramientas de gesti\u00f3n m\u00e1s difundido internacionalmente. Promueve la gesti\u00f3n permanente de los distintos elementos que intervienen de manera directa en los productos y servicios de cada unidad implicada. Por lo que el personal, los equipamientos, los m\u00e9todos de trabajo y los flujos de informaci\u00f3n se encuentran definidos y controlados.<\/p>\n<\/div><div class=\"fusion-separator fusion-full-width-sep\" style=\"align-self: center;margin-left: auto;margin-right: auto;margin-bottom:20px;width:100%;\"><div class=\"fusion-separator-border sep-single sep-solid\" style=\"border-color:#3bafbf;border-top-width:1px;\"><\/div><\/div><div class=\"fusion-text fusion-text-4\" style=\"transform:translate3d(0,0,0);\"><h5>Acreditaci\u00f3n de Estrategia de Recursos Humanos para la Investigaci\u00f3n -HRS4R<u><\/u><\/h5>\n<p>La Comisi\u00f3n Europea de Excelencia en Recursos Humanos ha acreditado que INCLIVA cumple con los principios generales de la Carta Europea de los Investigadores y el C\u00f3digo de Conducta para el Reclutamiento de los Investigadores adecuadamente a trav\u00e9s de sus pol\u00edticas, pr\u00e1cticas y procedimientos.<\/p>\n<p><a href=\"\/rrhh\/human-resources-strategy\/\"><strong><img class=\"alignnone wp-image-3445\" src=\"https:\/\/tst.incliva.es\/wp-content\/uploads\/2021\/01\/descarga.png\" alt=\"\" width=\"221\" height=\"150\" srcset=\"https:\/\/tst.incliva.es\/wp-content\/uploads\/2021\/01\/descarga-200x136.png 200w, https:\/\/tst.incliva.es\/wp-content\/uploads\/2021\/01\/descarga.png 273w\" sizes=\"(max-width: 221px) 100vw, 221px\" \/><\/strong><\/a><\/p>\n<p>Este reconocimiento proporciona a INCLIVA visibilidad y competitividad internacional al proporcionar al personal investigador un entorno de trabajo favorable y con garant\u00edas de igualdad de oportunidades, integridad \u00e9tica y equilibrio de la vida laboral.<\/p>\n<p>INCLIVA cuenta con este reconocimiento desde el a\u00f1o 2018.<\/p>\n<p>Para saber m\u00e1s sobre este sello, haga click <a href=\"\/rrhh\/\">aqu\u00ed.<\/a><\/p>\n<\/div><div class=\"fusion-separator fusion-full-width-sep\" style=\"align-self: center;margin-left: auto;margin-right: auto;margin-bottom:20px;width:100%;\"><div class=\"fusion-separator-border sep-single sep-solid\" style=\"border-color:#3bafbf;border-top-width:1px;\"><\/div><\/div><div class=\"fusion-text fusion-text-5\" style=\"transform:translate3d(0,0,0);\"><h5>Certificado UNE 16602:2014 al Sistema de Gesti\u00f3n de la Innovaci\u00f3n I+D+i<u><\/u><\/h5>\n<p>INCLIVA ha certificado su sistema de gesti\u00f3n de la innovaci\u00f3n, de acuerdo con directrices estandarizadas, que promueven el uso de buenas pr\u00e1cticas de gesti\u00f3n que permitan la oportuna identificaci\u00f3n de ideas o resultados de investigaci\u00f3n con potencial de transferencia al mercado o a la pr\u00e1ctica cl\u00ednica u organizativa habitual, realiza la planificaci\u00f3n de las etapas para su desarrollo y aplica el m\u00e9todo de protecci\u00f3n m\u00e1s adecuado, seg\u00fan el tipo de resultado obtenido. Una vez se ha alcanzado esta etapa, se promueve su aplicaci\u00f3n, transferencia o comercializaci\u00f3n.<\/p>\n<p><img class=\"alignnone wp-image-4546\" src=\"https:\/\/tst.incliva.es\/wp-content\/uploads\/2021\/02\/Marca-ER_gest_IDi_une166002_INF.jpg\" alt=\"\" width=\"150\" height=\"157\" srcset=\"https:\/\/tst.incliva.es\/wp-content\/uploads\/2021\/02\/Marca-ER_gest_IDi_une166002_INF-200x210.jpg 200w, https:\/\/tst.incliva.es\/wp-content\/uploads\/2021\/02\/Marca-ER_gest_IDi_une166002_INF-286x300.jpg 286w, https:\/\/tst.incliva.es\/wp-content\/uploads\/2021\/02\/Marca-ER_gest_IDi_une166002_INF-400x420.jpg 400w, https:\/\/tst.incliva.es\/wp-content\/uploads\/2021\/02\/Marca-ER_gest_IDi_une166002_INF-600x629.jpg 600w, https:\/\/tst.incliva.es\/wp-content\/uploads\/2021\/02\/Marca-ER_gest_IDi_une166002_INF.jpg 631w\" sizes=\"(max-width: 150px) 100vw, 150px\" \/><\/p>\n<p><a href=\"\/wp-content\/uploads\/2021\/01\/Certificado-UNE-166002-2019-2022.pdf\">Enlace a certificado<\/a>\u00a0\u00a0\u00a0\u00a0\u00a0\u00a0 <a href=\"\/wp-content\/uploads\/2021\/01\/5-Poli\u0301tica-de-Innovacio\u0301n-IIS-INCLIVA-20170914.pdf\" target=\"_blank\" rel=\"noopener\">Enlace a pol\u00edtica de I+D+i\u00a0<\/a>\u00a0 \u00a0 <a href=\"https:\/\/tst.incliva.es\/wp-content\/uploads\/2021\/02\/Vision-y-Estrategia-de-IDi.pdf\" target=\"_blank\" rel=\"noopener\">Visi\u00f3n y Estrategia de la I+D+i<\/a><\/p>\n<p>INCLIVA cuenta con este certificado desde el a\u00f1o 2017<\/p>\n<\/div><div class=\"fusion-separator fusion-full-width-sep\" style=\"align-self: center;margin-left: auto;margin-right: auto;margin-bottom:20px;width:100%;\"><div class=\"fusion-separator-border sep-single sep-solid\" style=\"border-color:#3bafbf;border-top-width:1px;\"><\/div><\/div><div class=\"fusion-text fusion-text-6\" style=\"transform:translate3d(0,0,0);\"><h5>Acreditaci\u00f3n de Investigaci\u00f3n con Buenas Pr\u00e1cticas Cl\u00ednicas<u><\/u><\/h5>\n<p>La unidad de ensayos cl\u00ednicos y terapias experimentales del servicio de oncolog\u00eda representa un volumen importante de los estudios gestionados por INCLIVA. \u00a0Desde el a\u00f1o 2018 cuenta con la acreditaci\u00f3n de Buenas Pr\u00e1cticas Cl\u00ednicas siendo la primera unidad que ha recibido esta acreditaci\u00f3n por la Conseller\u00eda de Sanitat de la Generalitat Valenciana.<\/p>\n<\/div><div class=\"fusion-separator fusion-full-width-sep\" style=\"align-self: center;margin-left: auto;margin-right: auto;margin-bottom:10px;width:100%;\"><div class=\"fusion-separator-border sep-single sep-solid\" style=\"border-color:#3bafbf;border-top-width:1px;\"><\/div><\/div><\/div><\/div><style type=\"text\/css\">.fusion-body .fusion-builder-column-0{width:66.666666666667% !important;margin-top : 0px;margin-bottom : 20px;}.fusion-builder-column-0 > .fusion-column-wrapper {padding-top : 0px !important;padding-right : 0px !important;margin-right : 2.88%;padding-bottom : 0px !important;padding-left : 0px !important;margin-left : 2.88%;}@media only screen and (max-width:1532px) {.fusion-body .fusion-builder-column-0{width:66.666666666667% !important;}.fusion-builder-column-0 > .fusion-column-wrapper {margin-right : 2.88%;margin-left : 2.88%;}}@media only screen and (max-width:640px) {.fusion-body .fusion-builder-column-0{width:100% !important;}.fusion-builder-column-0 > .fusion-column-wrapper {margin-right : 1.92%;margin-left : 1.92%;}}<\/style><div class=\"fusion-layout-column fusion_builder_column fusion-builder-column-1 fusion_builder_column_1_3 1_3 fusion-flex-column\"><div class=\"fusion-column-wrapper fusion-flex-justify-content-flex-start fusion-content-layout-column\" style=\"background-position:left top;background-repeat:no-repeat;-webkit-background-size:cover;-moz-background-size:cover;-o-background-size:cover;background-size:cover;background-color:#f9f9f9;border-width: 0 0 0 2px;border-color:#3d44ac;border-style:solid;padding: 4% 4% 4% 4%;\"><div class=\"fusion-text fusion-text-7\" style=\"transform:translate3d(0,0,0);\"><h5 style=\"text-align: center;\">Responsable<\/h5>\n<\/div><div class=\"fusion-text fusion-text-8\" style=\"transform:translate3d(0,0,0);\"><div class=\"titulo-coordinador\" style=\"text-align: center;\">Rafael Barajas Cenobio<\/div>\n<div class=\"hospital-coordinador\" style=\"text-align: center;\"><a href=\"mailto:rbarajas@incliva.es\">rbarajas@incliva.es<\/a><\/div>\n<\/div><div class=\"fusion-separator fusion-full-width-sep\" style=\"align-self: center;margin-left: auto;margin-right: auto;margin-top:10px;margin-bottom:10px;width:100%;\"><div class=\"fusion-separator-border sep-single sep-solid\" style=\"border-color:#3d44ac;border-top-width:1px;\"><\/div><\/div><div class=\"fusion-text fusion-text-9\" style=\"transform:translate3d(0,0,0);\"><div class=\"hospital-coordinador\" style=\"text-align: center;\">Tel\u00e9fono: 961 97 35 35<br \/>\nExtensi\u00f3n:\u00a0973535<\/div>\n<\/div><\/div><\/div><style type=\"text\/css\">.fusion-body .fusion-builder-column-1{width:33.333333333333% !important;margin-top : 0px;margin-bottom : 20px;}.fusion-builder-column-1 > .fusion-column-wrapper {padding-top : 4% !important;padding-right : 4% !important;margin-right : 5.76%;padding-bottom : 4% !important;padding-left : 4% !important;margin-left : 5.76%;}@media only screen and (max-width:1532px) {.fusion-body .fusion-builder-column-1{width:33.333333333333% !important;order : 0;}.fusion-builder-column-1 > .fusion-column-wrapper {margin-right : 5.76%;margin-left : 5.76%;}}@media only screen and (max-width:640px) {.fusion-body .fusion-builder-column-1{width:100% !important;order : 0;}.fusion-builder-column-1 > .fusion-column-wrapper {margin-right : 1.92%;margin-left : 1.92%;}}<\/style><\/div><style type=\"text\/css\">.fusion-body .fusion-flex-container.fusion-builder-row-1{ padding-top : 0px;margin-top : 0px;padding-right : 0px;padding-bottom : 0px;margin-bottom : 0px;padding-left : 0px;}<\/style><\/div><div class=\"fusion-fullwidth fullwidth-box fusion-builder-row-2 fusion-flex-container nonhundred-percent-fullwidth non-hundred-percent-height-scrolling\" style=\"background-color: rgba(255,255,255,0);background-position: center center;background-repeat: no-repeat;border-width: 0px 0px 0px 0px;border-color:#e2e2e2;border-style:solid;\" ><div class=\"fusion-builder-row fusion-row fusion-flex-align-items-flex-start\" style=\"max-width:1248px;margin-left: calc(-4% \/ 2 );margin-right: calc(-4% \/ 2 );\"><div class=\"fusion-layout-column fusion_builder_column fusion-builder-column-2 fusion_builder_column_1_1 1_1 fusion-flex-column\"><div class=\"fusion-column-wrapper fusion-flex-justify-content-flex-start fusion-content-layout-column\" style=\"background-position:left top;background-repeat:no-repeat;-webkit-background-size:cover;-moz-background-size:cover;-o-background-size:cover;background-size:cover;padding: 0px 0px 0px 0px;\"><div class=\"fusion-text fusion-text-10\" style=\"transform:translate3d(0,0,0);\"><p>Para comentarios o sugerencias relacionados con la calidad de nuestros servicios, puede dirigirse al correo\u00a0electr\u00f3nico\u00a0<a href=\"mailto:calidad@incliva.es\">calidad@incliva.es<\/a><\/p>\n<\/div><\/div><\/div><style type=\"text\/css\">.fusion-body .fusion-builder-column-2{width:100% !important;margin-top : 0px;margin-bottom : 20px;}.fusion-builder-column-2 > .fusion-column-wrapper {padding-top : 0px !important;padding-right : 0px !important;margin-right : 1.92%;padding-bottom : 0px !important;padding-left : 0px !important;margin-left : 1.92%;}@media only screen and (max-width:1532px) {.fusion-body .fusion-builder-column-2{width:100% !important;}.fusion-builder-column-2 > .fusion-column-wrapper {margin-right : 1.92%;margin-left : 1.92%;}}@media only screen and (max-width:640px) {.fusion-body .fusion-builder-column-2{width:100% !important;}.fusion-builder-column-2 > .fusion-column-wrapper {margin-right : 1.92%;margin-left : 1.92%;}}<\/style><\/div><style type=\"text\/css\">.fusion-body .fusion-flex-container.fusion-builder-row-2{ padding-top : 0px;margin-top : 0px;padding-right : 0px;padding-bottom : 0px;margin-bottom : 0px;padding-left : 0px;}<\/style><\/div><\/p>\n","protected":false},"excerpt":{"rendered":"","protected":false},"author":1,"featured_media":0,"parent":0,"menu_order":0,"comment_status":"closed","ping_status":"closed","template":"100-width.php","meta":[],"acf":[],"_links":{"self":[{"href":"https:\/\/tst.incliva.es\/en\/wp-json\/wp\/v2\/pages\/6342"}],"collection":[{"href":"https:\/\/tst.incliva.es\/en\/wp-json\/wp\/v2\/pages"}],"about":[{"href":"https:\/\/tst.incliva.es\/en\/wp-json\/wp\/v2\/types\/page"}],"author":[{"embeddable":true,"href":"https:\/\/tst.incliva.es\/en\/wp-json\/wp\/v2\/users\/1"}],"replies":[{"embeddable":true,"href":"https:\/\/tst.incliva.es\/en\/wp-json\/wp\/v2\/comments?post=6342"}],"version-history":[{"count":0,"href":"https:\/\/tst.incliva.es\/en\/wp-json\/wp\/v2\/pages\/6342\/revisions"}],"wp:attachment":[{"href":"https:\/\/tst.incliva.es\/en\/wp-json\/wp\/v2\/media?parent=6342"}],"curies":[{"name":"wp","href":"https:\/\/api.w.org\/{rel}","templated":true}]}}