{"id":6396,"date":"2020-12-18T06:00:07","date_gmt":"2020-12-18T06:00:07","guid":{"rendered":"https:\/\/tst.incliva.es\/que-hacemos\/grupos-de-investigacion\/"},"modified":"2022-02-10T10:23:27","modified_gmt":"2022-02-10T10:23:27","slug":"grupos-de-investigacion","status":"publish","type":"page","link":"https:\/\/tst.incliva.es\/en\/que-hacemos\/grupos-de-investigacion\/","title":{"rendered":"Research Groups"},"content":{"rendered":"<div class=\"fusion-fullwidth fullwidth-box fusion-builder-row-1 fusion-flex-container nonhundred-percent-fullwidth non-hundred-percent-height-scrolling\" style=\"background-color: rgba(255,255,255,0);background-position: center center;background-repeat: no-repeat;border-width: 0px 0px 0px 0px;border-color:#e2e2e2;border-style:solid;\" ><div class=\"fusion-builder-row fusion-row fusion-flex-align-items-flex-start\" style=\"max-width:1248px;margin-left: calc(-4% \/ 2 );margin-right: calc(-4% \/ 2 );\"><div class=\"fusion-layout-column fusion_builder_column fusion-builder-column-0 fusion_builder_column_1_1 1_1 fusion-flex-column\"><div class=\"fusion-column-wrapper fusion-flex-justify-content-flex-start fusion-content-layout-column\" style=\"background-position:left top;background-repeat:no-repeat;-webkit-background-size:cover;-moz-background-size:cover;-o-background-size:cover;background-size:cover;padding: 0px 0px 0px 0px;\"><div class=\"fusion-text fusion-text-1\" style=\"transform:translate3d(0,0,0);\"><h5 style=\"text-align: center;\">List of research groups by Area<\/h5>\n<\/div><style type=\"text\/css\">.fusion-accordian  #accordion-6396-1 .panel-title a .fa-fusion-box{ color: #ffffff;}.fusion-accordian  #accordion-6396-1 .panel-title a .fa-fusion-box:before{ font-size: 14px; width: 14px;}.fusion-accordian  #accordion-6396-1.fusion-toggle-icon-right .fusion-toggle-heading{ margin-right: 32px;}.fusion-accordian  #accordion-6396-1 .panel-title a{font-size:1,2rem;}.fusion-accordian  #accordion-6396-1 .fa-fusion-box { background-color: #212934;border-color: #212934;}.fusion-accordian  #accordion-6396-1 .panel-title a:hover, #accordion-6396-1 .fusion-toggle-boxed-mode:hover .panel-title a { color: #3bafbf;}.fusion-accordian  #accordion-6396-1 .panel-title .active .fa-fusion-box,.fusion-accordian  #accordion-6396-1 .panel-title a:hover .fa-fusion-box { background-color: #3bafbf!important;border-color: #3bafbf!important;}<\/style><div class=\"accordian fusion-accordian\"><div class=\"panel-group fusion-toggle-icon-right\" id=\"accordion-6396-1\" role=\"tablist\"><div class=\"fusion-panel panel-default\" role=\"tabpanel\"><div class=\"panel-heading\"><h4 class=\"panel-title toggle\"><a aria-expanded=\"false\" aria-selected=\"false\" aria-controls=\"84c4bc91df4d1399c\" role=\"tab\" data-toggle=\"collapse\" data-parent=\"#accordion-6396-1\" data-target=\"#84c4bc91df4d1399c\" href=\"#84c4bc91df4d1399c\"><span class=\"fusion-toggle-icon-wrapper\" aria-hidden=\"true\"><i class=\"fa-fusion-box\" aria-hidden=\"true\"><\/i><\/span><span class=\"fusion-toggle-heading\">\u00c1rea Cardiovascular<\/span><\/a><\/h4><\/div><div id=\"84c4bc91df4d1399c\" class=\"panel-collapse collapse \"><div class=\"panel-body toggle-content fusion-clearfix\">\n<div class=\"fusion-text fusion-text-2\"><\/div>\n<div class=\"fusion-text fusion-text-3\"><!--grupos cardio--><a href=\"\\grupo-de-estudio-de-riesgo-cardiometabolico-y-renal\">Grupo de Estudio de Riesgo Cardiometab\u00f3lico y Renal<\/a> (Dr. Josep Red\u00f3n i Mas)<br \/>\n<a href=\"\\grupo-de-investigacion-cardiometabolica-en-atencion-primaria\">Grupo de investigaci\u00f3n cardiometab\u00f3lica en atenci\u00f3n primaria<\/a> (Dr. Jorge Navarro P\u00e9rez)<br \/>\n<a href=\"\\grupo-de-investigacion-de-la-funcion-vascular\">Grupo de investigaci\u00f3n de la funci\u00f3n vascular<\/a> (Dr. Jos\u00e9 M\u00aa Vila Salinas)<br \/>\n<a href=\"\\grupo-de-investigacion-de-nutricion-pediatrica\">Grupo de Investigaci\u00f3n de Nutrici\u00f3n pedi\u00e1trica<\/a> (Dra. Cecilia Mart\u00ednez Costa)<br \/>\n<a href=\"\\grupo-de-investigacion-en-cardiologia-clinica\">Grupo de investigaci\u00f3n en Cardiolog\u00eda Cl\u00ednica<\/a> (Dr. Juan Sanchis For\u00e9s)<br \/>\n<a href=\"\\grupo-de-investigacion-en-celulas-endoteliales-lince\">Grupo de Investigaci\u00f3n en C\u00e9lulas Endoteliales (LINCE)<\/a> (Dr. Carlos Hermenegildo Caudevilla, Dra. Susana Novella del Campo)<br \/>\n<a href=\"\\grupo-de-investigacion-en-electrofisiologia-cardiaca-experimental\">Grupo de Investigaci\u00f3n en Electrofisiolog\u00eda cardiaca experimental<\/a> (Dr. Francisco Javier Chorro Gasc\u00f3)<br \/>\n<a href=\"\\grupo-de-investigacion-en-estudio-para-el-riesgo-cardiovascular-en-ninos-y-adolescentes\">Grupo de Investigaci\u00f3n en Estudio para el riesgo cardiovascular en ni\u00f1os y adolescentes.<\/a> (Dra. Empar Lurbe i Ferrer)<br \/>\n<a href=\"\\grupo-de-investigacion-en-insuficiencia-cardiaca\">Grupo de investigaci\u00f3n en Insuficiencia Cardiaca<\/a> (Dr. Julio N\u00fa\u00f1ez Villota) *<br \/>\n<a href=\"\\grupo-de-investigacion-sobre-riesgo-cardiometabolico-y-diabetes\">Grupo de Investigaci\u00f3n sobre Riesgo Cardiometab\u00f3lico y Diabetes<\/a> (Dr. Jos\u00e9 Tom\u00e1s Real Collado)<br \/>\n<a href=\"\\grupo-de-investigacion-traslacional-en-cardiopatia-isquemica\">Grupo de Investigaci\u00f3n Traslacional en Cardiopat\u00eda Isqu\u00e9mica<\/a> (Dr. Vicente Bod\u00ed Peris)<br \/>\n<a href=\"\\unidad-de-genomica-y-diabetes\">Unidad de Gen\u00f3mica y Diabetes<\/a> (Dr. Felipe Javier Chaves Mart\u00ednez)<br \/>\n<!--grupos cardio fin--><\/div>\n<\/div><\/div><\/div><div class=\"fusion-panel panel-default\" role=\"tabpanel\"><div class=\"panel-heading\"><h4 class=\"panel-title toggle\"><a aria-expanded=\"false\" aria-selected=\"false\" aria-controls=\"c487bf4eade4d23cf\" role=\"tab\" data-toggle=\"collapse\" data-parent=\"#accordion-6396-1\" data-target=\"#c487bf4eade4d23cf\" href=\"#c487bf4eade4d23cf\"><span class=\"fusion-toggle-icon-wrapper\" aria-hidden=\"true\"><i class=\"fa-fusion-box\" aria-hidden=\"true\"><\/i><\/span><span class=\"fusion-toggle-heading\">\u00c1rea Oncolog\u00eda<\/span><\/a><\/h4><\/div><div id=\"c487bf4eade4d23cf\" class=\"panel-collapse collapse \"><div class=\"panel-body toggle-content fusion-clearfix\">\n<div class=\"fusion-text fusion-text-7\"><!--grupos onco--><a href=\"\\grupo-de-investigacion-de-tumores-del-sistema-nervioso-central\">Grupo de Investigaci\u00f3n de Tumores del Sistema Nervioso Central<\/a> (Dr. Miguel Cerd\u00e1 Nicol\u00e1s)<br \/>\n<a href=\"\\grupo-de-investigacion-en-biologia-en-cancer-de-mama\">Grupo de Investigaci\u00f3n en Biolog\u00eda en C\u00e1ncer de mama<\/a> (Dra. Ana Lluch Hern\u00e1ndez, Dra. Pilar Eroles Asensio)<br \/>\n<a href=\"\\grupo-de-investigacion-en-cancer-colorrectal-y-nuevos-desarrollos-terapeuticos-en-tumores-solidos\">Grupo de Investigaci\u00f3n en c\u00e1ncer colorrectal y nuevos desarrollos terap\u00e9uticos en tumores s\u00f3lidos<\/a> (Dr. Andr\u00e9s Cervantes Ruip\u00e9rez)<br \/>\n<a href=\"\\grupo-de-investigacion-en-cancer-cutaneo\">Grupo de investigaci\u00f3n en c\u00e1ncer cut\u00e1neo<\/a> (Dr. Jos\u00e9 Carlos Monteagudo Castro)<br \/>\n<a href=\"\\grupo-de-investigacion-en-histopatologia-e-ingenieria-tisular\">Grupo de Investigaci\u00f3n en Histopatolog\u00eda e Ingenier\u00eda Tisular<\/a> (Dra. Carmen Carda Batalla)<br \/>\n<a href=\"\\grupo-de-investigacion-en-imagen-molecular-y-metabolomica\">Grupo de Investigaci\u00f3n en Imagen Molecular y Metabol\u00f3mica<\/a> (Dr. Daniel Monle\u00f3n Salvad\u00f3)<br \/>\n<a href=\"\\grupo-de-investigacion-en-neoplasias-de-linea-mieloide\">Grupo de investigaci\u00f3n en neoplasias de l\u00ednea mieloide<\/a> (Dra. Mar Tormo D\u00edaz)<br \/>\n<a href=\"\\grupo-de-investigacion-en-sindromes-linfoproliferativos\">Grupo de Investigaci\u00f3n en S\u00edndromes Linfoproliferativos<\/a> (Dra. M\u00aa Jos\u00e9 Terol Caster\u00e1 )<br \/>\n<a href=\"\\grupo-de-investigacion-en-trasplante-hematopoyetico\">Grupo de Investigaci\u00f3n en Trasplante Hematopoy\u00e9tico<\/a> (Dr. Carlos Solano Vercet)<br \/>\n<a href=\"\\grupo-de-investigacion-translacional-de-tumores-solidos-pediatricos\">Grupo de Investigaci\u00f3n Translacional de Tumores S\u00f3lidos Pedi\u00e1tricos<\/a> (Dr. Samuel Navarro Fos, Dra. Rosa Noguera Salv\u00e1)<br \/>\n<!--grupos onco fin--><\/div>\n<\/div><\/div><\/div><div class=\"fusion-panel panel-default\" role=\"tabpanel\"><div class=\"panel-heading\"><h4 class=\"panel-title toggle\"><a aria-expanded=\"false\" aria-selected=\"false\" aria-controls=\"a815fc12e3f40dbf3\" role=\"tab\" data-toggle=\"collapse\" data-parent=\"#accordion-6396-1\" data-target=\"#a815fc12e3f40dbf3\" href=\"#a815fc12e3f40dbf3\"><span class=\"fusion-toggle-icon-wrapper\" aria-hidden=\"true\"><i class=\"fa-fusion-box\" aria-hidden=\"true\"><\/i><\/span><span class=\"fusion-toggle-heading\">\u00c1rea Metabolismo y Da\u00f1o Org\u00e1nico<\/span><\/a><\/h4><\/div><div id=\"a815fc12e3f40dbf3\" class=\"panel-collapse collapse \"><div class=\"panel-body toggle-content fusion-clearfix\">\n<div class=\"fusion-text fusion-text-10\"><\/div>\n<div class=\"fusion-text fusion-text-11\"><!--grupos meta--><a href=\"\\grupo-de-genomica-traslacional\">Grupo de Gen\u00f3mica Traslacional<\/a> (Dr. Rub\u00e9n D Artero Allepuz)<br \/>\n<a href=\"\\grupo-de-investigacion-de-deterioro-neurologico\">Grupo de Investigaci\u00f3n de Deterioro Neurol\u00f3gico<\/a> (Dra. Carmina Montoliu F\u00e9lix)<br \/>\n<a href=\"\\grupo-de-investigacion-en-anestesiologia-y-reanimacion\">Grupo de Investigaci\u00f3n en Anestesiolog\u00eda y Reanimaci\u00f3n<\/a> (Dr. Carlos Tornero Tornero)<br \/>\n<a href=\"\\grupo-de-investigacion-en-autonomia-personal-dependencia-y-trastornos-mentales-graves\">Grupo de Investigaci\u00f3n en Autonom\u00eda Personal, Dependencia y Trastornos Mentales Graves<\/a> (Dr. Rafael Tabar\u00e9s Seisdedos)<br \/>\n<a href=\"\\grupo-de-investigacion-en-bioquimica-tisular\">Grupo de Investigaci\u00f3n en Bioqu\u00edmica Tisular<\/a> (Dr. Juan R. Vi\u00f1a Ribes)<br \/>\n<a href=\"\\grupo-de-investigacion-en-cirugia-general-y-digestiva\">Grupo de Investigaci\u00f3n en Cirug\u00eda General y Digestiva<\/a> (Dr. Joaqu\u00edn Ortega Serrano)<br \/>\n<a href=\"\\grupo-de-investigacion-en-cuidados-investenf-incliva\">Grupo de Investigaci\u00f3n en Cuidados. INVESTENF-INCLIVA<\/a> (Dra. M\u00aa Jos\u00e9 Gastaldo\u00a0Zaragoz\u00e1) **<br \/>\n<a href=\"\\grupo-de-investigacion-en-ejercicio-nutricion-y-estilo-de-vida-saludable\">Grupo de Investigaci\u00f3n en Ejercicio, Nutrici\u00f3n y Estilo de Vida Saludable<\/a> (Dra. M\u00aa Carmen G\u00f3mez Cabrera) *<br \/>\n<a href=\"\\grupo-de-investigacion-en-enfermedades-metabolicas\">Grupo de investigaci\u00f3n en Enfermedades Metab\u00f3licas <\/a> (Dra. Herminia Gonz\u00e1lez Navarro) *<br \/>\n<a href=\"\\grupo-de-investigacion-en-enfermedades-raras-respiratorias-err\">Grupo de investigaci\u00f3n en Enfermedades Raras Respiratorias (ERR)<\/a> (Dr. Francisco Das\u00ed Fern\u00e1ndez) *<br \/>\n<a href=\"\\grupo-de-investigacion-en-enfermedades-respiratorias\">Grupo de Investigaci\u00f3n en Enfermedades Respiratorias<\/a> (Dr. Jaime Signes-Costa Mi\u00f1ana)<br \/>\n<a href=\"\\grupo-de-investigacion-en-envejecimiento-saludable\">Grupo de Investigaci\u00f3n en Envejecimiento Saludable<\/a> (Dra. Consuelo Borr\u00e1s Blasco) *<br \/>\n<a href=\"\\grupo-de-investigacion-en-envejecimiento-y-ejercicio-fisico\">Grupo de investigaci\u00f3n en envejecimiento y ejercicio f\u00edsico<\/a> (Dr. Jos\u00e9 Vi\u00f1a Ribes)<br \/>\n<a href=\"\\grupo-de-investigacion-en-epigenomica-y-epigenetica-traslacional\">Grupo de Investigaci\u00f3n en epigen\u00f3mica y epigen\u00e9tica traslacional<\/a> (Dr. Jose Luis Garc\u00eda Gim\u00e9nez) *<br \/>\n<a href=\"\\grupo-de-investigacion-en-fisiopatologia-celular-y-organica-del-estres-oxidativo\">Grupo de Investigaci\u00f3n en Fisiopatolog\u00eda celular y org\u00e1nica del estr\u00e9s oxidativo<\/a> (Dr. Federico V. Pallard\u00f3 Calatayud)<br \/>\n<a href=\"\\grupo-de-investigacion-en-inflamacion\">Grupo de Investigaci\u00f3n en Inflamaci\u00f3n<\/a> (Dr. Esteban Morcillo S\u00e1nchez, Dra. M\u00aa Jes\u00fas Sanz Ferrando)<br \/>\n<a href=\"\\grupo-de-investigacion-en-patologia-oxidativa\">Grupo de Investigaci\u00f3n en Patolog\u00eda Oxidativa<\/a> (Dr. Guillermo S\u00e1ez Tormo)<br \/>\n<a href=\"\\grupo-de-investigacion-en-psiquiatria-y-enfermedades-neurodegenerativas\">Grupo de Investigaci\u00f3n en Psiquiatr\u00eda y Enfermedades Neurodegenerativas<\/a> (Dr. Julio Sanju\u00e1n Arias)<br \/>\n<a href=\"\\grupo-de-investigacion-en-receptores-nucleares-en-patologia-cardiometabolicas\">Grupo de Investigaci\u00f3n en Receptores Nucleares en Patolog\u00eda Cardiometab\u00f3licas<\/a> (Dra. Laura Piqueras Ruiz) *<br \/>\n<a href=\"\\grupo-investigacion-en-genetica-de-la-osteoporosis\">Grupo Investigaci\u00f3n en Gen\u00e9tica de la Osteoporosis<\/a> (Dr. Miguel \u00c1ngel Garc\u00eda P\u00e9rez)<br \/>\n<!--grupos meta fin--><\/div>\n<\/div><\/div><\/div><div class=\"fusion-panel panel-default\" role=\"tabpanel\"><div class=\"panel-heading\"><h4 class=\"panel-title toggle\"><a aria-expanded=\"false\" aria-selected=\"false\" aria-controls=\"bd5791d30ac231a20\" role=\"tab\" data-toggle=\"collapse\" data-parent=\"#accordion-6396-1\" data-target=\"#bd5791d30ac231a20\" href=\"#bd5791d30ac231a20\"><span class=\"fusion-toggle-icon-wrapper\" aria-hidden=\"true\"><i class=\"fa-fusion-box\" aria-hidden=\"true\"><\/i><\/span><span class=\"fusion-toggle-heading\">\u00c1rea Medicina Reproductiva<\/span><\/a><\/h4><\/div><div id=\"bd5791d30ac231a20\" class=\"panel-collapse collapse \"><div class=\"panel-body toggle-content fusion-clearfix\"><!--grupos repro--><a href=\"\\grupo-de-comunicacion-materno-fetal\">Grupo de Comunicaci\u00f3n Materno Fetal<\/a> (Dr. Felip Vilella Mitjana) *<br \/>\n<a href=\"\\grupo-de-investigacion-en-medicina-reproductiva\">Grupo de Investigaci\u00f3n en Medicina Reproductiva<\/a> (Dr. Carlos Sim\u00f3n Vall\u00e9s)<br \/>\n<a href=\"\\grupo-de-investigacion-en-salud-de-la-mujer\">Grupo de Investigaci\u00f3n en Salud de la Mujer<\/a> (Dr. Antonio Cano S\u00e1nchez)<br \/>\n<a href=\"\\grupo-de-investigacion-en-terapias-frente-a-la-endometriosis-y-el-cancer-endometrial\">Grupo de Investigaci\u00f3n en Terapias frente a la endometriosis y el cancer endometrial<\/a> (Dr. Ra\u00fal G\u00f3mez Gallego) *<br \/>\n<!--grupos repro fin--><\/div><\/div><\/div><\/div><\/div><div class=\"fusion-text fusion-text-2\" style=\"transform:translate3d(0,0,0);\"><p>* Grupo emergente<br \/>\n** Grupo asociado<\/p>\n<\/div><\/div><\/div><style type=\"text\/css\">.fusion-body .fusion-builder-column-0{width:100% !important;margin-top : 0px;margin-bottom : 20px;}.fusion-builder-column-0 > .fusion-column-wrapper {padding-top : 0px !important;padding-right : 0px !important;margin-right : 1.92%;padding-bottom : 0px !important;padding-left : 0px !important;margin-left : 1.92%;}@media only screen and (max-width:1532px) {.fusion-body .fusion-builder-column-0{width:100% !important;order : 0;}.fusion-builder-column-0 > .fusion-column-wrapper {margin-right : 1.92%;margin-left : 1.92%;}}@media only screen and (max-width:640px) {.fusion-body .fusion-builder-column-0{width:100% !important;order : 0;}.fusion-builder-column-0 > .fusion-column-wrapper {margin-right : 1.92%;margin-left : 1.92%;}}<\/style><\/div><style type=\"text\/css\">.fusion-body .fusion-flex-container.fusion-builder-row-1{ padding-top : 0px;margin-top : 0px;padding-right : 0px;padding-bottom : 0px;margin-bottom : 0px;padding-left : 0px;}<\/style><\/div>\n","protected":false},"excerpt":{"rendered":"","protected":false},"author":1,"featured_media":0,"parent":6390,"menu_order":0,"comment_status":"closed","ping_status":"closed","template":"","meta":[],"acf":[],"_links":{"self":[{"href":"https:\/\/tst.incliva.es\/en\/wp-json\/wp\/v2\/pages\/6396"}],"collection":[{"href":"https:\/\/tst.incliva.es\/en\/wp-json\/wp\/v2\/pages"}],"about":[{"href":"https:\/\/tst.incliva.es\/en\/wp-json\/wp\/v2\/types\/page"}],"author":[{"embeddable":true,"href":"https:\/\/tst.incliva.es\/en\/wp-json\/wp\/v2\/users\/1"}],"replies":[{"embeddable":true,"href":"https:\/\/tst.incliva.es\/en\/wp-json\/wp\/v2\/comments?post=6396"}],"version-history":[{"count":0,"href":"https:\/\/tst.incliva.es\/en\/wp-json\/wp\/v2\/pages\/6396\/revisions"}],"up":[{"embeddable":true,"href":"https:\/\/tst.incliva.es\/en\/wp-json\/wp\/v2\/pages\/6390"}],"wp:attachment":[{"href":"https:\/\/tst.incliva.es\/en\/wp-json\/wp\/v2\/media?parent=6396"}],"curies":[{"name":"wp","href":"https:\/\/api.w.org\/{rel}","templated":true}]}}