{"id":6404,"date":"2020-11-25T05:11:46","date_gmt":"2020-11-25T05:11:46","guid":{"rendered":"https:\/\/tst.incliva.es\/que-hacemos\/areas\/cardiovascular\/"},"modified":"2022-02-11T08:04:44","modified_gmt":"2022-02-11T08:04:44","slug":"cardiovascular","status":"publish","type":"page","link":"https:\/\/tst.incliva.es\/en\/que-hacemos\/areas\/cardiovascular\/","title":{"rendered":"Cardiovascular"},"content":{"rendered":"<p><div class=\"fusion-fullwidth fullwidth-box fusion-builder-row-1 fusion-flex-container nonhundred-percent-fullwidth non-hundred-percent-height-scrolling\" style=\"background-color: rgba(255,255,255,0);background-position: center center;background-repeat: no-repeat;border-width: 0px 0px 0px 0px;border-color:#e2e2e2;border-style:solid;\" ><div class=\"fusion-builder-row fusion-row fusion-flex-align-items-flex-start\" style=\"max-width:1248px;margin-left: calc(-4% \/ 2 );margin-right: calc(-4% \/ 2 );\"><div class=\"fusion-layout-column fusion_builder_column fusion-builder-column-0 fusion_builder_column_2_3 2_3 fusion-flex-column\"><div class=\"fusion-column-wrapper fusion-flex-justify-content-flex-start fusion-content-layout-column\" style=\"background-position:left top;background-repeat:no-repeat;-webkit-background-size:cover;-moz-background-size:cover;-o-background-size:cover;background-size:cover;padding: 0px 0px 0px 0px;\"><div class=\"fusion-text fusion-text-1\" style=\"transform:translate3d(0,0,0);\"><h3>\u00c1rea Cardiovascular<\/h3>\n<\/div><div class=\"fusion-separator fusion-full-width-sep\" style=\"align-self: center;margin-left: auto;margin-right: auto;margin-top:3px;margin-bottom:10px;width:100%;\"><div class=\"fusion-separator-border sep-single sep-solid\" style=\"border-color:#3d44ac;border-top-width:1px;\"><\/div><\/div><div class=\"fusion-text fusion-text-2\" style=\"transform:translate3d(0,0,0);\"><h5>Objetivo<\/h5>\n<p>Contribuir al estudio de los diferentes aspectos de las enfermedades cardiovasculares (ECV) desde sus or\u00edgenes hasta sus consecuencias.<\/p>\n<\/div><div class=\"fusion-separator fusion-full-width-sep\" style=\"align-self: center;margin-left: auto;margin-right: auto;margin-top:3px;margin-bottom:10px;width:100%;\"><div class=\"fusion-separator-border sep-single sep-solid\" style=\"border-color:#3d44ac;border-top-width:1px;\"><\/div><\/div><div class=\"fusion-text fusion-text-3\" style=\"transform:translate3d(0,0,0);\"><h5>Grupos<\/h5>\n<p><!--grupos--><a href=\"\\grupo-de-estudio-de-riesgo-cardiometabolico-y-renal\">Grupo de Estudio de Riesgo Cardiometab\u00f3lico y Renal<\/a> (Dr. Josep Red\u00f3n i Mas)<br \/>\n<a href=\"\\grupo-de-investigacion-cardiometabolica-en-atencion-primaria\">Grupo de investigaci\u00f3n cardiometab\u00f3lica en atenci\u00f3n primaria<\/a> (Dr. Jorge Navarro P\u00e9rez)<br \/>\n<a href=\"\\grupo-de-investigacion-de-la-funcion-vascular\">Grupo de investigaci\u00f3n de la funci\u00f3n vascular<\/a> (Dr. Jos\u00e9 M\u00aa Vila Salinas)<br \/>\n<a href=\"\\grupo-de-investigacion-de-nutricion-pediatrica\">Grupo de Investigaci\u00f3n de Nutrici\u00f3n pedi\u00e1trica<\/a> (Dra. Cecilia Mart\u00ednez Costa)<br \/>\n<a href=\"\\grupo-de-investigacion-en-cardiologia-clinica\">Grupo de investigaci\u00f3n en Cardiolog\u00eda Cl\u00ednica<\/a> (Dr. Juan Sanchis For\u00e9s)<br \/>\n<a href=\"\\grupo-de-investigacion-en-celulas-endoteliales-lince\">Grupo de Investigaci\u00f3n en C\u00e9lulas Endoteliales (LINCE)<\/a> (Dr. Carlos Hermenegildo Caudevilla, Dra. Susana Novella del Campo)<br \/>\n<a href=\"\\grupo-de-investigacion-en-electrofisiologia-cardiaca-experimental\">Grupo de Investigaci\u00f3n en Electrofisiolog\u00eda cardiaca experimental<\/a> (Dr. Francisco Javier Chorro Gasc\u00f3)<br \/>\n<a href=\"\\grupo-de-investigacion-en-estudio-para-el-riesgo-cardiovascular-en-ninos-y-adolescentes\">Grupo de Investigaci\u00f3n en Estudio para el riesgo cardiovascular en ni\u00f1os y adolescentes.<\/a> (Dra. Empar Lurbe i Ferrer)<br \/>\n<a href=\"\\grupo-de-investigacion-en-insuficiencia-cardiaca\">Grupo de investigaci\u00f3n en Insuficiencia Cardiaca<\/a> (Dr. Julio N\u00fa\u00f1ez Villota) *<br \/>\n<a href=\"\\grupo-de-investigacion-sobre-riesgo-cardiometabolico-y-diabetes\">Grupo de Investigaci\u00f3n sobre Riesgo Cardiometab\u00f3lico y Diabetes<\/a> (Dr. Jos\u00e9 Tom\u00e1s Real Collado)<br \/>\n<a href=\"\\grupo-de-investigacion-traslacional-en-cardiopatia-isquemica\">Grupo de Investigaci\u00f3n Traslacional en Cardiopat\u00eda Isqu\u00e9mica<\/a> (Dr. Vicente Bod\u00ed Peris)<br \/>\n<a href=\"\\unidad-de-genomica-y-diabetes\">Unidad de Gen\u00f3mica y Diabetes<\/a> (Dr. Felipe Javier Chaves Mart\u00ednez)<br \/>\n<!--grupos fin--><br \/>\n* Grupo emergente<\/p>\n<\/div><\/div><\/div><style type=\"text\/css\">.fusion-body .fusion-builder-column-0{width:66.666666666667% !important;margin-top : 0px;margin-bottom : 20px;}.fusion-builder-column-0 > .fusion-column-wrapper {padding-top : 0px !important;padding-right : 0px !important;margin-right : 2.88%;padding-bottom : 0px !important;padding-left : 0px !important;margin-left : 2.88%;}@media only screen and (max-width:1532px) {.fusion-body .fusion-builder-column-0{width:66.666666666667% !important;}.fusion-builder-column-0 > .fusion-column-wrapper {margin-right : 2.88%;margin-left : 2.88%;}}@media only screen and (max-width:640px) {.fusion-body .fusion-builder-column-0{width:100% !important;}.fusion-builder-column-0 > .fusion-column-wrapper {margin-right : 1.92%;margin-left : 1.92%;}}<\/style><div class=\"fusion-layout-column fusion_builder_column fusion-builder-column-1 fusion_builder_column_1_3 1_3 fusion-flex-column\"><div class=\"fusion-column-wrapper fusion-column-has-shadow fusion-flex-justify-content-flex-start fusion-content-layout-column\" style=\"background-position:left top;background-repeat:no-repeat;-webkit-background-size:cover;-moz-background-size:cover;-o-background-size:cover;background-size:cover;background-color:#f9f9f9;border-width: 0 0 0 2px;border-color:#3d44ac;border-style:solid;box-shadow:0px 0px ;;padding: 4% 4% 4% 4%;\"><div class=\"fusion-text fusion-text-4\" style=\"transform:translate3d(0,0,0);\"><h5 class=\"titulo-coordinador\" style=\"text-align: center;\">Coordinador<\/h5>\n<div class=\"nombre-coordinador\" style=\"text-align: center;\">\n<p style=\"text-align: center;\">Dr. Francisco Javier Chorro Gasc\u00f3<br \/><a class=\"link extra_email\" href=\"mailto:francisco.j.chorro@uv.es\">francisco.j.chorro@uv.es<\/a><\/p>\n<p style=\"text-align: center;\"><a class=\"fb-icon-element-1 fb-icon-element fontawesome-icon fa-address-card fas circle-no fusion-text-flow fusion-link\" style=\"font-size:32px;margin-right:16px;\" href=\"\/francisco-javier-chorro-gasco\/\" aria-label=\"Link to \/francisco-javier-chorro-gasco\/\" target=\"_self\"><\/a><style>a.fb-icon-element.fontawesome-icon.fb-icon-element-1{ color: #00bcd4;}a.fb-icon-element.fontawesome-icon.fb-icon-element-1:hover { color: #747474;}<\/style><\/div>\n<\/div><\/div><\/div><style type=\"text\/css\">.fusion-body .fusion-builder-column-1{width:33.333333333333% !important;margin-top : 0px;margin-bottom : 20px;}.fusion-builder-column-1 > .fusion-column-wrapper {padding-top : 4% !important;padding-right : 4% !important;margin-right : 5.76%;padding-bottom : 4% !important;padding-left : 4% !important;margin-left : 5.76%;}@media only screen and (max-width:1532px) {.fusion-body .fusion-builder-column-1{width:33.333333333333% !important;order : 0;}.fusion-builder-column-1 > .fusion-column-wrapper {margin-right : 5.76%;margin-left : 5.76%;}}@media only screen and (max-width:640px) {.fusion-body .fusion-builder-column-1{width:100% !important;order : 0;}.fusion-builder-column-1 > .fusion-column-wrapper {margin-right : 1.92%;margin-left : 1.92%;}}<\/style><\/div><style type=\"text\/css\">.fusion-body .fusion-flex-container.fusion-builder-row-1{ padding-top : 0px;margin-top : 0px;padding-right : 0px;padding-bottom : 0px;margin-bottom : 0px;padding-left : 0px;}<\/style><\/div><div class=\"fusion-fullwidth fullwidth-box fusion-builder-row-2 fusion-flex-container nonhundred-percent-fullwidth non-hundred-percent-height-scrolling\" style=\"background-color: rgba(255,255,255,0);background-position: center center;background-repeat: no-repeat;border-width: 0px 0px 0px 0px;border-color:#e2e2e2;border-style:solid;\" ><div class=\"fusion-builder-row fusion-row fusion-flex-align-items-flex-start\" style=\"max-width:1248px;margin-left: calc(-4% \/ 2 );margin-right: calc(-4% \/ 2 );\"><div class=\"fusion-layout-column fusion_builder_column fusion-builder-column-2 fusion_builder_column_1_3 1_3 fusion-flex-column\"><div class=\"fusion-column-wrapper fusion-flex-justify-content-flex-start fusion-content-layout-column\" style=\"background-position:left top;background-repeat:no-repeat;-webkit-background-size:cover;-moz-background-size:cover;-o-background-size:cover;background-size:cover;padding: 0px 0px 0px 0px;\"><\/div><\/div><style type=\"text\/css\">.fusion-body .fusion-builder-column-2{width:33.333333333333% !important;margin-top : 0px;margin-bottom : 20px;}.fusion-builder-column-2 > .fusion-column-wrapper {padding-top : 0px !important;padding-right : 0px !important;margin-right : 5.76%;padding-bottom : 0px !important;padding-left : 0px !important;margin-left : 5.76%;}@media only screen and (max-width:1532px) {.fusion-body .fusion-builder-column-2{width:33.333333333333% !important;order : 0;}.fusion-builder-column-2 > .fusion-column-wrapper {margin-right : 5.76%;margin-left : 5.76%;}}@media only screen and (max-width:640px) {.fusion-body .fusion-builder-column-2{width:100% !important;order : 0;}.fusion-builder-column-2 > .fusion-column-wrapper {margin-right : 1.92%;margin-left : 1.92%;}}<\/style><\/div><style type=\"text\/css\">.fusion-body .fusion-flex-container.fusion-builder-row-2{ padding-top : 0px;margin-top : 0px;padding-right : 0px;padding-bottom : 0px;margin-bottom : 0px;padding-left : 0px;}<\/style><\/div><\/p>\n","protected":false},"excerpt":{"rendered":"","protected":false},"author":1,"featured_media":0,"parent":6402,"menu_order":0,"comment_status":"closed","ping_status":"closed","template":"","meta":[],"acf":[],"_links":{"self":[{"href":"https:\/\/tst.incliva.es\/en\/wp-json\/wp\/v2\/pages\/6404"}],"collection":[{"href":"https:\/\/tst.incliva.es\/en\/wp-json\/wp\/v2\/pages"}],"about":[{"href":"https:\/\/tst.incliva.es\/en\/wp-json\/wp\/v2\/types\/page"}],"author":[{"embeddable":true,"href":"https:\/\/tst.incliva.es\/en\/wp-json\/wp\/v2\/users\/1"}],"replies":[{"embeddable":true,"href":"https:\/\/tst.incliva.es\/en\/wp-json\/wp\/v2\/comments?post=6404"}],"version-history":[{"count":0,"href":"https:\/\/tst.incliva.es\/en\/wp-json\/wp\/v2\/pages\/6404\/revisions"}],"up":[{"embeddable":true,"href":"https:\/\/tst.incliva.es\/en\/wp-json\/wp\/v2\/pages\/6402"}],"wp:attachment":[{"href":"https:\/\/tst.incliva.es\/en\/wp-json\/wp\/v2\/media?parent=6404"}],"curies":[{"name":"wp","href":"https:\/\/api.w.org\/{rel}","templated":true}]}}