{"id":6408,"date":"2020-06-03T10:19:34","date_gmt":"2020-06-03T08:19:34","guid":{"rendered":"https:\/\/tst.incliva.es\/que-hacemos\/areas\/oncologia\/"},"modified":"2022-02-11T08:05:15","modified_gmt":"2022-02-11T08:05:15","slug":"oncologia","status":"publish","type":"page","link":"https:\/\/tst.incliva.es\/en\/que-hacemos\/areas\/oncologia\/","title":{"rendered":"Oncolog\u00eda"},"content":{"rendered":"<div class=\"fusion-fullwidth fullwidth-box fusion-builder-row-1 fusion-flex-container nonhundred-percent-fullwidth non-hundred-percent-height-scrolling\" style=\"background-color: rgba(255,255,255,0);background-position: center center;background-repeat: no-repeat;border-width: 0px 0px 0px 0px;border-color:#e2e2e2;border-style:solid;\" ><div class=\"fusion-builder-row fusion-row fusion-flex-align-items-flex-start\" style=\"max-width:1248px;margin-left: calc(-4% \/ 2 );margin-right: calc(-4% \/ 2 );\"><div class=\"fusion-layout-column fusion_builder_column fusion-builder-column-0 fusion_builder_column_2_3 2_3 fusion-flex-column\"><div class=\"fusion-column-wrapper fusion-flex-justify-content-flex-start fusion-content-layout-column\" style=\"background-position:left top;background-repeat:no-repeat;-webkit-background-size:cover;-moz-background-size:cover;-o-background-size:cover;background-size:cover;padding: 0px 0px 0px 0px;\"><div class=\"fusion-text fusion-text-1\" style=\"transform:translate3d(0,0,0);\"><h3>\u00c1rea Oncolog\u00eda<\/h3>\n<\/div><div class=\"fusion-separator fusion-full-width-sep\" style=\"align-self: center;margin-left: auto;margin-right: auto;margin-top:3px;margin-bottom:10px;width:100%;\"><div class=\"fusion-separator-border sep-single sep-solid\" style=\"border-color:#3d44ac;border-top-width:1px;\"><\/div><\/div><div class=\"fusion-text fusion-text-2\" style=\"transform:translate3d(0,0,0);\"><h5>Objetivo<\/h5>\n<p>Contribuir al estudio de los diferentes aspectos de las enfermedades oncol\u00f3gicas, en la etapa de diagn\u00f3stico y caracterizaci\u00f3n molecular y en la selecci\u00f3n de blancos moleculares espec\u00edficos de inter\u00e9s terap\u00e9utico.<\/p>\n<\/div><div class=\"fusion-separator fusion-full-width-sep\" style=\"align-self: center;margin-left: auto;margin-right: auto;margin-top:3px;margin-bottom:10px;width:100%;\"><div class=\"fusion-separator-border sep-single sep-solid\" style=\"border-color:#3d44ac;border-top-width:1px;\"><\/div><\/div><div class=\"fusion-text fusion-text-3\" style=\"transform:translate3d(0,0,0);\"><h5>Grupos<\/h5>\n<p><!--grupos--><a href=\"\\grupo-de-investigacion-de-tumores-del-sistema-nervioso-central\">Grupo de Investigaci\u00f3n de Tumores del Sistema Nervioso Central<\/a> (Dr. Miguel Cerd\u00e1 Nicol\u00e1s)<br \/>\n<a href=\"\\grupo-de-investigacion-en-biologia-en-cancer-de-mama\">Grupo de Investigaci\u00f3n en Biolog\u00eda en C\u00e1ncer de mama<\/a> (Dra. Ana Lluch Hern\u00e1ndez, Dra. Pilar Eroles Asensio)<br \/>\n<a href=\"\\grupo-de-investigacion-en-cancer-colorrectal-y-nuevos-desarrollos-terapeuticos-en-tumores-solidos\">Grupo de Investigaci\u00f3n en c\u00e1ncer colorrectal y nuevos desarrollos terap\u00e9uticos en tumores s\u00f3lidos<\/a> (Dr. Andr\u00e9s Cervantes Ruip\u00e9rez)<br \/>\n<a href=\"\\grupo-de-investigacion-en-cancer-cutaneo\">Grupo de investigaci\u00f3n en c\u00e1ncer cut\u00e1neo<\/a> (Dr. Jos\u00e9 Carlos Monteagudo Castro)<br \/>\n<a href=\"\\grupo-de-investigacion-en-histopatologia-e-ingenieria-tisular\">Grupo de Investigaci\u00f3n en Histopatolog\u00eda e Ingenier\u00eda Tisular<\/a> (Dra. Carmen Carda Batalla)<br \/>\n<a href=\"\\grupo-de-investigacion-en-imagen-molecular-y-metabolomica\">Grupo de Investigaci\u00f3n en Imagen Molecular y Metabol\u00f3mica<\/a> (Dr. Daniel Monle\u00f3n Salvad\u00f3)<br \/>\n<a href=\"\\grupo-de-investigacion-en-neoplasias-de-linea-mieloide\">Grupo de investigaci\u00f3n en neoplasias de l\u00ednea mieloide<\/a> (Dra. Mar Tormo D\u00edaz)<br \/>\n<a href=\"\\grupo-de-investigacion-en-sindromes-linfoproliferativos\">Grupo de Investigaci\u00f3n en S\u00edndromes Linfoproliferativos<\/a> (Dra. M\u00aa Jos\u00e9 Terol Caster\u00e1 )<br \/>\n<a href=\"\\grupo-de-investigacion-en-trasplante-hematopoyetico\">Grupo de Investigaci\u00f3n en Trasplante Hematopoy\u00e9tico<\/a> (Dr. Carlos Solano Vercet)<br \/>\n<a href=\"\\grupo-de-investigacion-translacional-de-tumores-solidos-pediatricos\">Grupo de Investigaci\u00f3n Translacional de Tumores S\u00f3lidos Pedi\u00e1tricos<\/a> (Dr. Samuel Navarro Fos, Dra. Rosa Noguera Salv\u00e1)<br \/>\n<!--grupos fin--><\/p>\n<\/div><\/div><\/div><style type=\"text\/css\">.fusion-body .fusion-builder-column-0{width:66.666666666667% !important;margin-top : 0px;margin-bottom : 20px;}.fusion-builder-column-0 > .fusion-column-wrapper {padding-top : 0px !important;padding-right : 0px !important;margin-right : 2.88%;padding-bottom : 0px !important;padding-left : 0px !important;margin-left : 2.88%;}@media only screen and (max-width:1532px) {.fusion-body .fusion-builder-column-0{width:66.666666666667% !important;}.fusion-builder-column-0 > .fusion-column-wrapper {margin-right : 2.88%;margin-left : 2.88%;}}@media only screen and (max-width:640px) {.fusion-body .fusion-builder-column-0{width:100% !important;}.fusion-builder-column-0 > .fusion-column-wrapper {margin-right : 1.92%;margin-left : 1.92%;}}<\/style><div class=\"fusion-layout-column fusion_builder_column fusion-builder-column-1 fusion_builder_column_1_3 1_3 fusion-flex-column\"><div class=\"fusion-column-wrapper fusion-column-has-shadow fusion-flex-justify-content-flex-start fusion-content-layout-column\" style=\"background-position:left top;background-repeat:no-repeat;-webkit-background-size:cover;-moz-background-size:cover;-o-background-size:cover;background-size:cover;background-color:#f9f9f9;border-width: 0 0 0 2px;border-color:#3d44ac;border-style:solid;box-shadow:0px 0px ;;padding: 4% 4% 4% 4%;\"><div class=\"fusion-text fusion-text-4\" style=\"transform:translate3d(0,0,0);\"><h5 class=\"titulo-coordinador\" style=\"text-align: center;\">Coordinador<\/h5>\n<div class=\"nombre-coordinador\" style=\"text-align: center;\">\n<p style=\"text-align: center;\">Dr. Andr\u00e9s Cervantes Ruip\u00e9rez<br \/><a class=\"link extra_email\" href=\"mailto:andres.cervantes@uv.es\">andres.cervantes@uv.es<\/a><\/p>\n<p style=\"text-align: center;\"><a class=\"fb-icon-element-1 fb-icon-element fontawesome-icon fa-address-card fas circle-no fusion-text-flow fusion-link\" style=\"font-size:32px;margin-right:16px;\" href=\"\/andres-cervantes-ruiperez\/\" aria-label=\"Link to \/andres-cervantes-ruiperez\/\" target=\"_self\"><\/a><style>a.fb-icon-element.fontawesome-icon.fb-icon-element-1{ color: #00bcd4;}a.fb-icon-element.fontawesome-icon.fb-icon-element-1:hover { color: #747474;}<\/style><\/div>\n<\/div><\/div><\/div><style type=\"text\/css\">.fusion-body .fusion-builder-column-1{width:33.333333333333% !important;margin-top : 0px;margin-bottom : 20px;}.fusion-builder-column-1 > .fusion-column-wrapper {padding-top : 4% !important;padding-right : 4% !important;margin-right : 5.76%;padding-bottom : 4% !important;padding-left : 4% !important;margin-left : 5.76%;}@media only screen and (max-width:1532px) {.fusion-body .fusion-builder-column-1{width:33.333333333333% !important;order : 0;}.fusion-builder-column-1 > .fusion-column-wrapper {margin-right : 5.76%;margin-left : 5.76%;}}@media only screen and (max-width:640px) {.fusion-body .fusion-builder-column-1{width:100% !important;order : 0;}.fusion-builder-column-1 > .fusion-column-wrapper {margin-right : 1.92%;margin-left : 1.92%;}}<\/style><\/div><style type=\"text\/css\">.fusion-body .fusion-flex-container.fusion-builder-row-1{ padding-top : 0px;margin-top : 0px;padding-right : 0px;padding-bottom : 0px;margin-bottom : 0px;padding-left : 0px;}<\/style><\/div>\n","protected":false},"excerpt":{"rendered":"","protected":false},"author":1,"featured_media":0,"parent":6402,"menu_order":0,"comment_status":"closed","ping_status":"closed","template":"","meta":[],"acf":[],"_links":{"self":[{"href":"https:\/\/tst.incliva.es\/en\/wp-json\/wp\/v2\/pages\/6408"}],"collection":[{"href":"https:\/\/tst.incliva.es\/en\/wp-json\/wp\/v2\/pages"}],"about":[{"href":"https:\/\/tst.incliva.es\/en\/wp-json\/wp\/v2\/types\/page"}],"author":[{"embeddable":true,"href":"https:\/\/tst.incliva.es\/en\/wp-json\/wp\/v2\/users\/1"}],"replies":[{"embeddable":true,"href":"https:\/\/tst.incliva.es\/en\/wp-json\/wp\/v2\/comments?post=6408"}],"version-history":[{"count":0,"href":"https:\/\/tst.incliva.es\/en\/wp-json\/wp\/v2\/pages\/6408\/revisions"}],"up":[{"embeddable":true,"href":"https:\/\/tst.incliva.es\/en\/wp-json\/wp\/v2\/pages\/6402"}],"wp:attachment":[{"href":"https:\/\/tst.incliva.es\/en\/wp-json\/wp\/v2\/media?parent=6408"}],"curies":[{"name":"wp","href":"https:\/\/api.w.org\/{rel}","templated":true}]}}