{"id":6412,"date":"2020-12-01T10:01:18","date_gmt":"2020-12-01T10:01:18","guid":{"rendered":"https:\/\/tst.incliva.es\/que-hacemos\/areas\/metabolismo-y-dano-organico\/"},"modified":"2022-02-11T08:05:58","modified_gmt":"2022-02-11T08:05:58","slug":"metabolismo-y-dano-organico","status":"publish","type":"page","link":"https:\/\/tst.incliva.es\/en\/que-hacemos\/areas\/metabolismo-y-dano-organico\/","title":{"rendered":"Metabolismo y Da\u00f1o Org\u00e1nico."},"content":{"rendered":"<p><div class=\"fusion-fullwidth fullwidth-box fusion-builder-row-1 fusion-flex-container nonhundred-percent-fullwidth non-hundred-percent-height-scrolling\" style=\"background-color: rgba(255,255,255,0);background-position: center center;background-repeat: no-repeat;border-width: 0px 0px 0px 0px;border-color:#e2e2e2;border-style:solid;\" ><div class=\"fusion-builder-row fusion-row fusion-flex-align-items-flex-start\" style=\"max-width:1248px;margin-left: calc(-4% \/ 2 );margin-right: calc(-4% \/ 2 );\"><div class=\"fusion-layout-column fusion_builder_column fusion-builder-column-0 fusion_builder_column_2_3 2_3 fusion-flex-column\"><div class=\"fusion-column-wrapper fusion-flex-justify-content-flex-start fusion-content-layout-column\" style=\"background-position:left top;background-repeat:no-repeat;-webkit-background-size:cover;-moz-background-size:cover;-o-background-size:cover;background-size:cover;padding: 0px 0px 0px 0px;\"><div class=\"fusion-text fusion-text-1\" style=\"transform:translate3d(0,0,0);\"><h3>\u00c1rea Metabolismo y Da\u00f1o Org\u00e1nico<\/h3>\n<\/div><div class=\"fusion-separator fusion-full-width-sep\" style=\"align-self: center;margin-left: auto;margin-right: auto;margin-top:3px;margin-bottom:10px;width:100%;\"><div class=\"fusion-separator-border sep-single sep-solid\" style=\"border-color:#3d44ac;border-top-width:1px;\"><\/div><\/div><div class=\"fusion-text fusion-text-2\" style=\"transform:translate3d(0,0,0);\"><h5>Objetivo<\/h5>\n<p>Contribuir al estudio de la etiolog\u00eda, la fisiopatolog\u00eda y los mecanismos de diagn\u00f3stico o tratamiento de diversas enfermedades metab\u00f3licas; o las que generan da\u00f1os en los \u00f3rganos como un v\u00ednculo fundamental de su acci\u00f3n desencadenante.<\/p>\n<\/div><div class=\"fusion-separator fusion-full-width-sep\" style=\"align-self: center;margin-left: auto;margin-right: auto;margin-top:3px;margin-bottom:10px;width:100%;\"><div class=\"fusion-separator-border sep-single sep-solid\" style=\"border-color:#3d44ac;border-top-width:1px;\"><\/div><\/div><div class=\"fusion-text fusion-text-3\" style=\"transform:translate3d(0,0,0);\"><h5>Grupos<\/h5>\n<p><!--grupos--><a href=\"\\grupo-de-genomica-traslacional\">Grupo de Gen\u00f3mica Traslacional<\/a> (Dr. Rub\u00e9n D Artero Allepuz)<br \/>\n<a href=\"\\grupo-de-investigacion-de-deterioro-neurologico\">Grupo de Investigaci\u00f3n de Deterioro Neurol\u00f3gico<\/a> (Dra. Carmina Montoliu F\u00e9lix)<br \/>\n<a href=\"\\grupo-de-investigacion-en-anestesiologia-y-reanimacion\">Grupo de Investigaci\u00f3n en Anestesiolog\u00eda y Reanimaci\u00f3n<\/a> (Dr. Carlos Tornero Tornero)<br \/>\n<a href=\"\\grupo-de-investigacion-en-autonomia-personal-dependencia-y-trastornos-mentales-graves\">Grupo de Investigaci\u00f3n en Autonom\u00eda Personal, Dependencia y Trastornos Mentales Graves<\/a> (Dr. Rafael Tabar\u00e9s Seisdedos)<br \/>\n<a href=\"\\grupo-de-investigacion-en-bioquimica-tisular\">Grupo de Investigaci\u00f3n en Bioqu\u00edmica Tisular<\/a> (Dr. Juan R. Vi\u00f1a Ribes)<br \/>\n<a href=\"\\grupo-de-investigacion-en-cirugia-general-y-digestiva\">Grupo de Investigaci\u00f3n en Cirug\u00eda General y Digestiva<\/a> (Dr. Joaqu\u00edn Ortega Serrano)<br \/>\n<a href=\"\\grupo-de-investigacion-en-cuidados-investenf-incliva\">Grupo de Investigaci\u00f3n en Cuidados. INVESTENF-INCLIVA<\/a> (Dra. M\u00aa Jos\u00e9 Gastaldo\u00a0Zaragoz\u00e1) **<br \/>\n<a href=\"\\grupo-de-investigacion-en-ejercicio-nutricion-y-estilo-de-vida-saludable\">Grupo de Investigaci\u00f3n en Ejercicio, Nutrici\u00f3n y Estilo de Vida Saludable<\/a> (Dra. M\u00aa Carmen G\u00f3mez Cabrera) *<br \/>\n<a href=\"\\grupo-de-investigacion-en-enfermedades-metabolicas\">Grupo de investigaci\u00f3n en Enfermedades Metab\u00f3licas <\/a> (Dra. Herminia Gonz\u00e1lez Navarro) *<br \/>\n<a href=\"\\grupo-de-investigacion-en-enfermedades-raras-respiratorias-err\">Grupo de investigaci\u00f3n en Enfermedades Raras Respiratorias (ERR)<\/a> (Dr. Francisco Das\u00ed Fern\u00e1ndez) *<br \/>\n<a href=\"\\grupo-de-investigacion-en-enfermedades-respiratorias\">Grupo de Investigaci\u00f3n en Enfermedades Respiratorias<\/a> (Dr. Jaime Signes-Costa Mi\u00f1ana)<br \/>\n<a href=\"\\grupo-de-investigacion-en-envejecimiento-saludable\">Grupo de Investigaci\u00f3n en Envejecimiento Saludable<\/a> (Dra. Consuelo Borr\u00e1s Blasco) *<br \/>\n<a href=\"\\grupo-de-investigacion-en-envejecimiento-y-ejercicio-fisico\">Grupo de investigaci\u00f3n en envejecimiento y ejercicio f\u00edsico<\/a> (Dr. Jos\u00e9 Vi\u00f1a Ribes)<br \/>\n<a href=\"\\grupo-de-investigacion-en-epigenomica-y-epigenetica-traslacional\">Grupo de Investigaci\u00f3n en epigen\u00f3mica y epigen\u00e9tica traslacional<\/a> (Dr. Jose Luis Garc\u00eda Gim\u00e9nez) *<br \/>\n<a href=\"\\grupo-de-investigacion-en-fisiopatologia-celular-y-organica-del-estres-oxidativo\">Grupo de Investigaci\u00f3n en Fisiopatolog\u00eda celular y org\u00e1nica del estr\u00e9s oxidativo<\/a> (Dr. Federico V. Pallard\u00f3 Calatayud)<br \/>\n<a href=\"\\grupo-de-investigacion-en-inflamacion\">Grupo de Investigaci\u00f3n en Inflamaci\u00f3n<\/a> (Dr. Esteban Morcillo S\u00e1nchez, Dra. M\u00aa Jes\u00fas Sanz Ferrando)<br \/>\n<a href=\"\\grupo-de-investigacion-en-patologia-oxidativa\">Grupo de Investigaci\u00f3n en Patolog\u00eda Oxidativa<\/a> (Dr. Guillermo S\u00e1ez Tormo)<br \/>\n<a href=\"\\grupo-de-investigacion-en-psiquiatria-y-enfermedades-neurodegenerativas\">Grupo de Investigaci\u00f3n en Psiquiatr\u00eda y Enfermedades Neurodegenerativas<\/a> (Dr. Julio Sanju\u00e1n Arias)<br \/>\n<a href=\"\\grupo-de-investigacion-en-receptores-nucleares-en-patologia-cardiometabolicas\">Grupo de Investigaci\u00f3n en Receptores Nucleares  en Patolog\u00eda Cardiometab\u00f3licas<\/a> (Dra. Laura Piqueras Ruiz) *<br \/>\n<a href=\"\\grupo-investigacion-en-genetica-de-la-osteoporosis\">Grupo Investigaci\u00f3n en Gen\u00e9tica de la Osteoporosis<\/a> (Dr. Miguel \u00c1ngel Garc\u00eda P\u00e9rez)<br \/>\n<!--grupos fin--><br \/>\n* Grupo emergente<br \/><span style=\"background-color: rgba(255, 255, 255, 0); color: var(--body_typography-color); font-family: var(--body_typography-font-family); font-size: var(--body_typography-font-size); font-style: var(--body_typography-font-style,normal); font-weight: var(--body_typography-font-weight); letter-spacing: var(--body_typography-letter-spacing);\">** Grupo asociado<\/span><\/p>\n<\/div><\/div><\/div><style type=\"text\/css\">.fusion-body .fusion-builder-column-0{width:66.666666666667% !important;margin-top : 0px;margin-bottom : 20px;}.fusion-builder-column-0 > .fusion-column-wrapper {padding-top : 0px !important;padding-right : 0px !important;margin-right : 2.88%;padding-bottom : 0px !important;padding-left : 0px !important;margin-left : 2.88%;}@media only screen and (max-width:1532px) {.fusion-body .fusion-builder-column-0{width:66.666666666667% !important;}.fusion-builder-column-0 > .fusion-column-wrapper {margin-right : 2.88%;margin-left : 2.88%;}}@media only screen and (max-width:640px) {.fusion-body .fusion-builder-column-0{width:100% !important;}.fusion-builder-column-0 > .fusion-column-wrapper {margin-right : 1.92%;margin-left : 1.92%;}}<\/style><div class=\"fusion-layout-column fusion_builder_column fusion-builder-column-1 fusion_builder_column_1_3 1_3 fusion-flex-column\"><div class=\"fusion-column-wrapper fusion-column-has-shadow fusion-flex-justify-content-flex-start fusion-content-layout-column\" style=\"background-position:left top;background-repeat:no-repeat;-webkit-background-size:cover;-moz-background-size:cover;-o-background-size:cover;background-size:cover;background-color:#f9f9f9;border-width: 0 0 0 2px;border-color:#3d44ac;border-style:solid;box-shadow:0px 0px ;;padding: 4% 4% 4% 4%;\"><div class=\"fusion-text fusion-text-4\" style=\"transform:translate3d(0,0,0);\"><h5 class=\"titulo-coordinador\" style=\"text-align: center;\">Coordinador<\/h5>\n<div class=\"nombre-coordinador\" style=\"text-align: center;\">\n<p style=\"text-align: center;\">Dr. Jos\u00e9 Vi\u00f1a Ribes<br \/><a class=\"link extra_email\" href=\"mailto:jose.vina@uv.es\">jose.vina@uv.es<\/a><\/p>\n<p style=\"text-align: center;\"><a class=\"fb-icon-element-1 fb-icon-element fontawesome-icon fa-address-card fas circle-no fusion-text-flow fusion-link\" style=\"font-size:32px;margin-right:16px;\" href=\"\/jose-vina-ribes\/\" aria-label=\"Link to \/jose-vina-ribes\/\" target=\"_self\"><\/a><style>a.fb-icon-element.fontawesome-icon.fb-icon-element-1{ color: #00bcd4;}a.fb-icon-element.fontawesome-icon.fb-icon-element-1:hover { color: #747474;}<\/style>\n<\/div>\n<\/div><div class=\"fusion-separator fusion-full-width-sep\" style=\"align-self: center;margin-left: auto;margin-right: auto;margin-top:10px;margin-bottom:10px;width:100%;\"><div class=\"fusion-separator-border sep-single sep-solid\" style=\"border-color:#3d44ac;border-top-width:1px;\"><\/div><\/div><\/div><\/div><style type=\"text\/css\">.fusion-body .fusion-builder-column-1{width:33.333333333333% !important;margin-top : 0px;margin-bottom : 20px;}.fusion-builder-column-1 > .fusion-column-wrapper {padding-top : 4% !important;padding-right : 4% !important;margin-right : 5.76%;padding-bottom : 4% !important;padding-left : 4% !important;margin-left : 5.76%;}@media only screen and (max-width:1532px) {.fusion-body .fusion-builder-column-1{width:33.333333333333% !important;order : 0;}.fusion-builder-column-1 > .fusion-column-wrapper {margin-right : 5.76%;margin-left : 5.76%;}}@media only screen and (max-width:640px) {.fusion-body .fusion-builder-column-1{width:100% !important;order : 0;}.fusion-builder-column-1 > .fusion-column-wrapper {margin-right : 1.92%;margin-left : 1.92%;}}<\/style><\/div><style type=\"text\/css\">.fusion-body .fusion-flex-container.fusion-builder-row-1{ padding-top : 0px;margin-top : 0px;padding-right : 0px;padding-bottom : 0px;margin-bottom : 0px;padding-left : 0px;}<\/style><\/div><div class=\"fusion-fullwidth fullwidth-box fusion-builder-row-2 fusion-flex-container nonhundred-percent-fullwidth non-hundred-percent-height-scrolling\" style=\"background-color: rgba(255,255,255,0);background-position: center center;background-repeat: no-repeat;border-width: 0px 0px 0px 0px;border-color:#e2e2e2;border-style:solid;\" ><div class=\"fusion-builder-row fusion-row fusion-flex-align-items-flex-start\" style=\"max-width:1248px;margin-left: calc(-4% \/ 2 );margin-right: calc(-4% \/ 2 );\"><div class=\"fusion-layout-column fusion_builder_column fusion-builder-column-2 fusion_builder_column_1_3 1_3 fusion-flex-column\"><div class=\"fusion-column-wrapper fusion-flex-justify-content-flex-start fusion-content-layout-column\" style=\"background-position:left top;background-repeat:no-repeat;-webkit-background-size:cover;-moz-background-size:cover;-o-background-size:cover;background-size:cover;padding: 0px 0px 0px 0px;\"><\/div><\/div><style type=\"text\/css\">.fusion-body .fusion-builder-column-2{width:33.333333333333% !important;margin-top : 0px;margin-bottom : 20px;}.fusion-builder-column-2 > .fusion-column-wrapper {padding-top : 0px !important;padding-right : 0px !important;margin-right : 5.76%;padding-bottom : 0px !important;padding-left : 0px !important;margin-left : 5.76%;}@media only screen and (max-width:1532px) {.fusion-body .fusion-builder-column-2{width:33.333333333333% !important;order : 0;}.fusion-builder-column-2 > .fusion-column-wrapper {margin-right : 5.76%;margin-left : 5.76%;}}@media only screen and (max-width:640px) {.fusion-body .fusion-builder-column-2{width:100% !important;order : 0;}.fusion-builder-column-2 > .fusion-column-wrapper {margin-right : 1.92%;margin-left : 1.92%;}}<\/style><\/div><style type=\"text\/css\">.fusion-body .fusion-flex-container.fusion-builder-row-2{ padding-top : 0px;margin-top : 0px;padding-right : 0px;padding-bottom : 0px;margin-bottom : 0px;padding-left : 0px;}<\/style><\/div><\/p>\n","protected":false},"excerpt":{"rendered":"","protected":false},"author":1,"featured_media":0,"parent":6402,"menu_order":0,"comment_status":"closed","ping_status":"closed","template":"","meta":[],"acf":[],"_links":{"self":[{"href":"https:\/\/tst.incliva.es\/en\/wp-json\/wp\/v2\/pages\/6412"}],"collection":[{"href":"https:\/\/tst.incliva.es\/en\/wp-json\/wp\/v2\/pages"}],"about":[{"href":"https:\/\/tst.incliva.es\/en\/wp-json\/wp\/v2\/types\/page"}],"author":[{"embeddable":true,"href":"https:\/\/tst.incliva.es\/en\/wp-json\/wp\/v2\/users\/1"}],"replies":[{"embeddable":true,"href":"https:\/\/tst.incliva.es\/en\/wp-json\/wp\/v2\/comments?post=6412"}],"version-history":[{"count":0,"href":"https:\/\/tst.incliva.es\/en\/wp-json\/wp\/v2\/pages\/6412\/revisions"}],"up":[{"embeddable":true,"href":"https:\/\/tst.incliva.es\/en\/wp-json\/wp\/v2\/pages\/6402"}],"wp:attachment":[{"href":"https:\/\/tst.incliva.es\/en\/wp-json\/wp\/v2\/media?parent=6412"}],"curies":[{"name":"wp","href":"https:\/\/api.w.org\/{rel}","templated":true}]}}