{"id":6416,"date":"2020-12-01T10:02:29","date_gmt":"2020-12-01T10:02:29","guid":{"rendered":"https:\/\/tst.incliva.es\/que-hacemos\/areas\/medicina-reproductiva\/"},"modified":"2022-02-11T08:09:10","modified_gmt":"2022-02-11T08:09:10","slug":"medicina-reproductiva","status":"publish","type":"page","link":"https:\/\/tst.incliva.es\/en\/que-hacemos\/areas\/medicina-reproductiva\/","title":{"rendered":"Medicina Reproductiva."},"content":{"rendered":"<div class=\"fusion-fullwidth fullwidth-box fusion-builder-row-1 fusion-flex-container nonhundred-percent-fullwidth non-hundred-percent-height-scrolling\" style=\"background-color: rgba(255,255,255,0);background-position: center center;background-repeat: no-repeat;border-width: 0px 0px 0px 0px;border-color:#e2e2e2;border-style:solid;\" ><div class=\"fusion-builder-row fusion-row fusion-flex-align-items-flex-start\" style=\"max-width:1248px;margin-left: calc(-4% \/ 2 );margin-right: calc(-4% \/ 2 );\"><div class=\"fusion-layout-column fusion_builder_column fusion-builder-column-0 fusion_builder_column_2_3 2_3 fusion-flex-column\"><div class=\"fusion-column-wrapper fusion-flex-justify-content-flex-start fusion-content-layout-column\" style=\"background-position:left top;background-repeat:no-repeat;-webkit-background-size:cover;-moz-background-size:cover;-o-background-size:cover;background-size:cover;padding: 0px 0px 0px 0px;\"><div class=\"fusion-text fusion-text-1\" style=\"transform:translate3d(0,0,0);\"><h3>\u00c1rea Medicina Reproductiva<\/h3>\n<\/div><div class=\"fusion-separator fusion-full-width-sep\" style=\"align-self: center;margin-left: auto;margin-right: auto;margin-top:3px;margin-bottom:10px;width:100%;\"><div class=\"fusion-separator-border sep-single sep-solid\" style=\"border-color:#3d44ac;border-top-width:1px;\"><\/div><\/div><div class=\"fusion-text fusion-text-2\" style=\"transform:translate3d(0,0,0);\"><h5>Objetivo<\/h5>\n<p>Avanzar en el conocimiento de la reproducci\u00f3n humana para su aplicaci\u00f3n traslacional, mejorando la eficiencia del tratamiento de reproducci\u00f3n asistida y reduciendo los efectos adversos.<\/p>\n<\/div><div class=\"fusion-separator fusion-full-width-sep\" style=\"align-self: center;margin-left: auto;margin-right: auto;margin-top:3px;margin-bottom:10px;width:100%;\"><div class=\"fusion-separator-border sep-single sep-solid\" style=\"border-color:#3d44ac;border-top-width:1px;\"><\/div><\/div><div class=\"fusion-text fusion-text-3\" style=\"transform:translate3d(0,0,0);\"><h5>Grupos<\/h5>\n<p><!--grupos--><a href=\"\\grupo-de-comunicacion-materno-fetal\">Grupo de Comunicaci\u00f3n Materno Fetal<\/a> (Dr. Felip Vilella Mitjana) *<br \/>\n<a href=\"\\grupo-de-investigacion-en-medicina-reproductiva\">Grupo de Investigaci\u00f3n en Medicina Reproductiva<\/a> (Dr. Carlos Sim\u00f3n Vall\u00e9s)<br \/>\n<a href=\"\\grupo-de-investigacion-en-salud-de-la-mujer\">Grupo de Investigaci\u00f3n en Salud de la Mujer<\/a> (Dr. Antonio Cano S\u00e1nchez)<br \/>\n<a href=\"\\grupo-de-investigacion-en-terapias-frente-a-la-endometriosis-y-el-cancer-endometrial\">Grupo de Investigaci\u00f3n en Terapias frente a la endometriosis y el cancer endometrial<\/a> (Dr. Ra\u00fal G\u00f3mez Gallego) *<br \/>\n<!--grupos fin--><br \/>\n* Grupo emergente<\/p>\n<\/div><\/div><\/div><style type=\"text\/css\">.fusion-body .fusion-builder-column-0{width:66.666666666667% !important;margin-top : 0px;margin-bottom : 20px;}.fusion-builder-column-0 > .fusion-column-wrapper {padding-top : 0px !important;padding-right : 0px !important;margin-right : 2.88%;padding-bottom : 0px !important;padding-left : 0px !important;margin-left : 2.88%;}@media only screen and (max-width:1532px) {.fusion-body .fusion-builder-column-0{width:66.666666666667% !important;}.fusion-builder-column-0 > .fusion-column-wrapper {margin-right : 2.88%;margin-left : 2.88%;}}@media only screen and (max-width:640px) {.fusion-body .fusion-builder-column-0{width:100% !important;}.fusion-builder-column-0 > .fusion-column-wrapper {margin-right : 1.92%;margin-left : 1.92%;}}<\/style><div class=\"fusion-layout-column fusion_builder_column fusion-builder-column-1 fusion_builder_column_1_3 1_3 fusion-flex-column\"><div class=\"fusion-column-wrapper fusion-column-has-shadow fusion-flex-justify-content-flex-start fusion-content-layout-column\" style=\"background-position:left top;background-repeat:no-repeat;-webkit-background-size:cover;-moz-background-size:cover;-o-background-size:cover;background-size:cover;background-color:#f9f9f9;border-width: 0 0 0 2px;border-color:#3d44ac;border-style:solid;box-shadow:0px 0px ;;padding: 4% 4% 4% 4%;\"><div class=\"fusion-text fusion-text-4\" style=\"transform:translate3d(0,0,0);\"><h5 class=\"titulo-coordinador\" style=\"text-align: center;\">Coordinador<\/h5>\n<div class=\"nombre-coordinador\" style=\"text-align: center;\">\n<p style=\"text-align: center;\">Dr. Carlos Sim\u00f3n Vall\u00e9s<br \/><a class=\"link extra_email\" href=\"mailto:carlos.simon@uv.es\">carlos.simon@uv.es<\/a><\/p>\n<p style=\"text-align: center;\"><a class=\"fb-icon-element-1 fb-icon-element fontawesome-icon fa-address-card fas circle-no fusion-text-flow fusion-link\" style=\"font-size:32px;margin-right:16px;\" href=\"\/carlos-simon-valles\/\" aria-label=\"Link to \/carlos-simon-valles\/\" target=\"_self\"><\/a><style>a.fb-icon-element.fontawesome-icon.fb-icon-element-1{ color: #00bcd4;}a.fb-icon-element.fontawesome-icon.fb-icon-element-1:hover { color: #747474;}<\/style><\/div>\n<\/div><div class=\"fusion-separator fusion-full-width-sep\" style=\"align-self: center;margin-left: auto;margin-right: auto;margin-top:10px;margin-bottom:10px;width:100%;\"><div class=\"fusion-separator-border sep-single sep-solid\" style=\"border-color:#3d44ac;border-top-width:1px;\"><\/div><\/div><\/div><\/div><style type=\"text\/css\">.fusion-body .fusion-builder-column-1{width:33.333333333333% !important;margin-top : 0px;margin-bottom : 20px;}.fusion-builder-column-1 > .fusion-column-wrapper {padding-top : 4% !important;padding-right : 4% !important;margin-right : 5.76%;padding-bottom : 4% !important;padding-left : 4% !important;margin-left : 5.76%;}@media only screen and (max-width:1532px) {.fusion-body .fusion-builder-column-1{width:33.333333333333% !important;order : 0;}.fusion-builder-column-1 > .fusion-column-wrapper {margin-right : 5.76%;margin-left : 5.76%;}}@media only screen and (max-width:640px) {.fusion-body .fusion-builder-column-1{width:100% !important;order : 0;}.fusion-builder-column-1 > .fusion-column-wrapper {margin-right : 1.92%;margin-left : 1.92%;}}<\/style><\/div><style type=\"text\/css\">.fusion-body .fusion-flex-container.fusion-builder-row-1{ padding-top : 0px;margin-top : 0px;padding-right : 0px;padding-bottom : 0px;margin-bottom : 0px;padding-left : 0px;}<\/style><\/div>\n","protected":false},"excerpt":{"rendered":"","protected":false},"author":1,"featured_media":0,"parent":6402,"menu_order":0,"comment_status":"closed","ping_status":"closed","template":"","meta":[],"acf":[],"_links":{"self":[{"href":"https:\/\/tst.incliva.es\/en\/wp-json\/wp\/v2\/pages\/6416"}],"collection":[{"href":"https:\/\/tst.incliva.es\/en\/wp-json\/wp\/v2\/pages"}],"about":[{"href":"https:\/\/tst.incliva.es\/en\/wp-json\/wp\/v2\/types\/page"}],"author":[{"embeddable":true,"href":"https:\/\/tst.incliva.es\/en\/wp-json\/wp\/v2\/users\/1"}],"replies":[{"embeddable":true,"href":"https:\/\/tst.incliva.es\/en\/wp-json\/wp\/v2\/comments?post=6416"}],"version-history":[{"count":0,"href":"https:\/\/tst.incliva.es\/en\/wp-json\/wp\/v2\/pages\/6416\/revisions"}],"up":[{"embeddable":true,"href":"https:\/\/tst.incliva.es\/en\/wp-json\/wp\/v2\/pages\/6402"}],"wp:attachment":[{"href":"https:\/\/tst.incliva.es\/en\/wp-json\/wp\/v2\/media?parent=6416"}],"curies":[{"name":"wp","href":"https:\/\/api.w.org\/{rel}","templated":true}]}}