{"id":7484,"date":"2022-11-03T09:12:48","date_gmt":"2022-11-03T09:12:48","guid":{"rendered":"https:\/\/tst.incliva.es\/tu-campana-solidaria-2\/"},"modified":"2023-03-02T14:06:12","modified_gmt":"2023-03-02T14:06:12","slug":"tu-campana-solidaria-2","status":"publish","type":"page","link":"https:\/\/tst.incliva.es\/en\/tu-campana-solidaria-2\/","title":{"rendered":"Tu campa\u00f1a solidaria 2"},"content":{"rendered":"<p><div class=\"fusion-fullwidth fullwidth-box fusion-builder-row-1 fusion-flex-container hundred-percent-fullwidth non-hundred-percent-height-scrolling\" style=\"background-color: rgba(255,255,255,0);background-position: center center;background-repeat: no-repeat;border-width: 0px 0px 0px 0px;border-color:#e2e2e2;border-style:solid;\" ><div class=\"fusion-builder-row fusion-row fusion-flex-align-items-flex-start fusion-flex-justify-content-center\" style=\"width:calc( 100% + 0px ) !important;max-width:calc( 100% + 0px ) !important;margin-left: calc(-0px \/ 2 );margin-right: calc(-0px \/ 2 );\"><div class=\"fusion-layout-column fusion_builder_column fusion-builder-column-0 fusion_builder_column_1_1 1_1 fusion-flex-column fusion-flex-align-self-stretch\"><div class=\"fusion-column-wrapper fusion-flex-justify-content-center fusion-content-layout-row\" style=\"background-position:left top;background-repeat:no-repeat;-webkit-background-size:cover;-moz-background-size:cover;-o-background-size:cover;background-size:cover;padding: 0px 0px 0px 0px;\"><div class=\"fusion-builder-row fusion-builder-row-inner fusion-row fusion-flex-align-items-flex-start fusion-flex-justify-content-center\" style=\"width:calc( 100% + 0px ) !important;max-width:calc( 100% + 0px ) !important;margin-left: calc(-0px \/ 2 );margin-right: calc(-0px \/ 2 );\"><div class=\"fusion-layout-column fusion_builder_column_inner fusion-builder-nested-column-0 fusion_builder_column_inner_3_5 3_5 fusion-flex-column fusion-flex-align-self-stretch fusion-no-small-visibility fusion-no-medium-visibility\"><div class=\"fusion-column-wrapper fusion-flex-justify-content-center fusion-content-layout-row\" style=\"background-position:left top;background-repeat:no-repeat;-webkit-background-size:cover;-moz-background-size:cover;-o-background-size:cover;background-size:cover;padding: 0px 0px 0px 0px;\"><div style=\"text-align:right;\"><span class=\" fusion-imageframe imageframe-none imageframe-1 hover-type-none\"><img width=\"1200\" height=\"446\" title=\"2fondo_campanas-solidarias-1200&#215;446\" src=\"https:\/\/tst.incliva.es\/wp-content\/uploads\/2022\/11\/2fondo_campanas-solidarias-1200x446-2.png\" class=\"img-responsive wp-image-6744\" srcset=\"https:\/\/tst.incliva.es\/wp-content\/uploads\/2022\/11\/2fondo_campanas-solidarias-1200x446-2-200x74.png 200w, https:\/\/tst.incliva.es\/wp-content\/uploads\/2022\/11\/2fondo_campanas-solidarias-1200x446-2-400x149.png 400w, https:\/\/tst.incliva.es\/wp-content\/uploads\/2022\/11\/2fondo_campanas-solidarias-1200x446-2-600x223.png 600w, https:\/\/tst.incliva.es\/wp-content\/uploads\/2022\/11\/2fondo_campanas-solidarias-1200x446-2-800x297.png 800w, https:\/\/tst.incliva.es\/wp-content\/uploads\/2022\/11\/2fondo_campanas-solidarias-1200x446-2.png 1200w\" sizes=\"(max-width: 640px) 100vw, 800px\" \/><\/span><\/div><\/div><\/div><style type=\"text\/css\">.fusion-body .fusion-builder-nested-column-0{width:60% !important;margin-top : 0px;margin-bottom : 20px;}.fusion-builder-nested-column-0 > .fusion-column-wrapper {padding-top : 0px !important;padding-right : 0px !important;margin-right : 0px;padding-bottom : 0px !important;padding-left : 0px !important;margin-left : 0px;}@media only screen and (max-width:1532px) {.fusion-body .fusion-builder-nested-column-0{width:60% !important;order : 0;}.fusion-builder-nested-column-0 > .fusion-column-wrapper {margin-right : 0px;margin-left : 0px;}}@media only screen and (max-width:640px) {.fusion-body .fusion-builder-nested-column-0{width:100% !important;order : 0;}.fusion-builder-nested-column-0 > .fusion-column-wrapper {margin-right : 0px;margin-left : 0px;}}<\/style><div class=\"fusion-layout-column fusion_builder_column_inner fusion-builder-nested-column-1 fusion_builder_column_inner_2_5 2_5 fusion-flex-column fusion-flex-align-self-stretch fusion-no-small-visibility fusion-no-medium-visibility\"><div class=\"fusion-column-wrapper fusion-flex-justify-content-center fusion-content-layout-column fusion-content-nowrap\" style=\"background-position:left top;background-repeat:no-repeat;-webkit-background-size:cover;-moz-background-size:cover;-o-background-size:cover;background-size:cover;background-color:#da456a;padding: 0px 40px 0px 0px;\"><style type=\"text\/css\">@media only screen and (max-width:1532px) {.fusion-title.fusion-title-1{margin-top:10px!important;margin-bottom:15px!important;}}@media only screen and (max-width:640px) {.fusion-title.fusion-title-1{margin-top:10px!important;margin-bottom:10px!important;}}<\/style><div class=\"fusion-title title fusion-title-1 fusion-sep-none fusion-title-center fusion-title-text fusion-title-size-two fusion-animated\" style=\"margin-top:10px;margin-bottom:15px;\" data-animationType=\"fadeInRight\" data-animationDuration=\"0.3\" data-animationOffset=\"100%\"><h2 class=\"title-heading-center\" style=\"margin:0;color:#ffffff;\"><p style=\"text-align: right;\">TU CAMPA\u00d1A SOLIDARIA<\/p><\/h2><\/div><div class=\"fusion-text fusion-text-1 fusion-animated\" style=\"text-align:center;\" data-animationType=\"fadeInRight\" data-animationDuration=\"0.3\" data-animationOffset=\"100%\"><p style=\"font-size: 24px; color: #ffffff; font-weight: 300; text-align: right;\">Haz tu iniciativa realidad<\/p>\n<\/div><\/div><\/div><style type=\"text\/css\">.fusion-body .fusion-builder-nested-column-1{width:40% !important;margin-top : 0px;margin-bottom : 20px;}.fusion-builder-nested-column-1 > .fusion-column-wrapper {padding-top : 0px !important;padding-right : 40 !important;margin-right : 0px;padding-bottom : 0px !important;padding-left : 0px !important;margin-left : 0px;}@media only screen and (max-width:1532px) {.fusion-body .fusion-builder-nested-column-1{width:40% !important;order : 0;}.fusion-builder-nested-column-1 > .fusion-column-wrapper {margin-right : 0px;margin-left : 0px;}}@media only screen and (max-width:640px) {.fusion-body .fusion-builder-nested-column-1{width:100% !important;order : 0;}.fusion-builder-nested-column-1 > .fusion-column-wrapper {margin-right : 0px;margin-left : 0px;}}<\/style><\/div><div style=\"text-align:center;\"><span class=\" fusion-imageframe imageframe-none imageframe-2 hover-type-none fusion-no-large-visibility\"><img width=\"1346\" height=\"500\" title=\"fondo_investiga-corto\" src=\"https:\/\/tst.incliva.es\/wp-content\/uploads\/2022\/11\/fondo_investiga-corto.jpg\" class=\"img-responsive wp-image-6977\" srcset=\"https:\/\/tst.incliva.es\/wp-content\/uploads\/2022\/11\/fondo_investiga-corto-200x74.jpg 200w, https:\/\/tst.incliva.es\/wp-content\/uploads\/2022\/11\/fondo_investiga-corto-400x149.jpg 400w, https:\/\/tst.incliva.es\/wp-content\/uploads\/2022\/11\/fondo_investiga-corto-600x223.jpg 600w, https:\/\/tst.incliva.es\/wp-content\/uploads\/2022\/11\/fondo_investiga-corto-800x297.jpg 800w, https:\/\/tst.incliva.es\/wp-content\/uploads\/2022\/11\/fondo_investiga-corto-1200x446.jpg 1200w, https:\/\/tst.incliva.es\/wp-content\/uploads\/2022\/11\/fondo_investiga-corto.jpg 1346w\" sizes=\"(max-width: 640px) 100vw, 1346px\" \/><\/span><\/div><div class=\"fusion-builder-row fusion-builder-row-inner fusion-row fusion-flex-align-items-flex-start fusion-flex-justify-content-center\" style=\"width:calc( 100% + 0px ) !important;max-width:calc( 100% + 0px ) !important;margin-left: calc(-0px \/ 2 );margin-right: calc(-0px \/ 2 );\"><div class=\"fusion-layout-column fusion_builder_column_inner fusion-builder-nested-column-2 fusion_builder_column_inner_1_1 1_1 fusion-flex-column fusion-flex-align-self-stretch fusion-no-large-visibility\"><div class=\"fusion-column-wrapper fusion-flex-justify-content-space-evenly fusion-content-layout-column\" style=\"background-position:left top;background-repeat:no-repeat;-webkit-background-size:cover;-moz-background-size:cover;-o-background-size:cover;background-size:cover;background-color:#da456a;padding: 25px 60px 10px 60px;\"><div class=\"fusion-text fusion-text-2\" style=\"font-size:32px;transform:translate3d(0,0,0);\"><p style=\"text-align: right;\"><span style=\"color: #ffffff;\">TU CAMPA\u00d1A SOLIDARIA<\/span><\/p>\n<\/div><div class=\"fusion-text fusion-text-3\" style=\"font-size:20px;transform:translate3d(0,0,0);\"><p style=\"text-align: right;\"><span style=\"color: #ffffff;\">Haz tu iniciativa realidad<\/span><\/p>\n<\/div><\/div><\/div><style type=\"text\/css\">.fusion-body .fusion-builder-nested-column-2{width:100% !important;margin-top : 0px;margin-bottom : 20px;}.fusion-builder-nested-column-2 > .fusion-column-wrapper {padding-top : 25px !important;padding-right : 60px !important;margin-right : 0px;padding-bottom : 10px !important;padding-left : 60px !important;margin-left : 0px;}@media only screen and (max-width:1532px) {.fusion-body .fusion-builder-nested-column-2{width:100% !important;order : 0;}.fusion-builder-nested-column-2 > .fusion-column-wrapper {margin-right : 0px;margin-left : 0px;}}@media only screen and (max-width:640px) {.fusion-body .fusion-builder-nested-column-2{width:100% !important;order : 0;}.fusion-builder-nested-column-2 > .fusion-column-wrapper {margin-right : 0px;margin-left : 0px;}}<\/style><\/div><\/div><\/div><style type=\"text\/css\">.fusion-body .fusion-builder-column-0{width:100% !important;margin-top : 0px;margin-bottom : 20px;}.fusion-builder-column-0 > .fusion-column-wrapper {padding-top : 0px !important;padding-right : 0px !important;margin-right : 0px;padding-bottom : 0px !important;padding-left : 0px !important;margin-left : 0px;}@media only screen and (max-width:1532px) {.fusion-body .fusion-builder-column-0{width:100% !important;order : 0;}.fusion-builder-column-0 > .fusion-column-wrapper {margin-right : 0px;margin-left : 0px;}}@media only screen and (max-width:640px) {.fusion-body .fusion-builder-column-0{width:100% !important;order : 0;}.fusion-builder-column-0 > .fusion-column-wrapper {margin-right : 0px;margin-left : 0px;}}<\/style><\/div><style type=\"text\/css\">.fusion-body .fusion-flex-container.fusion-builder-row-1{ padding-top : 0px;margin-top : 0px;padding-right : 0px;padding-bottom : 0px;margin-bottom : 0px;padding-left : 0px;}<\/style><\/div><div class=\"fusion-fullwidth fullwidth-box fusion-builder-row-2 fusion-flex-container nonhundred-percent-fullwidth non-hundred-percent-height-scrolling\" style=\"background-color: rgba(255,255,255,0);background-position: center center;background-repeat: no-repeat;border-width: 0px 0px 0px 0px;border-color:#e2e2e2;border-style:solid;\" ><div class=\"fusion-builder-row fusion-row fusion-flex-align-items-flex-start\" style=\"max-width:1248px;margin-left: calc(-4% \/ 2 );margin-right: calc(-4% \/ 2 );\"><div class=\"fusion-layout-column fusion_builder_column fusion-builder-column-1 fusion_builder_column_1_1 1_1 fusion-flex-column\"><div class=\"fusion-column-wrapper fusion-flex-justify-content-flex-start fusion-content-layout-column\" style=\"background-position:left top;background-repeat:no-repeat;-webkit-background-size:cover;-moz-background-size:cover;-o-background-size:cover;background-size:cover;padding: 0px 0px 0px 0px;\"><div class=\"fusion-text fusion-text-4\" style=\"transform:translate3d(0,0,0);\"><div style=\"margin-top: 32px;\">\n<p style=\"text-align: center;\"><strong><span style=\"font-size: 32px; text-align: center; color: #da456a;\">TU CAMPA\u00d1A SOLIDARIA<\/span><\/strong><\/p>\n<\/div>\n<\/div><div class=\"fusion-text fusion-text-5\" style=\"font-size:18px;transform:translate3d(0,0,0);\"><div style=\"margin-top: 20px;\">\n<p>Este espacio solidario recoge iniciativas y campa\u00f1as de personas particulares, asociaciones, colectivos y entidades para recaudar fondos a favor de la investigaci\u00f3n sanitaria.<\/p>\n<p>A todos ellos queremos agradecer su contribuci\u00f3n econ\u00f3mica y su excelente labor de concienciaci\u00f3n sobre la importancia de nuestro trabajo. Si tu tambi\u00e9n crees que un futuro mejor es posible gracias a la investigaci\u00f3n, <a href=\"https:\/\/tst.incliva.es\/crea-tu-propia-campana-solidaria-2\/\">puedes crear tu propio proyecto solidario<\/a><\/p>\n<\/div>\n<\/div><div class=\"fusion-builder-row fusion-builder-row-inner fusion-row fusion-flex-align-items-flex-start\" style=\"width:104% !important;max-width:104% !important;margin-left: calc(-4% \/ 2 );margin-right: calc(-4% \/ 2 );\"><div class=\"fusion-layout-column fusion_builder_column_inner fusion-builder-nested-column-3 fusion_builder_column_inner_1_1 1_1 fusion-flex-column fusion-flex-align-self-stretch\"><div class=\"fusion-column-wrapper fusion-column-has-shadow fusion-flex-justify-content-space-evenly fusion-content-layout-column\" style=\"background-image: linear-gradient(180deg, 0%,#d891ab 100%);background-position:left top;background-repeat:no-repeat;-webkit-background-size:cover;-moz-background-size:cover;-o-background-size:cover;background-size:cover;background-color:#ffffff;box-shadow:5px 0px #da456a inset;;padding: 15px 0px 0px 0px;\"><div style=\"text-align:center;\"><span class=\" fusion-imageframe imageframe-none imageframe-3 hover-type-zoomin\" style=\"width:100%;max-width:500px;\"><a class=\"fusion-no-lightbox\" href=\"https:\/\/tst.incliva.es\/crea-tu-propia-campana-solidaria-2\/\" target=\"_self\" aria-label=\"idea\"><img width=\"704\" height=\"163\" src=\"https:\/\/tst.incliva.es\/wp-content\/uploads\/2022\/11\/idea.png\" class=\"img-responsive wp-image-7008\" srcset=\"https:\/\/tst.incliva.es\/wp-content\/uploads\/2022\/11\/idea-200x46.png 200w, https:\/\/tst.incliva.es\/wp-content\/uploads\/2022\/11\/idea-400x93.png 400w, https:\/\/tst.incliva.es\/wp-content\/uploads\/2022\/11\/idea-600x139.png 600w, https:\/\/tst.incliva.es\/wp-content\/uploads\/2022\/11\/idea.png 704w\" sizes=\"(max-width: 640px) 100vw, 704px\" \/><\/a><\/span><\/div><\/div><\/div><style type=\"text\/css\">.fusion-body .fusion-builder-nested-column-3{width:100% !important;margin-top : 20px;margin-bottom : 20px;}.fusion-builder-nested-column-3 > .fusion-column-wrapper {padding-top : 15 !important;padding-right : 0px !important;margin-right : 1.92%;padding-bottom : 0px !important;padding-left : 0px !important;margin-left : 1.92%;}@media only screen and (max-width:1532px) {.fusion-body .fusion-builder-nested-column-3{width:100% !important;order : 0;}.fusion-builder-nested-column-3 > .fusion-column-wrapper {margin-right : 1.92%;margin-left : 1.92%;}}@media only screen and (max-width:640px) {.fusion-body .fusion-builder-nested-column-3{width:100% !important;order : 0;}.fusion-builder-nested-column-3 > .fusion-column-wrapper {margin-right : 1.92%;margin-left : 1.92%;}}<\/style><\/div><div class=\"fusion-separator fusion-full-width-sep\" style=\"align-self: center;margin-left: auto;margin-right: auto;margin-top:40px;width:100%;\"><\/div><div class=\"fusion-builder-row fusion-builder-row-inner fusion-row fusion-flex-align-items-flex-start\" style=\"width:104% !important;max-width:104% !important;margin-left: calc(-4% \/ 2 );margin-right: calc(-4% \/ 2 );\"><div class=\"fusion-layout-column fusion_builder_column_inner fusion-builder-nested-column-4 fusion_builder_column_inner_1_3 1_3 fusion-flex-column\"><div class=\"fusion-column-wrapper fusion-column-has-shadow fusion-flex-justify-content-flex-start fusion-content-layout-column\" style=\"background-position:left top;background-repeat:no-repeat;-webkit-background-size:cover;-moz-background-size:cover;-o-background-size:cover;background-size:cover;box-shadow:5px 0px #da456a inset;;padding: 0px 0px 0px 0px;\"><div class=\"fusion-text fusion-text-6\" style=\"transform:translate3d(0,0,0);\"><div style=\"margin: 0 0 20px 5px;\">\n<p><a href=\"\/tu-campana-solidaria-2\/campana-solidaria-triple-reto\/\"><img class=\"alignnone wp-image-6647 size-full\" src=\"https:\/\/tst.incliva.es\/wp-content\/uploads\/2022\/11\/Screenshot_24.png\" alt=\"\" width=\"559\" height=\"468\" srcset=\"https:\/\/tst.incliva.es\/wp-content\/uploads\/2022\/11\/Screenshot_24-200x167.png 200w, https:\/\/tst.incliva.es\/wp-content\/uploads\/2022\/11\/Screenshot_24-300x251.png 300w, https:\/\/tst.incliva.es\/wp-content\/uploads\/2022\/11\/Screenshot_24-400x335.png 400w, https:\/\/tst.incliva.es\/wp-content\/uploads\/2022\/11\/Screenshot_24.png 559w\" sizes=\"(max-width: 559px) 100vw, 559px\" \/><\/a><\/p>\n<div style=\"position: relative; height: 36px; margin: -57px 0 0 0; padding: 6px; background: rgba(0, 0, 0, 0.6); z-index: 1;\">\n<p id=\"campana-solidaria-triple-reto\" style=\"font-weight: bold; margin: 0 0 0 5px; text-align: left; color: #ffffff; font-size: 24px; text-shadow: 2px 2px 4px black;\">12.500\u20ac<\/p>\n<p style=\"margin: -26px 0 0 5px; text-align: right; color: #ffffff; font-size: 18px; text-shadow: 2px 2px 4px black;\">Campa\u00f1a anual<\/p>\n<\/div>\n<\/div>\n<\/div><div class=\"fusion-text fusion-text-7\" style=\"font-size:18px;transform:translate3d(0,0,0);\"><p style=\"text-align: center;\"><strong><a href=\"\/tu-campana-solidaria-2\/campana-solidaria-triple-reto\/\"><span style=\"color: #e91e63;\">Asociaci\u00f3n las Triples<\/span><\/a><\/strong><br \/>\n<a href=\"\/tu-campana-solidaria-2\/campana-solidaria-triple-reto\/\"><span style=\"color: #000000;\">Triple Reto<\/span><\/a><\/p>\n<\/div><\/div><\/div><style type=\"text\/css\">.fusion-body .fusion-builder-nested-column-4{width:33.333333333333% !important;margin-top : 0px;margin-bottom : 20px;}.fusion-builder-nested-column-4 > .fusion-column-wrapper {padding-top : 0px !important;padding-right : 0px !important;margin-right : 5.76%;padding-bottom : 0px !important;padding-left : 0px !important;margin-left : 5.76%;}@media only screen and (max-width:1532px) {.fusion-body .fusion-builder-nested-column-4{width:33.333333333333% !important;order : 0;}.fusion-builder-nested-column-4 > .fusion-column-wrapper {margin-right : 5.76%;margin-left : 5.76%;}}@media only screen and (max-width:640px) {.fusion-body .fusion-builder-nested-column-4{width:100% !important;order : 0;}.fusion-builder-nested-column-4 > .fusion-column-wrapper {margin-right : 1.92%;margin-left : 1.92%;}}<\/style><style type=\"text\/css\">.fusion-builder-nested-column-4{filter: invert(0%);transition: filter 0.3s ease;}.fusion-builder-nested-column-4:hover{filter: invert(10%);}<\/style><div class=\"fusion-layout-column fusion_builder_column_inner fusion-builder-nested-column-5 fusion_builder_column_inner_1_3 1_3 fusion-flex-column\"><div class=\"fusion-column-wrapper fusion-column-has-shadow fusion-flex-justify-content-flex-start fusion-content-layout-column\" style=\"background-position:left top;background-repeat:no-repeat;-webkit-background-size:cover;-moz-background-size:cover;-o-background-size:cover;background-size:cover;box-shadow:5px 0px #da456a inset;;padding: 0px 0px 0px 0px;\"><div class=\"fusion-text fusion-text-8\" style=\"transform:translate3d(0,0,0);\"><div style=\"margin: 0 0 20px 5px;\">\n<p><a href=\"https:\/\/tst.incliva.es\/tu-campana-solidaria-2\/campana-solidaria-de-prueba\/\"><img class=\"alignnone wp-image-2511 size-full\" src=\"https:\/\/tst.incliva.es\/wp-content\/uploads\/2020\/12\/INCLIVA_FAMILIA-1-e1677765901537.jpg\" alt=\"\" width=\"1099\" height=\"923\" srcset=\"https:\/\/tst.incliva.es\/wp-content\/uploads\/2020\/12\/INCLIVA_FAMILIA-1-e1677765901537-200x168.jpg 200w, https:\/\/tst.incliva.es\/wp-content\/uploads\/2020\/12\/INCLIVA_FAMILIA-1-e1677765901537-300x252.jpg 300w, https:\/\/tst.incliva.es\/wp-content\/uploads\/2020\/12\/INCLIVA_FAMILIA-1-e1677765901537-400x336.jpg 400w, https:\/\/tst.incliva.es\/wp-content\/uploads\/2020\/12\/INCLIVA_FAMILIA-1-e1677765901537-600x504.jpg 600w, https:\/\/tst.incliva.es\/wp-content\/uploads\/2020\/12\/INCLIVA_FAMILIA-1-e1677765901537-768x645.jpg 768w, https:\/\/tst.incliva.es\/wp-content\/uploads\/2020\/12\/INCLIVA_FAMILIA-1-e1677765901537-800x672.jpg 800w, https:\/\/tst.incliva.es\/wp-content\/uploads\/2020\/12\/INCLIVA_FAMILIA-1-e1677765901537-1024x860.jpg 1024w, https:\/\/tst.incliva.es\/wp-content\/uploads\/2020\/12\/INCLIVA_FAMILIA-1-e1677765901537.jpg 1099w\" sizes=\"(max-width: 1099px) 100vw, 1099px\" \/><\/a><\/p>\n<div style=\"position: relative; height: 36px; margin: -57px 0 0 0; padding: 6px; background: rgba(0, 0, 0, 0.6); z-index: 1;\">\n<p id=\"campana-solidaria-de-prueba\" style=\"font-weight: bold; margin: 0 0 0 5px; text-align: left; color: #ffffff; font-size: 24px; text-shadow: 2px 2px 4px black;\">12.500\u20ac<\/p>\n<p style=\"margin: -26px 0 0 5px; text-align: right; color: #ffffff; font-size: 18px; text-shadow: 2px 2px 4px black;\">2023-2024<\/p>\n<\/div>\n<\/div>\n<\/div><div class=\"fusion-text fusion-text-9\" style=\"font-size:18px;transform:translate3d(0,0,0);\"><p style=\"text-align: center;\"><strong><a href=\"https:\/\/tst.incliva.es\/tu-campana-solidaria-2\/campana-solidaria-de-prueba\/\"><span style=\"color: #e91e63;\">Asociaci\u00f3n de Prueba<\/span><\/a><\/strong><br \/>\n<a href=\"https:\/\/tst.incliva.es\/tu-campana-solidaria-2\/campana-solidaria-de-prueba\/\"><span style=\"color: #000000;\">Campa\u00f1a de Prueba<\/span><\/a><\/p>\n<\/div><\/div><\/div><style type=\"text\/css\">.fusion-body .fusion-builder-nested-column-5{width:33.333333333333% !important;margin-top : 0px;margin-bottom : 20px;}.fusion-builder-nested-column-5 > .fusion-column-wrapper {padding-top : 0px !important;padding-right : 0px !important;margin-right : 5.76%;padding-bottom : 0px !important;padding-left : 0px !important;margin-left : 5.76%;}@media only screen and (max-width:1532px) {.fusion-body .fusion-builder-nested-column-5{width:33.333333333333% !important;order : 0;}.fusion-builder-nested-column-5 > .fusion-column-wrapper {margin-right : 5.76%;margin-left : 5.76%;}}@media only screen and (max-width:640px) {.fusion-body .fusion-builder-nested-column-5{width:100% !important;order : 0;}.fusion-builder-nested-column-5 > .fusion-column-wrapper {margin-right : 1.92%;margin-left : 1.92%;}}<\/style><style type=\"text\/css\">.fusion-builder-nested-column-5{filter: invert(0%);transition: filter 0.3s ease;}.fusion-builder-nested-column-5:hover{filter: invert(10%);}<\/style><div class=\"fusion-layout-column fusion_builder_column_inner fusion-builder-nested-column-6 fusion_builder_column_inner_1_3 1_3 fusion-flex-column fusion-flex-align-self-stretch fusion-column-inner-bg-wrapper\"><div class=\"fusion-column-wrapper fusion-flex-justify-content-center fusion-content-layout-column\" style=\"padding: 0px 0px 0px 0px;\"><div class=\"fusion-text fusion-text-10\" style=\"font-size:24px;color:#ffffff;transform:translate3d(0,0,0);\"><p style=\"text-align: center; padding: 20px 20px 0 20px;\">\u00a1Convierte tu idea en solidaria!<\/p>\n<p style=\"text-align: center; padding: 0 20px 20px 20px;\">M\u00e1s informaci\u00f3n<\/p>\n<\/div><\/div><span class=\"fusion-column-inner-bg hover-type-zoomin\"><a href=\"https:\/\/tst.incliva.es\/crea-tu-propia-campana-solidaria-2\/\"><span class=\"fusion-column-inner-bg-image\" style=\"background-color:#da456a;background-position:left top;background-repeat:no-repeat;-webkit-background-size:cover;-moz-background-size:cover;-o-background-size:cover;background-size:cover;\"><\/span><\/a><\/span><\/div><style type=\"text\/css\">.fusion-body .fusion-builder-nested-column-6{width:33.333333333333% !important;margin-top : 0px;margin-bottom : 100px;}.fusion-builder-nested-column-6 > .fusion-column-wrapper {padding-top : 0px !important;padding-right : 0px !important;margin-right : 5.76%;padding-bottom : 0px !important;padding-left : 0px !important;margin-left : 5.76%;}.fusion-flex-container .fusion-row .fusion-builder-nested-column-6 > .fusion-column-inner-bg { margin-right:5.76%;margin-left:5.76%; }@media only screen and (max-width:1532px) {.fusion-body .fusion-builder-nested-column-6{width:33.333333333333% !important;order : 0;}.fusion-builder-nested-column-6 > .fusion-column-wrapper {margin-right : 5.76%;margin-left : 5.76%;}.fusion-flex-container .fusion-row .fusion-builder-nested-column-6 > .fusion-column-inner-bg { margin-right:5.76%;margin-left:5.76%; }}@media only screen and (max-width:640px) {.fusion-body .fusion-builder-nested-column-6{width:100% !important;order : 0;}.fusion-builder-nested-column-6 > .fusion-column-wrapper {margin-right : 1.92%;margin-left : 1.92%;}.fusion-flex-container .fusion-row .fusion-builder-nested-column-6 > .fusion-column-inner-bg { margin-right:1.92%;margin-left:1.92%; }}<\/style><style type=\"text\/css\">.fusion-builder-nested-column-6{filter: contrast(100%);transition: filter 0.3s ease;}.fusion-builder-nested-column-6:hover{filter: contrast(125%);}<\/style><\/div><div class=\"fusion-separator fusion-full-width-sep\" style=\"align-self: center;margin-left: auto;margin-right: auto;margin-top:40px;width:100%;\"><\/div><script type=\"text\/javascript\" src=\"\/donacion2023\/contadores.js?02032023001\"><\/script>\n<\/div><\/div><style type=\"text\/css\">.fusion-body .fusion-builder-column-1{width:100% !important;margin-top : 0px;margin-bottom : 20px;}.fusion-builder-column-1 > .fusion-column-wrapper {padding-top : 0px !important;padding-right : 0px !important;margin-right : 1.92%;padding-bottom : 0px !important;padding-left : 0px !important;margin-left : 1.92%;}@media only screen and (max-width:1532px) {.fusion-body .fusion-builder-column-1{width:100% !important;order : 0;}.fusion-builder-column-1 > .fusion-column-wrapper {margin-right : 1.92%;margin-left : 1.92%;}}@media only screen and (max-width:640px) {.fusion-body .fusion-builder-column-1{width:100% !important;order : 0;}.fusion-builder-column-1 > .fusion-column-wrapper {margin-right : 1.92%;margin-left : 1.92%;}}<\/style><\/div><style type=\"text\/css\">.fusion-body .fusion-flex-container.fusion-builder-row-2{ padding-top : 0px;margin-top : 0px;padding-right : 0px;padding-bottom : 0px;margin-bottom : 0px;padding-left : 0px;}<\/style><\/div><\/p>\n","protected":false},"excerpt":{"rendered":"","protected":false},"author":12,"featured_media":0,"parent":0,"menu_order":0,"comment_status":"closed","ping_status":"closed","template":"","meta":[],"acf":[],"_links":{"self":[{"href":"https:\/\/tst.incliva.es\/en\/wp-json\/wp\/v2\/pages\/7484"}],"collection":[{"href":"https:\/\/tst.incliva.es\/en\/wp-json\/wp\/v2\/pages"}],"about":[{"href":"https:\/\/tst.incliva.es\/en\/wp-json\/wp\/v2\/types\/page"}],"author":[{"embeddable":true,"href":"https:\/\/tst.incliva.es\/en\/wp-json\/wp\/v2\/users\/12"}],"replies":[{"embeddable":true,"href":"https:\/\/tst.incliva.es\/en\/wp-json\/wp\/v2\/comments?post=7484"}],"version-history":[{"count":7,"href":"https:\/\/tst.incliva.es\/en\/wp-json\/wp\/v2\/pages\/7484\/revisions"}],"predecessor-version":[{"id":7504,"href":"https:\/\/tst.incliva.es\/en\/wp-json\/wp\/v2\/pages\/7484\/revisions\/7504"}],"wp:attachment":[{"href":"https:\/\/tst.incliva.es\/en\/wp-json\/wp\/v2\/media?parent=7484"}],"curies":[{"name":"wp","href":"https:\/\/api.w.org\/{rel}","templated":true}]}}