{"id":7520,"date":"2025-04-10T09:06:04","date_gmt":"2025-04-10T09:06:04","guid":{"rendered":"https:\/\/tst.incliva.es\/?page_id=7520"},"modified":"2025-04-10T09:06:04","modified_gmt":"2025-04-10T09:06:04","slug":"miguel-angel-garcia-perez","status":"publish","type":"page","link":"https:\/\/tst.incliva.es\/en\/miguel-angel-garcia-perez\/","title":{"rendered":"Miguel \u00c1ngel Garc\u00eda P\u00e9rez"},"content":{"rendered":"<p><div class=\"fusion-fullwidth fullwidth-box fusion-builder-row-1 fusion-flex-container fusion-parallax-none nonhundred-percent-fullwidth non-hundred-percent-height-scrolling\" style=\"background-color: #ededed;background-image: url(&quot;https:\/\/www.incliva.es\/wp-content\/uploads\/2021\/01\/fondo.jpg&quot;);background-position: center center;background-repeat: no-repeat;border-width: 0px 0px 0px 0px;border-color:#e2e2e2;border-style:solid;-webkit-background-size:cover;-moz-background-size:cover;-o-background-size:cover;background-size:cover;\" ><div class=\"fusion-builder-row fusion-row fusion-flex-align-items-flex-start\" style=\"max-width:1248px;margin-left: calc(-4% \/ 2 );margin-right: calc(-4% \/ 2 );\">\n<div class=\"fusion-layout-column fusion_builder_column fusion-builder-column-0 fusion_builder_column_3_4 3_4 fusion-flex-column\"><div class=\"fusion-column-wrapper fusion-flex-justify-content-flex-start fusion-content-layout-column\" style=\"background-position:left top;background-repeat:no-repeat;-webkit-background-size:cover;-moz-background-size:cover;-o-background-size:cover;background-size:cover;padding: 0px 0px 0px 0px;\">\n<div class=\"fusion-text fusion-text-1\" style=\"transform:translate3d(0,0,0);\"><h3>Dr. Miguel \u00c1ngel Garc\u00eda P\u00e9rez<\/h3>\n<\/div>\n<div class=\"fusion-separator fusion-full-width-sep\" style=\"align-self: center;margin-left: auto;margin-right: auto;margin-bottom:3px;width:100%;\"><div class=\"fusion-separator-border sep-single sep-solid\" style=\"border-color:#9da0d2;border-top-width:1px;\"><\/div><\/div>\n<div class=\"fusion-text fusion-text-2\" style=\"transform:translate3d(0,0,0);\"><h5><span style=\"color: #3D44AC;\">Principal Investigator<br \/>\nResearch Group on Genetics of Osteoporosis<br \/>\n<\/span><\/h5>\n<\/div>\n<div class=\"fusion-separator fusion-full-width-sep\" style=\"align-self: center;margin-left: auto;margin-right: auto;margin-bottom:10px;width:100%;\"><div class=\"fusion-separator-border sep-single sep-solid\" style=\"border-color:#9da0d2;border-top-width:1px;\"><\/div><\/div>\n<div class=\"fusion-text fusion-text-3\" style=\"transform:translate3d(0,0,0);\"><h4 style=\"text-align: justify;\">Presentation<\/h4>\n<\/div>\n<\/div><\/div><style type=\"text\/css\">.fusion-body .fusion-builder-column-0{width:75% !important;margin-top : 0px;margin-bottom : 20px;}.fusion-builder-column-0 > .fusion-column-wrapper {padding-top : 0px !important;padding-right : 0px !important;margin-right : 2.56%;padding-bottom : 0px !important;padding-left : 0px !important;margin-left : 2.56%;}@media only screen and (max-width:1532px) {.fusion-body .fusion-builder-column-0{width:75% !important;}.fusion-builder-column-0 > .fusion-column-wrapper {margin-right : 2.56%;margin-left : 2.56%;}}@media only screen and (max-width:640px) {.fusion-body .fusion-builder-column-0{width:100% !important;}.fusion-builder-column-0 > .fusion-column-wrapper {margin-right : 1.92%;margin-left : 1.92%;}}<\/style>\n<div class=\"fusion-layout-column fusion_builder_column fusion-builder-column-1 fusion_builder_column_1_4 1_4 fusion-flex-column\"><div class=\"fusion-column-wrapper fusion-flex-justify-content-flex-start fusion-content-layout-column\" style=\"background-position:left top;background-repeat:no-repeat;-webkit-background-size:cover;-moz-background-size:cover;-o-background-size:cover;background-size:cover;background-color:#ffffff;border-width: 0 0 0 2px;border-color:#9da0d2;border-style:solid;padding: 4% 4% 4% 4%;\">\n<div ><span class=\" fusion-imageframe imageframe-none imageframe-1 hover-type-none\" style=\"border-radius:5px;\"><img src=\"\/wp-content\/uploads\/2022\/10\/Miguel-Angel-Garcia-Perez_FIH02.jpg\" class=\"img-responsive\"\/><\/span><\/div>\n<div class=\"fusion-separator fusion-full-width-sep\" style=\"align-self: center;margin-left: auto;margin-right: auto;margin-top:10px;margin-bottom:10px;width:100%;\"><\/div>\n<div class=\"fusion-text fusion-text-4\" style=\"transform:translate3d(0,0,0);\"><h5 style=\"text-align: center;\">Principal<br \/>\nInvestigator<\/h5>\n<div style=\"text-align: center;\">Dr. Miguel \u00c1ngel Garc\u00eda P\u00e9rez<\/div>\n<p style=\"text-align: center;\"><a href=\"mailto:miguel.garcia@uv.es\">miguel.garcia@uv.es<\/a><\/p>\n<\/div>\n<\/div><\/div><style type=\"text\/css\">.fusion-body .fusion-builder-column-1{width:25% !important;margin-top : 0px;margin-bottom : 20px;}.fusion-builder-column-1 > .fusion-column-wrapper {padding-top : 4% !important;padding-right : 4% !important;margin-right : 7.68%;padding-bottom : 4% !important;padding-left : 4% !important;margin-left : 7.68%;}@media only screen and (max-width:1532px) {.fusion-body .fusion-builder-column-1{width:25% !important;order : 0;}.fusion-builder-column-1 > .fusion-column-wrapper {margin-right : 7.68%;margin-left : 7.68%;}}@media only screen and (max-width:640px) {.fusion-body .fusion-builder-column-1{width:100% !important;order : 0;}.fusion-builder-column-1 > .fusion-column-wrapper {margin-right : 1.92%;margin-left : 1.92%;}}<\/style>\n<\/div>\n<style type=\"text\/css\">.fusion-fullwidth.fusion-builder-row-1 { overflow:visible; }.fusion-body .fusion-flex-container.fusion-builder-row-1{ padding-top : 2%;margin-top : 0px;padding-right : 0px;padding-bottom : 0px;margin-bottom : 0px;padding-left : 0px;}<\/style><\/div><br \/>\n<div class=\"fusion-fullwidth fullwidth-box fusion-builder-row-2 fusion-flex-container nonhundred-percent-fullwidth non-hundred-percent-height-scrolling\" style=\"background-color: #e5e5e5;background-position: center center;background-repeat: no-repeat;border-width: 0px 0px 0px 0px;border-color:#e2e2e2;border-style:solid;\" ><div class=\"fusion-builder-row fusion-row fusion-flex-align-items-flex-start\" style=\"max-width:1248px;margin-left: calc(-4% \/ 2 );margin-right: calc(-4% \/ 2 );\">\n<div class=\"fusion-layout-column fusion_builder_column fusion-builder-column-2 fusion_builder_column_1_1 1_1 fusion-flex-column\"><div class=\"fusion-column-wrapper fusion-flex-justify-content-flex-start fusion-content-layout-column\" style=\"background-position:left top;background-repeat:no-repeat;-webkit-background-size:cover;-moz-background-size:cover;-o-background-size:cover;background-size:cover;padding: 0px 0px 0px 0px;\">\n<div class=\"fusion-text fusion-text-5\" style=\"transform:translate3d(0,0,0);\"><h5>Publications<\/h5>\n<\/div>\n<div class=\"fusion-tabs fusion-tabs-1 classic horizontal-tabs icon-position-left\"><style type=\"text\/css\">.fusion-tabs.fusion-tabs-1 .nav-tabs li a.tab-link{border-top-color:#f9f9fb;background-color:#f9f9fb;}.fusion-tabs.fusion-tabs-1 .nav-tabs{background-color:#ffffff;}.fusion-tabs.fusion-tabs-1 .nav-tabs li.active a.tab-link,.fusion-tabs.fusion-tabs-1 .nav-tabs li.active a.tab-link:hover,.fusion-tabs.fusion-tabs-1 .nav-tabs li.active a.tab-link:focus{border-right-color:#ffffff;}.fusion-tabs.fusion-tabs-1 .nav-tabs li.active a.tab-link,.fusion-tabs.fusion-tabs-1 .nav-tabs li.active a.tab-link:hover,.fusion-tabs.fusion-tabs-1 .nav-tabs li.active a.tab-link:focus{background-color:#ffffff;}.fusion-tabs.fusion-tabs-1 .nav-tabs li a:hover{background-color:#ffffff;border-top-color:#ffffff;}.fusion-tabs.fusion-tabs-1 .tab-pane{background-color:#ffffff;}.fusion-tabs.fusion-tabs-1 .nav,.fusion-tabs.fusion-tabs-1 .nav-tabs,.fusion-tabs.fusion-tabs-1 .tab-content .tab-pane{border-color:#e2e2e2;}<\/style><div class=\"nav\"><ul class=\"nav-tabs nav-justified\" role=\"tablist\"><li class=\"active\"><a class=\"tab-link\" data-toggle=\"tab\" role=\"tab\" aria-controls=\"tab-d40cf3ac06610ef7aa2\" aria-selected=\"true\" id=\"fusion-tab-2023\" href=\"#tab-d40cf3ac06610ef7aa2\"><h4 class=\"fusion-tab-heading\">2023<\/h4><\/a><\/li><li><a class=\"tab-link\" data-toggle=\"tab\" role=\"tab\" aria-controls=\"tab-f9c5e8c65f7ed4a9d56\" aria-selected=\"false\" tabindex=\"-1\" id=\"fusion-tab-2022\" href=\"#tab-f9c5e8c65f7ed4a9d56\"><h4 class=\"fusion-tab-heading\">2022<\/h4><\/a><\/li><li><a class=\"tab-link\" data-toggle=\"tab\" role=\"tab\" aria-controls=\"tab-bd16d33bc6e4ccff2e4\" aria-selected=\"false\" tabindex=\"-1\" id=\"fusion-tab-2021\" href=\"#tab-bd16d33bc6e4ccff2e4\"><h4 class=\"fusion-tab-heading\">2021<\/h4><\/a><\/li><\/ul><\/div><div class=\"tab-content\"><div class=\"nav fusion-mobile-tab-nav\"><ul class=\"nav-tabs nav-justified\"><li class=\"active\"><a class=\"tab-link\" data-toggle=\"tab\" role=\"tab\" aria-controls=\"tab-d40cf3ac06610ef7aa2\" aria-selected=\"true\" id=\"mobile-fusion-tab-2023\" href=\"#tab-d40cf3ac06610ef7aa2\"><h4 class=\"fusion-tab-heading\">2023<\/h4><\/a><\/li><\/ul><\/div><div class=\"tab-pane fade fusion-clearfix in active\" role=\"tabpanel\" tabindex=\"0\" aria-labelledby=\"fusion-tab-2023\" id=\"tab-d40cf3ac06610ef7aa2\">\n<div style=\"padding-top:4%;padding-left:4%; padding-right:4%; text-align:justify;\">\nAssociation of the rs17782313, rs17773430 and rs34114122 Polymorphisms of\/near MC4R Gene with Obesity-Related Biomarkers in a Spanish Pediatric Cohort. Carrasco-Luna J, Navarro-Solera M, Gombert M, Mart\u00edn-Carbonell V, Carrasco-Garc\u00eda A, Del Castillo-Villaescusa C, Garc\u00eda-P\u00e9rez M, Codo\u00f1er-Franch P. Children. 2023 Jul 14;10(7):1221. doi: <a href='https:\/\/doi.org\/10.3390\/children10071221' target='_blank'>10.3390\/children10071221<\/a>. PMID: <a href='https:\/\/pubmed.ncbi.nlm.nih.gov\/37508717' target='_blank'>37508717<\/a><\/p>\n<p>Genetic variants of the vitamin D receptor are related to dynapenia in postmenopausal women. Garcia-Vigara A, Monllor-Tormos A, Garcia-Perez M, Tarin J, Cano A. Maturitas. 2023 May;171:40-44. doi: <a href='https:\/\/doi.org\/10.1016\/j.maturitas.2023.03.002' target='_blank'>10.1016\/j.maturitas.2023.03.002<\/a>. PMID: <a href='https:\/\/pubmed.ncbi.nlm.nih.gov\/37001478' target='_blank'>37001478<\/a><\/p>\n<p>Mediterranean diet for cancer prevention and survivorship. Monllor-Tormos A, Garcia-Vigara A, Morgan O, Garcia-Perez M, Mendoza N, Tarin J, Cano A. Maturitas. 2023 Dec:178:107841. doi: <a href='https:\/\/doi.org\/10.1016\/j.maturitas.2023.107841' target='_blank'>10.1016\/j.maturitas.2023.107841<\/a>. PMID: <a href='https:\/\/pubmed.ncbi.nlm.nih.gov\/37660598' target='_blank'>37660598<\/a><\/p>\n<p>The covid-19 pandemic and the usability of telehealth in a midlife women&#8217;s health integrated care program. Garcia-Vigara A, Martin-Gonzalez V, Carbonell J, Bauset-Castello C, Martinez-Aspas A, Monllor-Tormos A, Garcia-Perez M, Tarin J, Cano A. Maturitas. 2023 Feb;168:7-12. doi: <a href='https:\/\/doi.org\/10.1016\/j.maturitas.2022.10.011' target='_blank'>10.1016\/j.maturitas.2022.10.011<\/a>. PMID: <a href='https:\/\/pubmed.ncbi.nlm.nih.gov\/36370490' target='_blank'>36370490<\/a><\/p>\n<\/div>\n<\/div><div class=\"nav fusion-mobile-tab-nav\"><ul class=\"nav-tabs nav-justified\"><li><a class=\"tab-link\" data-toggle=\"tab\" role=\"tab\" aria-controls=\"tab-f9c5e8c65f7ed4a9d56\" aria-selected=\"false\" tabindex=\"-1\" id=\"mobile-fusion-tab-2022\" href=\"#tab-f9c5e8c65f7ed4a9d56\"><h4 class=\"fusion-tab-heading\">2022<\/h4><\/a><\/li><\/ul><\/div><div class=\"tab-pane fade fusion-clearfix\" role=\"tabpanel\" tabindex=\"0\" aria-labelledby=\"fusion-tab-2022\" id=\"tab-f9c5e8c65f7ed4a9d56\">\n<div style=\"padding-top:4%;padding-left:4%; padding-right:4%; text-align:justify;\">\nIt is premature to use postmortem sperm for reproductive purposes: a data-driven opinion. Tarin J, Garcia-Perez M, Cano A. Reproductive Sciences. 2022 Dec;29(12):3387-3393. doi: <a href='https:\/\/doi.org\/10.1007\/s43032-022-00874-6' target='_blank'>10.1007\/s43032-022-00874-6<\/a>. PMID: <a href='https:\/\/pubmed.ncbi.nlm.nih.gov\/35146695' target='_blank'>35146695<\/a><\/p>\n<p>Metabolomic analysis of severe osteoarthritis in a Spanish population of women compared to healthy and osteoporotic subjects. Pertusa C, Mifsut D, Morales J, Tarin J, Cano A, Monleon D, Garcia-Perez M. Metabolites. 2022 Jul 24;12(8):677. doi: <a href='https:\/\/doi.org\/10.3390\/metabo12080677' target='_blank'>10.3390\/metabo12080677<\/a>. PMID: <a href='https:\/\/pubmed.ncbi.nlm.nih.gov\/35893245' target='_blank'>35893245<\/a><\/p>\n<\/div>\n<\/div><div class=\"nav fusion-mobile-tab-nav\"><ul class=\"nav-tabs nav-justified\"><li><a class=\"tab-link\" data-toggle=\"tab\" role=\"tab\" aria-controls=\"tab-bd16d33bc6e4ccff2e4\" aria-selected=\"false\" tabindex=\"-1\" id=\"mobile-fusion-tab-2021\" href=\"#tab-bd16d33bc6e4ccff2e4\"><h4 class=\"fusion-tab-heading\">2021<\/h4><\/a><\/li><\/ul><\/div><div class=\"tab-pane fade fusion-clearfix\" role=\"tabpanel\" tabindex=\"0\" aria-labelledby=\"fusion-tab-2021\" id=\"tab-bd16d33bc6e4ccff2e4\">\n<div style=\"padding-top:4%;padding-left:4%; padding-right:4%; text-align:justify;\">\nPositive association of high-density lipoprotein cholesterol with lumbar and femoral neck bone mineral density in postmenopausal women. Zolfaroli I, Ortiz E, Garcia-Perez M, Hidalgo-Mora J, Tarin J, Cano A. Maturitas. 2021 May;147:41-46. doi: <a href='https:\/\/doi.org\/10.1016\/j.maturitas.2021.03.001' target='_blank'>10.1016\/j.maturitas.2021.03.001<\/a>. PMID: <a href='https:\/\/pubmed.ncbi.nlm.nih.gov\/33832646' target='_blank'>33832646<\/a><\/p>\n<p>Serum microRNAs in osteoporotic fracture and osteoarthritis: a genetic and functional study. Pertusa C, Tarin JJ, Cano A, Garcia-Perez MA, Mifsut D. Scientific Reports. 2021 Sep 29;11(1):19372. doi: <a href='https:\/\/doi.org\/10.1038\/s41598-021-98789-w' target='_blank'>10.1038\/s41598-021-98789-w<\/a>. PMID: <a href='https:\/\/pubmed.ncbi.nlm.nih.gov\/34588560' target='_blank'>34588560<\/a><\/p>\n<p>Variants translating reduced expression of the beta estrogen receptor gene were associated with increased carotid intima media thickness: A cross-sectional study in late postmenopausal women. Cano-Marquina AJ, Garcia-Perez MA, Tarin JJ, Maceira AM, Cosin-Sales J, Cano A. Medicine. 2021 Jun 11;100(23):e26216. doi: <a href='https:\/\/doi.org\/10.1097\/MD.0000000000026216' target='_blank'>10.1097\/MD.0000000000026216<\/a>. PMID: <a href='https:\/\/pubmed.ncbi.nlm.nih.gov\/34115005' target='_blank'>34115005<\/a><\/p>\n<\/div>\n<\/div><\/div><\/div>\n<\/div><\/div><style type=\"text\/css\">.fusion-body .fusion-builder-column-2{width:100% !important;margin-top : 0px;margin-bottom : 20px;}.fusion-builder-column-2 > .fusion-column-wrapper {padding-top : 0px !important;padding-right : 0px !important;margin-right : 1.92%;padding-bottom : 0px !important;padding-left : 0px !important;margin-left : 1.92%;}@media only screen and (max-width:1532px) {.fusion-body .fusion-builder-column-2{width:100% !important;}.fusion-builder-column-2 > .fusion-column-wrapper {margin-right : 1.92%;margin-left : 1.92%;}}@media only screen and (max-width:640px) {.fusion-body .fusion-builder-column-2{width:100% !important;}.fusion-builder-column-2 > .fusion-column-wrapper {margin-right : 1.92%;margin-left : 1.92%;}}<\/style>\n<\/div>\n<style type=\"text\/css\">.fusion-body .fusion-flex-container.fusion-builder-row-2{ padding-top : 2%;margin-top : 0px;padding-right : 0px;padding-bottom : 0px;margin-bottom : 0px;padding-left : 0px;}<\/style><\/div><div class=\"fusion-fullwidth fullwidth-box fusion-builder-row-3 fusion-flex-container nonhundred-percent-fullwidth non-hundred-percent-height-scrolling\" style=\"background-color: #9da0d2;background-position: center center;background-repeat: no-repeat;border-width: 0px 0px 0px 0px;border-color:#e2e2e2;border-style:solid;\" ><div class=\"fusion-builder-row fusion-row fusion-flex-align-items-flex-start\" style=\"max-width:1248px;margin-left: calc(-4% \/ 2 );margin-right: calc(-4% \/ 2 );\">\n<div class=\"fusion-layout-column fusion_builder_column fusion-builder-column-3 fusion_builder_column_1_1 1_1 fusion-flex-column\"><div class=\"fusion-column-wrapper fusion-flex-justify-content-flex-start fusion-content-layout-column\" style=\"background-position:left top;background-repeat:no-repeat;-webkit-background-size:cover;-moz-background-size:cover;-o-background-size:cover;background-size:cover;padding: 0px 0px 0px 0px;\">\n<div class=\"fusion-text fusion-text-6\" style=\"transform:translate3d(0,0,0);\"><h5 style=\"text-align: left;\">Projects<\/h5>\n<\/div>\n<div class=\"fusion-tabs fusion-tabs-2 classic horizontal-tabs icon-position-left\"><style type=\"text\/css\">.fusion-tabs.fusion-tabs-2 .nav-tabs li a.tab-link{border-top-color:#f9f9fb;background-color:#f9f9fb;}.fusion-tabs.fusion-tabs-2 .nav-tabs{background-color:#ffffff;}.fusion-tabs.fusion-tabs-2 .nav-tabs li.active a.tab-link,.fusion-tabs.fusion-tabs-2 .nav-tabs li.active a.tab-link:hover,.fusion-tabs.fusion-tabs-2 .nav-tabs li.active a.tab-link:focus{border-right-color:#ffffff;}.fusion-tabs.fusion-tabs-2 .nav-tabs li.active a.tab-link,.fusion-tabs.fusion-tabs-2 .nav-tabs li.active a.tab-link:hover,.fusion-tabs.fusion-tabs-2 .nav-tabs li.active a.tab-link:focus{background-color:#ffffff;}.fusion-tabs.fusion-tabs-2 .nav-tabs li a:hover{background-color:#ffffff;border-top-color:#ffffff;}.fusion-tabs.fusion-tabs-2 .tab-pane{background-color:#ffffff;}.fusion-tabs.fusion-tabs-2 .nav,.fusion-tabs.fusion-tabs-2 .nav-tabs,.fusion-tabs.fusion-tabs-2 .tab-content .tab-pane{border-color:#e2e2e2;}<\/style><div class=\"nav\"><ul class=\"nav-tabs nav-justified\" role=\"tablist\"><li class=\"active\"><a class=\"tab-link\" data-toggle=\"tab\" role=\"tab\" aria-controls=\"tab-7d4dba581d681394c83\" aria-selected=\"true\" id=\"fusion-tab-projects\" href=\"#tab-7d4dba581d681394c83\"><h4 class=\"fusion-tab-heading\">PROJECTS<\/h4><\/a><\/li><\/ul><\/div><div class=\"tab-content\"><div class=\"nav fusion-mobile-tab-nav\"><ul class=\"nav-tabs nav-justified\"><li class=\"active\"><a class=\"tab-link\" data-toggle=\"tab\" role=\"tab\" aria-controls=\"tab-7d4dba581d681394c83\" aria-selected=\"true\" id=\"mobile-fusion-tab-projects\" href=\"#tab-7d4dba581d681394c83\"><h4 class=\"fusion-tab-heading\">PROJECTS<\/h4><\/a><\/li><\/ul><\/div><div class=\"tab-pane fade fusion-clearfix in active\" role=\"tabpanel\" tabindex=\"0\" aria-labelledby=\"fusion-tab-projects\" id=\"tab-7d4dba581d681394c83\">\n<div style=\"padding-top:4%;padding-left:4%; padding-right:4%; text-align:left;\">\n<div style=\"margin-bottom:40px;\">\n<span style=\"color:#3D44AC; font-size:16px;\">Reference: <\/span>826640-VIGOUR<br \/>\n<span style=\"color:#3D44AC; font-size:16px;\">Title: <\/span>Evidence-Based Guidance to Scale-up Integrated Care in Europe (VIGOUR)<br \/>\n<span style=\"color:#3D44AC; font-size:16px;\">Funding body: <\/span>Agencia Ejecutiva de Consumidores, Salud, Agricultura y Alimentaci\u00f3n<br \/>\n<span style=\"color:#3D44AC; font-size:16px;\">Principal Investigator: <\/span>Antonio Cano S\u00e1nchez, Juan J. Tar\u00edn, Miguel \u00c1ngel Garc\u00eda P\u00e9rez<br \/>\n<span style=\"color:#3D44AC; font-size:16px;\">Duration: <\/span>2019 &#8211; 2021<br \/>\n<span style=\"color:#3D44AC; font-size:16px;\">Total budget: <\/span>3.046.024,67\n<\/div>\n<div style=\"margin-bottom:40px;\">\n<span style=\"color:#3D44AC; font-size:16px;\">Reference: <\/span>PI17\/01875<br \/>\n<span style=\"color:#3D44AC; font-size:16px;\">Title: <\/span>Osteoporosis y fractura \u00f3sea: identificaci\u00f3n de genes asociados y evaluaci\u00f3n del papel del metabolismo de la arginina<br \/>\n<span style=\"color:#3D44AC; font-size:16px;\">Funding body: <\/span>Instituto de Salud Carlos III &#8211; Cofinanciado FEDER<br \/>\n<span style=\"color:#3D44AC; font-size:16px;\">Principal Investigator: <\/span>Miguel \u00c1ngel Garc\u00eda P\u00e9rez<br \/>\n<span style=\"color:#3D44AC; font-size:16px;\">Duration: <\/span>2018 &#8211; 2021<br \/>\n<span style=\"color:#3D44AC; font-size:16px;\">Total budget: <\/span>99.220 \u20ac\n<\/div>\n<\/div>\n<\/div><\/div><\/div>\n<\/div><\/div><style type=\"text\/css\">.fusion-body .fusion-builder-column-3{width:100% !important;margin-top : 0px;margin-bottom : 20px;}.fusion-builder-column-3 > .fusion-column-wrapper {padding-top : 0px !important;padding-right : 0px !important;margin-right : 1.92%;padding-bottom : 0px !important;padding-left : 0px !important;margin-left : 1.92%;}@media only screen and (max-width:1532px) {.fusion-body .fusion-builder-column-3{width:100% !important;order : 0;}.fusion-builder-column-3 > .fusion-column-wrapper {margin-right : 1.92%;margin-left : 1.92%;}}@media only screen and (max-width:640px) {.fusion-body .fusion-builder-column-3{width:100% !important;order : 0;}.fusion-builder-column-3 > .fusion-column-wrapper {margin-right : 1.92%;margin-left : 1.92%;}}<\/style>\n<\/div>\n<style type=\"text\/css\">.fusion-body .fusion-flex-container.fusion-builder-row-3{ padding-top : 2%;margin-top : 0px;padding-right : 0px;padding-bottom : 0px;margin-bottom : 0px;padding-left : 0px;}<\/style><\/div><br \/>\n<div class=\"fusion-fullwidth fullwidth-box fusion-builder-row-4 fusion-flex-container nonhundred-percent-fullwidth non-hundred-percent-height-scrolling\" style=\"background-color: #e5e5e5;background-position: center center;background-repeat: no-repeat;border-width: 0px 0px 0px 0px;border-color:#e2e2e2;border-style:solid;\" ><div class=\"fusion-builder-row fusion-row fusion-flex-align-items-flex-start\" style=\"max-width:1248px;margin-left: calc(-4% \/ 2 );margin-right: calc(-4% \/ 2 );\">\n<div class=\"fusion-layout-column fusion_builder_column fusion-builder-column-4 fusion_builder_column_1_1 1_1 fusion-flex-column\"><div class=\"fusion-column-wrapper fusion-flex-justify-content-flex-start fusion-content-layout-column\" style=\"background-position:left top;background-repeat:no-repeat;-webkit-background-size:cover;-moz-background-size:cover;-o-background-size:cover;background-size:cover;padding: 0px 0px 0px 0px;\">\n<div class=\"fusion-text fusion-text-7\" style=\"transform:translate3d(0,0,0);\"><h5>+ Info<\/h5>\n<\/div>\n<div class=\"fusion-tabs fusion-tabs-3 classic horizontal-tabs icon-position-left\"><style type=\"text\/css\">.fusion-tabs.fusion-tabs-3 .nav-tabs li a.tab-link{border-top-color:#f9f9fb;background-color:#f9f9fb;}.fusion-tabs.fusion-tabs-3 .nav-tabs{background-color:#ffffff;}.fusion-tabs.fusion-tabs-3 .nav-tabs li.active a.tab-link,.fusion-tabs.fusion-tabs-3 .nav-tabs li.active a.tab-link:hover,.fusion-tabs.fusion-tabs-3 .nav-tabs li.active a.tab-link:focus{border-right-color:#ffffff;}.fusion-tabs.fusion-tabs-3 .nav-tabs li.active a.tab-link,.fusion-tabs.fusion-tabs-3 .nav-tabs li.active a.tab-link:hover,.fusion-tabs.fusion-tabs-3 .nav-tabs li.active a.tab-link:focus{background-color:#ffffff;}.fusion-tabs.fusion-tabs-3 .nav-tabs li a:hover{background-color:#ffffff;border-top-color:#ffffff;}.fusion-tabs.fusion-tabs-3 .tab-pane{background-color:#ffffff;}.fusion-tabs.fusion-tabs-3 .nav,.fusion-tabs.fusion-tabs-3 .nav-tabs,.fusion-tabs.fusion-tabs-3 .tab-content .tab-pane{border-color:#e2e2e2;}<\/style><div class=\"nav\"><ul class=\"nav-tabs nav-justified\" role=\"tablist\"><li class=\"active\"><a class=\"tab-link\" data-toggle=\"tab\" role=\"tab\" aria-controls=\"tab-19dde833753bcc1bd7e\" aria-selected=\"true\" id=\"fusion-tab-thesis\" href=\"#tab-19dde833753bcc1bd7e\"><h4 class=\"fusion-tab-heading\">THESIS<\/h4><\/a><\/li><\/ul><\/div><div class=\"tab-content\"><div class=\"nav fusion-mobile-tab-nav\"><ul class=\"nav-tabs nav-justified\"><li class=\"active\"><a class=\"tab-link\" data-toggle=\"tab\" role=\"tab\" aria-controls=\"tab-19dde833753bcc1bd7e\" aria-selected=\"true\" id=\"mobile-fusion-tab-thesis\" href=\"#tab-19dde833753bcc1bd7e\"><h4 class=\"fusion-tab-heading\">THESIS<\/h4><\/a><\/li><\/ul><\/div><div class=\"tab-pane fade fusion-clearfix in active\" role=\"tabpanel\" tabindex=\"0\" aria-labelledby=\"fusion-tab-thesis\" id=\"tab-19dde833753bcc1bd7e\"><span style=\"color:#3D44AC; font-size:16px;\">Title: <\/span>Lipidograma y metabolismo \u00f3seo, estudio cl\u00ednico y anal\u00edtico en la cohorte &#8220;CARMEN&#8221;<br \/>\n<span style=\"color:#3D44AC; font-size:16px;\">Doctoral candidate: <\/span>Zolfaroli, Irene<br \/>\n<span style=\"color:#3D44AC; font-size:16px;\">Director(s): <\/span>Garc\u00eda P\u00e9rez, Miguel \u00c1ngel; Cano S\u00e1nchez, Antonio<br \/>\n<span style=\"color:#3D44AC; font-size:16px;\">Date of the defense: <\/span>27\/02\/2019<br \/>\n<span style=\"color:#3D44AC; font-size:16px;\">University: <\/span>Universitat de Val\u00e8ncia<\/p>\n<\/div><\/div><\/div>\n<\/div><\/div><style type=\"text\/css\">.fusion-body .fusion-builder-column-4{width:100% !important;margin-top : 0px;margin-bottom : 20px;}.fusion-builder-column-4 > .fusion-column-wrapper {padding-top : 0px !important;padding-right : 0px !important;margin-right : 1.92%;padding-bottom : 0px !important;padding-left : 0px !important;margin-left : 1.92%;}@media only screen and (max-width:1532px) {.fusion-body .fusion-builder-column-4{width:100% !important;order : 0;}.fusion-builder-column-4 > .fusion-column-wrapper {margin-right : 1.92%;margin-left : 1.92%;}}@media only screen and (max-width:640px) {.fusion-body .fusion-builder-column-4{width:100% !important;order : 0;}.fusion-builder-column-4 > .fusion-column-wrapper {margin-right : 1.92%;margin-left : 1.92%;}}<\/style>\n<\/div>\n<style type=\"text\/css\">.fusion-body .fusion-flex-container.fusion-builder-row-4{ padding-top : 2%;margin-top : 0px;padding-right : 0px;padding-bottom : 0px;margin-bottom : 0px;padding-left : 0px;}<\/style><\/div><\/p>\n","protected":false},"excerpt":{"rendered":"","protected":false},"author":1,"featured_media":0,"parent":0,"menu_order":0,"comment_status":"closed","ping_status":"closed","template":"100-width.php","meta":[],"acf":[],"_links":{"self":[{"href":"https:\/\/tst.incliva.es\/en\/wp-json\/wp\/v2\/pages\/7520"}],"collection":[{"href":"https:\/\/tst.incliva.es\/en\/wp-json\/wp\/v2\/pages"}],"about":[{"href":"https:\/\/tst.incliva.es\/en\/wp-json\/wp\/v2\/types\/page"}],"author":[{"embeddable":true,"href":"https:\/\/tst.incliva.es\/en\/wp-json\/wp\/v2\/users\/1"}],"replies":[{"embeddable":true,"href":"https:\/\/tst.incliva.es\/en\/wp-json\/wp\/v2\/comments?post=7520"}],"version-history":[{"count":0,"href":"https:\/\/tst.incliva.es\/en\/wp-json\/wp\/v2\/pages\/7520\/revisions"}],"wp:attachment":[{"href":"https:\/\/tst.incliva.es\/en\/wp-json\/wp\/v2\/media?parent=7520"}],"curies":[{"name":"wp","href":"https:\/\/api.w.org\/{rel}","templated":true}]}}