{"id":7538,"date":"2025-01-30T13:22:58","date_gmt":"2025-01-30T13:22:58","guid":{"rendered":"https:\/\/tst.incliva.es\/?page_id=7538"},"modified":"2025-01-30T13:22:58","modified_gmt":"2025-01-30T13:22:58","slug":"miguel-cerda-nicolas","status":"publish","type":"page","link":"https:\/\/tst.incliva.es\/en\/miguel-cerda-nicolas\/","title":{"rendered":"Miguel Cerd\u00e1 Nicol\u00e1s"},"content":{"rendered":"<p><div class=\"fusion-fullwidth fullwidth-box fusion-builder-row-1 fusion-flex-container fusion-parallax-none nonhundred-percent-fullwidth non-hundred-percent-height-scrolling\" style=\"background-color: #ededed;background-image: url(&quot;https:\/\/www.incliva.es\/wp-content\/uploads\/2021\/01\/fondo.jpg&quot;);background-position: center center;background-repeat: no-repeat;border-width: 0px 0px 0px 0px;border-color:#e2e2e2;border-style:solid;-webkit-background-size:cover;-moz-background-size:cover;-o-background-size:cover;background-size:cover;\" ><div class=\"fusion-builder-row fusion-row fusion-flex-align-items-flex-start\" style=\"max-width:1248px;margin-left: calc(-4% \/ 2 );margin-right: calc(-4% \/ 2 );\">\n<div class=\"fusion-layout-column fusion_builder_column fusion-builder-column-0 fusion_builder_column_3_4 3_4 fusion-flex-column\"><div class=\"fusion-column-wrapper fusion-flex-justify-content-flex-start fusion-content-layout-column\" style=\"background-position:left top;background-repeat:no-repeat;-webkit-background-size:cover;-moz-background-size:cover;-o-background-size:cover;background-size:cover;padding: 0px 0px 0px 0px;\">\n<div class=\"fusion-text fusion-text-1\" style=\"transform:translate3d(0,0,0);\"><h3>Dr. Miguel Cerd\u00e1 Nicol\u00e1s<\/h3>\n<\/div>\n<div class=\"fusion-separator fusion-full-width-sep\" style=\"align-self: center;margin-left: auto;margin-right: auto;margin-bottom:3px;width:100%;\"><div class=\"fusion-separator-border sep-single sep-solid\" style=\"border-color:#9da0d2;border-top-width:1px;\"><\/div><\/div>\n<div class=\"fusion-text fusion-text-2\" style=\"transform:translate3d(0,0,0);\"><h5><span style=\"color: #3D44AC;\">Principal Investigator<br \/>\nResearch Group on Central Nervous System Tumors<br \/>\n<\/span><\/h5>\n<\/div>\n<div class=\"fusion-separator fusion-full-width-sep\" style=\"align-self: center;margin-left: auto;margin-right: auto;margin-bottom:10px;width:100%;\"><div class=\"fusion-separator-border sep-single sep-solid\" style=\"border-color:#9da0d2;border-top-width:1px;\"><\/div><\/div>\n<div class=\"fusion-text fusion-text-3\" style=\"transform:translate3d(0,0,0);\"><h4 style=\"text-align: justify;\">Presentation<\/h4>\n<\/div>\n<\/div><\/div><style type=\"text\/css\">.fusion-body .fusion-builder-column-0{width:75% !important;margin-top : 0px;margin-bottom : 20px;}.fusion-builder-column-0 > .fusion-column-wrapper {padding-top : 0px !important;padding-right : 0px !important;margin-right : 2.56%;padding-bottom : 0px !important;padding-left : 0px !important;margin-left : 2.56%;}@media only screen and (max-width:1532px) {.fusion-body .fusion-builder-column-0{width:75% !important;}.fusion-builder-column-0 > .fusion-column-wrapper {margin-right : 2.56%;margin-left : 2.56%;}}@media only screen and (max-width:640px) {.fusion-body .fusion-builder-column-0{width:100% !important;}.fusion-builder-column-0 > .fusion-column-wrapper {margin-right : 1.92%;margin-left : 1.92%;}}<\/style>\n<div class=\"fusion-layout-column fusion_builder_column fusion-builder-column-1 fusion_builder_column_1_4 1_4 fusion-flex-column\"><div class=\"fusion-column-wrapper fusion-flex-justify-content-flex-start fusion-content-layout-column\" style=\"background-position:left top;background-repeat:no-repeat;-webkit-background-size:cover;-moz-background-size:cover;-o-background-size:cover;background-size:cover;background-color:#ffffff;border-width: 0 0 0 2px;border-color:#9da0d2;border-style:solid;padding: 4% 4% 4% 4%;\">\n<div ><span class=\" fusion-imageframe imageframe-none imageframe-1 hover-type-none\" style=\"border-radius:5px;\"><img width=\"359\" height=\"370\" title=\"ICONO_PERSONA\" src=\"\/wp-content\/uploads\/2021\/01\/ICONO_PERSONA.png\" class=\"img-responsive wp-image-5764\" srcset=\"https:\/\/tst.incliva.es\/wp-content\/uploads\/2021\/01\/ICONO_PERSONA-200x206.png 200w, https:\/\/tst.incliva.es\/wp-content\/uploads\/2021\/01\/ICONO_PERSONA.png 359w\" sizes=\"(max-width: 640px) 100vw, 359px\" \/><\/span><\/div>\n<div class=\"fusion-separator fusion-full-width-sep\" style=\"align-self: center;margin-left: auto;margin-right: auto;margin-top:10px;margin-bottom:10px;width:100%;\"><\/div>\n<div class=\"fusion-text fusion-text-4\" style=\"transform:translate3d(0,0,0);\"><h5 style=\"text-align: center;\">Principal<br \/>\nInvestigator<\/h5>\n<div style=\"text-align: center;\">Dr. Miguel Cerd\u00e1 Nicol\u00e1s<\/div>\n<p style=\"text-align: center;\"><a href=\"mailto:jose.m.cerda@uv.es; cerdan@uv.es\">jose.m.cerda@uv.es; cerdan@uv.es<\/a><\/p>\n<\/div>\n<\/div><\/div><style type=\"text\/css\">.fusion-body .fusion-builder-column-1{width:25% !important;margin-top : 0px;margin-bottom : 20px;}.fusion-builder-column-1 > .fusion-column-wrapper {padding-top : 4% !important;padding-right : 4% !important;margin-right : 7.68%;padding-bottom : 4% !important;padding-left : 4% !important;margin-left : 7.68%;}@media only screen and (max-width:1532px) {.fusion-body .fusion-builder-column-1{width:25% !important;order : 0;}.fusion-builder-column-1 > .fusion-column-wrapper {margin-right : 7.68%;margin-left : 7.68%;}}@media only screen and (max-width:640px) {.fusion-body .fusion-builder-column-1{width:100% !important;order : 0;}.fusion-builder-column-1 > .fusion-column-wrapper {margin-right : 1.92%;margin-left : 1.92%;}}<\/style>\n<\/div>\n<style type=\"text\/css\">.fusion-fullwidth.fusion-builder-row-1 { overflow:visible; }.fusion-body .fusion-flex-container.fusion-builder-row-1{ padding-top : 2%;margin-top : 0px;padding-right : 0px;padding-bottom : 0px;margin-bottom : 0px;padding-left : 0px;}<\/style><\/div><br \/>\n<div class=\"fusion-fullwidth fullwidth-box fusion-builder-row-2 fusion-flex-container nonhundred-percent-fullwidth non-hundred-percent-height-scrolling\" style=\"background-color: #e5e5e5;background-position: center center;background-repeat: no-repeat;border-width: 0px 0px 0px 0px;border-color:#e2e2e2;border-style:solid;\" ><div class=\"fusion-builder-row fusion-row fusion-flex-align-items-flex-start\" style=\"max-width:1248px;margin-left: calc(-4% \/ 2 );margin-right: calc(-4% \/ 2 );\">\n<div class=\"fusion-layout-column fusion_builder_column fusion-builder-column-2 fusion_builder_column_1_1 1_1 fusion-flex-column\"><div class=\"fusion-column-wrapper fusion-flex-justify-content-flex-start fusion-content-layout-column\" style=\"background-position:left top;background-repeat:no-repeat;-webkit-background-size:cover;-moz-background-size:cover;-o-background-size:cover;background-size:cover;padding: 0px 0px 0px 0px;\">\n<div class=\"fusion-text fusion-text-5\" style=\"transform:translate3d(0,0,0);\"><h5>Publications<\/h5>\n<\/div>\n<div class=\"fusion-tabs fusion-tabs-1 classic horizontal-tabs icon-position-left\"><style type=\"text\/css\">.fusion-tabs.fusion-tabs-1 .nav-tabs li a.tab-link{border-top-color:#f9f9fb;background-color:#f9f9fb;}.fusion-tabs.fusion-tabs-1 .nav-tabs{background-color:#ffffff;}.fusion-tabs.fusion-tabs-1 .nav-tabs li.active a.tab-link,.fusion-tabs.fusion-tabs-1 .nav-tabs li.active a.tab-link:hover,.fusion-tabs.fusion-tabs-1 .nav-tabs li.active a.tab-link:focus{border-right-color:#ffffff;}.fusion-tabs.fusion-tabs-1 .nav-tabs li.active a.tab-link,.fusion-tabs.fusion-tabs-1 .nav-tabs li.active a.tab-link:hover,.fusion-tabs.fusion-tabs-1 .nav-tabs li.active a.tab-link:focus{background-color:#ffffff;}.fusion-tabs.fusion-tabs-1 .nav-tabs li a:hover{background-color:#ffffff;border-top-color:#ffffff;}.fusion-tabs.fusion-tabs-1 .tab-pane{background-color:#ffffff;}.fusion-tabs.fusion-tabs-1 .nav,.fusion-tabs.fusion-tabs-1 .nav-tabs,.fusion-tabs.fusion-tabs-1 .tab-content .tab-pane{border-color:#e2e2e2;}<\/style><div class=\"nav\"><ul class=\"nav-tabs nav-justified\" role=\"tablist\"><li class=\"active\"><a class=\"tab-link\" data-toggle=\"tab\" role=\"tab\" aria-controls=\"tab-da8010642c996b7f101\" aria-selected=\"true\" id=\"fusion-tab-2022\" href=\"#tab-da8010642c996b7f101\"><h4 class=\"fusion-tab-heading\">2022<\/h4><\/a><\/li><\/ul><\/div><div class=\"tab-content\"><div class=\"nav fusion-mobile-tab-nav\"><ul class=\"nav-tabs nav-justified\"><li class=\"active\"><a class=\"tab-link\" data-toggle=\"tab\" role=\"tab\" aria-controls=\"tab-da8010642c996b7f101\" aria-selected=\"true\" id=\"mobile-fusion-tab-2022\" href=\"#tab-da8010642c996b7f101\"><h4 class=\"fusion-tab-heading\">2022<\/h4><\/a><\/li><\/ul><\/div><div class=\"tab-pane fade fusion-clearfix in active\" role=\"tabpanel\" tabindex=\"0\" aria-labelledby=\"fusion-tab-2022\" id=\"tab-da8010642c996b7f101\">\n<div style=\"padding-top:4%;padding-left:4%; padding-right:4%; text-align:justify;\">\nDesmoplastic infantile astrocytoma with atypical phenotype, PTEN homozygous deletion and BRAF V600E mutation. Megias J, San-Miguel T, Sanchez M, Navarro L, Monleon D, Calabuig-Farinas S, Morales J, Munoz-Hidalgo L, Roldan P, Cerda-Nicolas M, Lopez-Gines C. Acta Neuropathologica Communications. 2022 Jun 20;10(1):88. doi: <a href='https:\/\/doi.org\/10.1186\/s40478-022-01392-x' target='_blank'>10.1186\/s40478-022-01392-x<\/a>. PMID: <a href='https:\/\/pubmed.ncbi.nlm.nih.gov\/35725578' target='_blank'>35725578<\/a><\/p>\n<p>Matched paired primary and recurrent meningiomas points to cell-death program contributions to genomic and epigenomic instability along tumor progression. San-Miguel T, Megias J, Monleon D, Navarro L, Munoz-Hidalgo L, Montoliu C, Meri M, Roldan P, Cerda-Nicolas M, Lopez-Gines C. Cancers. 2022 Aug 19;14(16):4008. doi: <a href='https:\/\/doi.org\/10.3390\/cancers14164008' target='_blank'>10.3390\/cancers14164008<\/a>. PMID: <a href='https:\/\/pubmed.ncbi.nlm.nih.gov\/36011000' target='_blank'>36011000<\/a><\/p>\n<\/div>\n<\/div><\/div><\/div>\n<\/div><\/div><style type=\"text\/css\">.fusion-body .fusion-builder-column-2{width:100% !important;margin-top : 0px;margin-bottom : 20px;}.fusion-builder-column-2 > .fusion-column-wrapper {padding-top : 0px !important;padding-right : 0px !important;margin-right : 1.92%;padding-bottom : 0px !important;padding-left : 0px !important;margin-left : 1.92%;}@media only screen and (max-width:1532px) {.fusion-body .fusion-builder-column-2{width:100% !important;}.fusion-builder-column-2 > .fusion-column-wrapper {margin-right : 1.92%;margin-left : 1.92%;}}@media only screen and (max-width:640px) {.fusion-body .fusion-builder-column-2{width:100% !important;}.fusion-builder-column-2 > .fusion-column-wrapper {margin-right : 1.92%;margin-left : 1.92%;}}<\/style>\n<\/div>\n<style type=\"text\/css\">.fusion-body .fusion-flex-container.fusion-builder-row-2{ padding-top : 2%;margin-top : 0px;padding-right : 0px;padding-bottom : 0px;margin-bottom : 0px;padding-left : 0px;}<\/style><\/div><div class=\"fusion-fullwidth fullwidth-box fusion-builder-row-3 fusion-flex-container nonhundred-percent-fullwidth non-hundred-percent-height-scrolling\" style=\"background-color: #e5e5e5;background-position: center center;background-repeat: no-repeat;border-width: 0px 0px 0px 0px;border-color:#e2e2e2;border-style:solid;\" ><div class=\"fusion-builder-row fusion-row fusion-flex-align-items-flex-start\" style=\"max-width:1248px;margin-left: calc(-4% \/ 2 );margin-right: calc(-4% \/ 2 );\">\n<div class=\"fusion-layout-column fusion_builder_column fusion-builder-column-3 fusion_builder_column_1_1 1_1 fusion-flex-column\"><div class=\"fusion-column-wrapper fusion-flex-justify-content-flex-start fusion-content-layout-column\" style=\"background-position:left top;background-repeat:no-repeat;-webkit-background-size:cover;-moz-background-size:cover;-o-background-size:cover;background-size:cover;padding: 0px 0px 0px 0px;\">\n<div class=\"fusion-text fusion-text-6\" style=\"transform:translate3d(0,0,0);\"><h5>+ Info<\/h5>\n<\/div>\n<div class=\"fusion-tabs fusion-tabs-2 classic horizontal-tabs icon-position-left\"><style type=\"text\/css\">.fusion-tabs.fusion-tabs-2 .nav-tabs li a.tab-link{border-top-color:#f9f9fb;background-color:#f9f9fb;}.fusion-tabs.fusion-tabs-2 .nav-tabs{background-color:#ffffff;}.fusion-tabs.fusion-tabs-2 .nav-tabs li.active a.tab-link,.fusion-tabs.fusion-tabs-2 .nav-tabs li.active a.tab-link:hover,.fusion-tabs.fusion-tabs-2 .nav-tabs li.active a.tab-link:focus{border-right-color:#ffffff;}.fusion-tabs.fusion-tabs-2 .nav-tabs li.active a.tab-link,.fusion-tabs.fusion-tabs-2 .nav-tabs li.active a.tab-link:hover,.fusion-tabs.fusion-tabs-2 .nav-tabs li.active a.tab-link:focus{background-color:#ffffff;}.fusion-tabs.fusion-tabs-2 .nav-tabs li a:hover{background-color:#ffffff;border-top-color:#ffffff;}.fusion-tabs.fusion-tabs-2 .tab-pane{background-color:#ffffff;}.fusion-tabs.fusion-tabs-2 .nav,.fusion-tabs.fusion-tabs-2 .nav-tabs,.fusion-tabs.fusion-tabs-2 .tab-content .tab-pane{border-color:#e2e2e2;}<\/style><div class=\"nav\"><ul class=\"nav-tabs nav-justified\" role=\"tablist\"><li class=\"active\"><a class=\"tab-link\" data-toggle=\"tab\" role=\"tab\" aria-controls=\"tab-2a987204d92494b0035\" aria-selected=\"true\" id=\"fusion-tab-thesis\" href=\"#tab-2a987204d92494b0035\"><h4 class=\"fusion-tab-heading\">THESIS<\/h4><\/a><\/li><\/ul><\/div><div class=\"tab-content\"><div class=\"nav fusion-mobile-tab-nav\"><ul class=\"nav-tabs nav-justified\"><li class=\"active\"><a class=\"tab-link\" data-toggle=\"tab\" role=\"tab\" aria-controls=\"tab-2a987204d92494b0035\" aria-selected=\"true\" id=\"mobile-fusion-tab-thesis\" href=\"#tab-2a987204d92494b0035\"><h4 class=\"fusion-tab-heading\">THESIS<\/h4><\/a><\/li><\/ul><\/div><div class=\"tab-pane fade fusion-clearfix in active\" role=\"tabpanel\" tabindex=\"0\" aria-labelledby=\"fusion-tab-thesis\" id=\"tab-2a987204d92494b0035\"><span style=\"color:#3D44AC; font-size:16px;\">Title: <\/span>Patrones de amplificaci\u00f3n de egfr en el glioblastoma, e identificaci\u00f3n de biomarcadores implicados en sus principales v\u00edas de se\u00f1alizaci\u00f3n<br \/>\n<span style=\"color:#3D44AC; font-size:16px;\">Doctoral candidate: <\/span>Navarro Cerver\u00f3, Lara<br \/>\n<span style=\"color:#3D44AC; font-size:16px;\">Director(s): <\/span>Cerd\u00e1 Nicol\u00e1s, Miguel; L\u00f3pez Giner, Concepci\u00f3n<br \/>\n<span style=\"color:#3D44AC; font-size:16px;\">Date of the defense: <\/span>28\/10\/2022<br \/>\n<span style=\"color:#3D44AC; font-size:16px;\">University: <\/span>Universitat de Val\u00e8ncia<\/p>\n<\/div><\/div><\/div>\n<\/div><\/div><style type=\"text\/css\">.fusion-body .fusion-builder-column-3{width:100% !important;margin-top : 0px;margin-bottom : 20px;}.fusion-builder-column-3 > .fusion-column-wrapper {padding-top : 0px !important;padding-right : 0px !important;margin-right : 1.92%;padding-bottom : 0px !important;padding-left : 0px !important;margin-left : 1.92%;}@media only screen and (max-width:1532px) {.fusion-body .fusion-builder-column-3{width:100% !important;order : 0;}.fusion-builder-column-3 > .fusion-column-wrapper {margin-right : 1.92%;margin-left : 1.92%;}}@media only screen and (max-width:640px) {.fusion-body .fusion-builder-column-3{width:100% !important;order : 0;}.fusion-builder-column-3 > .fusion-column-wrapper {margin-right : 1.92%;margin-left : 1.92%;}}<\/style>\n<\/div>\n<style type=\"text\/css\">.fusion-body .fusion-flex-container.fusion-builder-row-3{ padding-top : 2%;margin-top : 0px;padding-right : 0px;padding-bottom : 0px;margin-bottom : 0px;padding-left : 0px;}<\/style><\/div><\/p>\n","protected":false},"excerpt":{"rendered":"","protected":false},"author":1,"featured_media":0,"parent":0,"menu_order":0,"comment_status":"closed","ping_status":"closed","template":"100-width.php","meta":[],"acf":[],"_links":{"self":[{"href":"https:\/\/tst.incliva.es\/en\/wp-json\/wp\/v2\/pages\/7538"}],"collection":[{"href":"https:\/\/tst.incliva.es\/en\/wp-json\/wp\/v2\/pages"}],"about":[{"href":"https:\/\/tst.incliva.es\/en\/wp-json\/wp\/v2\/types\/page"}],"author":[{"embeddable":true,"href":"https:\/\/tst.incliva.es\/en\/wp-json\/wp\/v2\/users\/1"}],"replies":[{"embeddable":true,"href":"https:\/\/tst.incliva.es\/en\/wp-json\/wp\/v2\/comments?post=7538"}],"version-history":[{"count":0,"href":"https:\/\/tst.incliva.es\/en\/wp-json\/wp\/v2\/pages\/7538\/revisions"}],"wp:attachment":[{"href":"https:\/\/tst.incliva.es\/en\/wp-json\/wp\/v2\/media?parent=7538"}],"curies":[{"name":"wp","href":"https:\/\/api.w.org\/{rel}","templated":true}]}}