{"id":7540,"date":"2025-04-10T09:06:09","date_gmt":"2025-04-10T09:06:09","guid":{"rendered":"https:\/\/tst.incliva.es\/?page_id=7540"},"modified":"2025-04-10T09:06:09","modified_gmt":"2025-04-10T09:06:09","slug":"samuel-navarro-fos","status":"publish","type":"page","link":"https:\/\/tst.incliva.es\/en\/samuel-navarro-fos\/","title":{"rendered":"Samuel Navarro Fos"},"content":{"rendered":"<p><div class=\"fusion-fullwidth fullwidth-box fusion-builder-row-1 fusion-flex-container fusion-parallax-none nonhundred-percent-fullwidth non-hundred-percent-height-scrolling\" style=\"background-color: #ededed;background-image: url(&quot;https:\/\/www.incliva.es\/wp-content\/uploads\/2021\/01\/fondo.jpg&quot;);background-position: center center;background-repeat: no-repeat;border-width: 0px 0px 0px 0px;border-color:#e2e2e2;border-style:solid;-webkit-background-size:cover;-moz-background-size:cover;-o-background-size:cover;background-size:cover;\" ><div class=\"fusion-builder-row fusion-row fusion-flex-align-items-flex-start\" style=\"max-width:1248px;margin-left: calc(-4% \/ 2 );margin-right: calc(-4% \/ 2 );\">\n<div class=\"fusion-layout-column fusion_builder_column fusion-builder-column-0 fusion_builder_column_3_4 3_4 fusion-flex-column\"><div class=\"fusion-column-wrapper fusion-flex-justify-content-flex-start fusion-content-layout-column\" style=\"background-position:left top;background-repeat:no-repeat;-webkit-background-size:cover;-moz-background-size:cover;-o-background-size:cover;background-size:cover;padding: 0px 0px 0px 0px;\">\n<div class=\"fusion-text fusion-text-1\" style=\"transform:translate3d(0,0,0);\"><h3>Dr. Samuel Navarro Fos<\/h3>\n<\/div>\n<div class=\"fusion-separator fusion-full-width-sep\" style=\"align-self: center;margin-left: auto;margin-right: auto;margin-bottom:3px;width:100%;\"><div class=\"fusion-separator-border sep-single sep-solid\" style=\"border-color:#9da0d2;border-top-width:1px;\"><\/div><\/div>\n<div class=\"fusion-text fusion-text-2\" style=\"transform:translate3d(0,0,0);\"><h5><span style=\"color: #3D44AC;\">Principal Investigator<br \/>\nTranslational Research Group on Pediatric Solid Tumors<br \/>\n<\/span><\/h5>\n<\/div>\n<div class=\"fusion-separator fusion-full-width-sep\" style=\"align-self: center;margin-left: auto;margin-right: auto;margin-bottom:10px;width:100%;\"><div class=\"fusion-separator-border sep-single sep-solid\" style=\"border-color:#9da0d2;border-top-width:1px;\"><\/div><\/div>\n<div class=\"fusion-text fusion-text-3\" style=\"transform:translate3d(0,0,0);\"><h4 style=\"text-align: justify;\">Presentation<\/h4>\n<\/div>\n<\/div><\/div><style type=\"text\/css\">.fusion-body .fusion-builder-column-0{width:75% !important;margin-top : 0px;margin-bottom : 20px;}.fusion-builder-column-0 > .fusion-column-wrapper {padding-top : 0px !important;padding-right : 0px !important;margin-right : 2.56%;padding-bottom : 0px !important;padding-left : 0px !important;margin-left : 2.56%;}@media only screen and (max-width:1532px) {.fusion-body .fusion-builder-column-0{width:75% !important;}.fusion-builder-column-0 > .fusion-column-wrapper {margin-right : 2.56%;margin-left : 2.56%;}}@media only screen and (max-width:640px) {.fusion-body .fusion-builder-column-0{width:100% !important;}.fusion-builder-column-0 > .fusion-column-wrapper {margin-right : 1.92%;margin-left : 1.92%;}}<\/style>\n<div class=\"fusion-layout-column fusion_builder_column fusion-builder-column-1 fusion_builder_column_1_4 1_4 fusion-flex-column\"><div class=\"fusion-column-wrapper fusion-flex-justify-content-flex-start fusion-content-layout-column\" style=\"background-position:left top;background-repeat:no-repeat;-webkit-background-size:cover;-moz-background-size:cover;-o-background-size:cover;background-size:cover;background-color:#ffffff;border-width: 0 0 0 2px;border-color:#9da0d2;border-style:solid;padding: 4% 4% 4% 4%;\">\n<div ><span class=\" fusion-imageframe imageframe-none imageframe-1 hover-type-none\" style=\"border-radius:5px;\"><img src=\"\/wp-content\/uploads\/2022\/10\/Samuel-Navarro-Fos_FIH20_IP.jpg\" class=\"img-responsive\"\/><\/span><\/div>\n<div class=\"fusion-separator fusion-full-width-sep\" style=\"align-self: center;margin-left: auto;margin-right: auto;margin-top:10px;margin-bottom:10px;width:100%;\"><\/div>\n<div class=\"fusion-text fusion-text-4\" style=\"transform:translate3d(0,0,0);\"><h5 style=\"text-align: center;\">Principal<br \/>\nInvestigator<\/h5>\n<div style=\"text-align: center;\">Dr. Samuel Navarro Fos<\/div>\n<p style=\"text-align: center;\"><a href=\"mailto:samuel.navarro@uv.es; navarro@uv.es\">samuel.navarro@uv.es; navarro@uv.es<\/a><\/p>\n<\/div>\n<\/div><\/div><style type=\"text\/css\">.fusion-body .fusion-builder-column-1{width:25% !important;margin-top : 0px;margin-bottom : 20px;}.fusion-builder-column-1 > .fusion-column-wrapper {padding-top : 4% !important;padding-right : 4% !important;margin-right : 7.68%;padding-bottom : 4% !important;padding-left : 4% !important;margin-left : 7.68%;}@media only screen and (max-width:1532px) {.fusion-body .fusion-builder-column-1{width:25% !important;order : 0;}.fusion-builder-column-1 > .fusion-column-wrapper {margin-right : 7.68%;margin-left : 7.68%;}}@media only screen and (max-width:640px) {.fusion-body .fusion-builder-column-1{width:100% !important;order : 0;}.fusion-builder-column-1 > .fusion-column-wrapper {margin-right : 1.92%;margin-left : 1.92%;}}<\/style>\n<\/div>\n<style type=\"text\/css\">.fusion-fullwidth.fusion-builder-row-1 { overflow:visible; }.fusion-body .fusion-flex-container.fusion-builder-row-1{ padding-top : 2%;margin-top : 0px;padding-right : 0px;padding-bottom : 0px;margin-bottom : 0px;padding-left : 0px;}<\/style><\/div><br \/>\n<div class=\"fusion-fullwidth fullwidth-box fusion-builder-row-2 fusion-flex-container nonhundred-percent-fullwidth non-hundred-percent-height-scrolling\" style=\"background-color: #e5e5e5;background-position: center center;background-repeat: no-repeat;border-width: 0px 0px 0px 0px;border-color:#e2e2e2;border-style:solid;\" ><div class=\"fusion-builder-row fusion-row fusion-flex-align-items-flex-start\" style=\"max-width:1248px;margin-left: calc(-4% \/ 2 );margin-right: calc(-4% \/ 2 );\">\n<div class=\"fusion-layout-column fusion_builder_column fusion-builder-column-2 fusion_builder_column_1_1 1_1 fusion-flex-column\"><div class=\"fusion-column-wrapper fusion-flex-justify-content-flex-start fusion-content-layout-column\" style=\"background-position:left top;background-repeat:no-repeat;-webkit-background-size:cover;-moz-background-size:cover;-o-background-size:cover;background-size:cover;padding: 0px 0px 0px 0px;\">\n<div class=\"fusion-text fusion-text-5\" style=\"transform:translate3d(0,0,0);\"><h5>Publications<\/h5>\n<\/div>\n<div class=\"fusion-tabs fusion-tabs-1 classic horizontal-tabs icon-position-left\"><style type=\"text\/css\">.fusion-tabs.fusion-tabs-1 .nav-tabs li a.tab-link{border-top-color:#f9f9fb;background-color:#f9f9fb;}.fusion-tabs.fusion-tabs-1 .nav-tabs{background-color:#ffffff;}.fusion-tabs.fusion-tabs-1 .nav-tabs li.active a.tab-link,.fusion-tabs.fusion-tabs-1 .nav-tabs li.active a.tab-link:hover,.fusion-tabs.fusion-tabs-1 .nav-tabs li.active a.tab-link:focus{border-right-color:#ffffff;}.fusion-tabs.fusion-tabs-1 .nav-tabs li.active a.tab-link,.fusion-tabs.fusion-tabs-1 .nav-tabs li.active a.tab-link:hover,.fusion-tabs.fusion-tabs-1 .nav-tabs li.active a.tab-link:focus{background-color:#ffffff;}.fusion-tabs.fusion-tabs-1 .nav-tabs li a:hover{background-color:#ffffff;border-top-color:#ffffff;}.fusion-tabs.fusion-tabs-1 .tab-pane{background-color:#ffffff;}.fusion-tabs.fusion-tabs-1 .nav,.fusion-tabs.fusion-tabs-1 .nav-tabs,.fusion-tabs.fusion-tabs-1 .tab-content .tab-pane{border-color:#e2e2e2;}<\/style><div class=\"nav\"><ul class=\"nav-tabs nav-justified\" role=\"tablist\"><li class=\"active\"><a class=\"tab-link\" data-toggle=\"tab\" role=\"tab\" aria-controls=\"tab-0dbb554574dc1e5023c\" aria-selected=\"true\" id=\"fusion-tab-2024\" href=\"#tab-0dbb554574dc1e5023c\"><h4 class=\"fusion-tab-heading\">2024<\/h4><\/a><\/li><li><a class=\"tab-link\" data-toggle=\"tab\" role=\"tab\" aria-controls=\"tab-aa8c7ea43c73e3eaf42\" aria-selected=\"false\" tabindex=\"-1\" id=\"fusion-tab-2023\" href=\"#tab-aa8c7ea43c73e3eaf42\"><h4 class=\"fusion-tab-heading\">2023<\/h4><\/a><\/li><li><a class=\"tab-link\" data-toggle=\"tab\" role=\"tab\" aria-controls=\"tab-4c1146518cf97dc9db7\" aria-selected=\"false\" tabindex=\"-1\" id=\"fusion-tab-2022\" href=\"#tab-4c1146518cf97dc9db7\"><h4 class=\"fusion-tab-heading\">2022<\/h4><\/a><\/li><li><a class=\"tab-link\" data-toggle=\"tab\" role=\"tab\" aria-controls=\"tab-b5075c7be7833aa8f9a\" aria-selected=\"false\" tabindex=\"-1\" id=\"fusion-tab-2021\" href=\"#tab-b5075c7be7833aa8f9a\"><h4 class=\"fusion-tab-heading\">2021<\/h4><\/a><\/li><\/ul><\/div><div class=\"tab-content\"><div class=\"nav fusion-mobile-tab-nav\"><ul class=\"nav-tabs nav-justified\"><li class=\"active\"><a class=\"tab-link\" data-toggle=\"tab\" role=\"tab\" aria-controls=\"tab-0dbb554574dc1e5023c\" aria-selected=\"true\" id=\"mobile-fusion-tab-2024\" href=\"#tab-0dbb554574dc1e5023c\"><h4 class=\"fusion-tab-heading\">2024<\/h4><\/a><\/li><\/ul><\/div><div class=\"tab-pane fade fusion-clearfix in active\" role=\"tabpanel\" tabindex=\"0\" aria-labelledby=\"fusion-tab-2024\" id=\"tab-0dbb554574dc1e5023c\">\n<div style=\"padding-top:4%;padding-left:4%; padding-right:4%; text-align:justify;\">\nSolitary fibrous tumor: can the new Huang risk stratification system for orbital tumors improve prognostic accuracy in other tumor locations?. Medina-Ceballos E, Machado I, Giner F, Bujeda A, Navarro S, Ferrandez A, Lavernia J, Ruiz-Sauri A, Llombart-Bosch A. Pathology, Research and Practice. 2024 Feb:254:155143. doi: <a href='https:\/\/doi.org\/10.1016\/j.prp.2024.155143' target='_blank'>10.1016\/j.prp.2024.155143<\/a>. PMID: <a href='https:\/\/pubmed.ncbi.nlm.nih.gov\/38301364' target='_blank'>38301364<\/a><\/p>\n<\/div>\n<\/div><div class=\"nav fusion-mobile-tab-nav\"><ul class=\"nav-tabs nav-justified\"><li><a class=\"tab-link\" data-toggle=\"tab\" role=\"tab\" aria-controls=\"tab-aa8c7ea43c73e3eaf42\" aria-selected=\"false\" tabindex=\"-1\" id=\"mobile-fusion-tab-2023\" href=\"#tab-aa8c7ea43c73e3eaf42\"><h4 class=\"fusion-tab-heading\">2023<\/h4><\/a><\/li><\/ul><\/div><div class=\"tab-pane fade fusion-clearfix\" role=\"tabpanel\" tabindex=\"0\" aria-labelledby=\"fusion-tab-2023\" id=\"tab-aa8c7ea43c73e3eaf42\">\n<div style=\"padding-top:4%;padding-left:4%; padding-right:4%; text-align:justify;\">\nAcquired aggressive multisystemic disseminated lobular capillary haemangioma: a life threatening disorder. Monteagudo C, Porcar-Saura S, Navarro S, Burgues O, Gonzalez J, Ferrandez A, Forner M. Pathology. 2023 Aug;55(5):729-732. doi: <a href='https:\/\/doi.org\/10.1016\/j.pathol.2022.11.014' target='_blank'>10.1016\/j.pathol.2022.11.014<\/a>. PMID: <a href='https:\/\/pubmed.ncbi.nlm.nih.gov\/36894353' target='_blank'>36894353<\/a><\/p>\n<p>Digital image analysis workflows for evaluation of cell behavior and tumor microenvironment to aid therapeutic assessment in high-risk neuroblastoma. Stoks M, Vieco-Marti I, Noguera I, Sanchez-Sanchez M, Burgos-Panadero R, Navarro S, Noguera R. Computers in Biology and Medicine. 2023 Aug 14;164:107364. doi: <a href='https:\/\/doi.org\/10.1016\/j.compbiomed.2023.107364' target='_blank'>10.1016\/j.compbiomed.2023.107364<\/a>. PMID: <a href='https:\/\/pubmed.ncbi.nlm.nih.gov\/37598482' target='_blank'>37598482<\/a><\/p>\n<p>Extra-meningeal solitary fibrous tumor: an evolving entity with chameleonic morphological diversity, a hallmark molecular alteration and unresolved issues in risk stratification assessment. Machado I, Giner F, Cruz J, Lavernia J, Marhuenda-Fluixa A, Claramunt R, Lopez-Guerrero J, Navarro S, Ferrandez A, Blazquez Bujeda A, Ruiz-Sauri A, Llombart-Bosch A. Histology and Histopathology. 2023 Oct;38(10):1079-1097. doi: <a href='https:\/\/doi.org\/10.14670\/HH-18-608' target='_blank'>10.14670\/HH-18-608<\/a>. PMID: <a href='https:\/\/pubmed.ncbi.nlm.nih.gov\/36975173' target='_blank'>36975173<\/a><\/p>\n<p>Extraskeletal myxoid chondrosarcoma: p53 and Ki-67 offer prognostic value for clinical outcome &#8211; an immunohistochemical and molecular analysis of 31 cases. Giner F, Lopez-Guerrero J, Machado I, Rubio-Martinez L, Espino M, Navarro S, Agra-Pujol C, Ferrandez A, Llombart-Bosch A. Virchows Archiv. 2023 Feb;482(2):407-417. doi: <a href='https:\/\/doi.org\/10.1007\/s00428-022-03453-x' target='_blank'>10.1007\/s00428-022-03453-x<\/a>. PMID: <a href='https:\/\/pubmed.ncbi.nlm.nih.gov\/36376703' target='_blank'>36376703<\/a><\/p>\n<p>Intimal Sarcoma with MDM2\/CDK4 amplification and p16 Overexpression: a review of histological features in primary tumor and xenograft, with immunophenotype and molecular profiling. Giner F, Machado I, Rubio-Martinez L, Lopez-Guerrero J, Claramunt-Alonso R, Navarro S, Ferrandez A, Mayordomo-Aranda E, Llombart-Bosch A. International Journal of Molecular Sciences. 2023 Apr 19;24(8):7535. doi: <a href='https:\/\/doi.org\/10.3390\/ijms24087535' target='_blank'>10.3390\/ijms24087535<\/a>. PMID: <a href='https:\/\/pubmed.ncbi.nlm.nih.gov\/37108696' target='_blank'>37108696<\/a><\/p>\n<style type=\"text\/css\">.fusion-accordian  #accordion-7540-1 .panel-title a .fa-fusion-box{ color: #ffffff;}.fusion-accordian  #accordion-7540-1 .panel-title a .fa-fusion-box:before{ font-size: 14px; width: 14px;}.fusion-accordian  #accordion-7540-1.fusion-toggle-icon-right .fusion-toggle-heading{ margin-right: 32px;}.fusion-accordian  #accordion-7540-1 .panel-title a{font-size:14px;}.fusion-accordian  #accordion-7540-1 .fa-fusion-box { background-color: #212934;border-color: #212934;}.fusion-accordian  #accordion-7540-1 .panel-title a:hover, #accordion-7540-1 .fusion-toggle-boxed-mode:hover .panel-title a { color: #3bafbf;}.fusion-accordian  #accordion-7540-1 .panel-title .active .fa-fusion-box,.fusion-accordian  #accordion-7540-1 .panel-title a:hover .fa-fusion-box { background-color: #3bafbf!important;border-color: #3bafbf!important;}<\/style><div class=\"accordian fusion-accordian\"><div class=\"panel-group fusion-toggle-icon-right\" id=\"accordion-7540-1\" role=\"tablist\">\n<div class=\"fusion-panel panel-default\" role=\"tabpanel\"><div class=\"panel-heading\"><h4 class=\"panel-title toggle\"><a aria-expanded=\"false\" aria-selected=\"false\" aria-controls=\"7c2ec68f68af11268\" role=\"tab\" data-toggle=\"collapse\" data-parent=\"#accordion-7540-1\" data-target=\"#7c2ec68f68af11268\" href=\"#7c2ec68f68af11268\"><span class=\"fusion-toggle-icon-wrapper\" aria-hidden=\"true\"><i class=\"fa-fusion-box\" aria-hidden=\"true\"><\/i><\/span><span class=\"fusion-toggle-heading\">More publications from 2023<\/span><\/a><\/h4><\/div><div id=\"7c2ec68f68af11268\" class=\"panel-collapse collapse \"><div class=\"panel-body toggle-content fusion-clearfix\">\nThe value of GLI1 and p16 immunohistochemistry in the premolecular screening for GLI1-altered mesenchymal neoplasms. Machado I, Agaimy A, Giner F, Navarro S, Michal M, Bridge J, Claramunt R, L\u00f3pez-Guerrero JA, Alcacer J, Linos K, Llombart-Bosch A. Virchows Archiv. 2023 Nov 8. doi: <a href='https:\/\/doi.org\/10.1007\/s00428-023-03687-3' target='_blank'>10.1007\/s00428-023-03687-3<\/a>. PMID: <a href='https:\/\/pubmed.ncbi.nlm.nih.gov\/37940743' target='_blank'>37940743<\/a><\/p>\n<\/div><\/div><\/div>\n<\/div><\/div><\/div>\n<\/div><div class=\"nav fusion-mobile-tab-nav\"><ul class=\"nav-tabs nav-justified\"><li><a class=\"tab-link\" data-toggle=\"tab\" role=\"tab\" aria-controls=\"tab-4c1146518cf97dc9db7\" aria-selected=\"false\" tabindex=\"-1\" id=\"mobile-fusion-tab-2022\" href=\"#tab-4c1146518cf97dc9db7\"><h4 class=\"fusion-tab-heading\">2022<\/h4><\/a><\/li><\/ul><\/div><div class=\"tab-pane fade fusion-clearfix\" role=\"tabpanel\" tabindex=\"0\" aria-labelledby=\"fusion-tab-2022\" id=\"tab-4c1146518cf97dc9db7\">\n<div style=\"padding-top:4%;padding-left:4%; padding-right:4%; text-align:justify;\">\nDoes PAX7 and NKX2.2 immunoreactivity in Ewing sarcoma have prognostic significance?. Machado I, Charville GW, Yoshida A, Navarro S, Righi A, Gambarotti M, Scotlandi K, Lopez-Guerrero JA, Llombart-Bosch A. Virchows Archiv. 2022 Apr;480(4):909-917. doi: <a href='https:\/\/doi.org\/10.1007\/s00428-021-03254-8' target='_blank'>10.1007\/s00428-021-03254-8<\/a>. PMID: <a href='https:\/\/pubmed.ncbi.nlm.nih.gov\/34985580' target='_blank'>34985580<\/a><\/p>\n<p>Evaluation of alternative risk stratification systems in a large series of solitary fibrous tumors with molecular findings and Ki-67 Index Data: do they improve risk assessment?. Machado I, Bujeda A, Giner F, Morales M, Cruz J, Lavernia J, Navarro S, Ferrandez A, Ruiz-Sauri A, Llombart-Bosch A. International Journal of Molecular Sciences. 2022 Dec 27;24(1):439. doi: <a href='https:\/\/doi.org\/10.3390\/ijms24010439' target='_blank'>10.3390\/ijms24010439<\/a>. PMID: <a href='https:\/\/pubmed.ncbi.nlm.nih.gov\/36613891' target='_blank'>36613891<\/a><\/p>\n<p>Integrating digital pathology with transcriptomic and epigenomic tools for predicting metastatic uterine tumor aggressiveness. Sonzini G, Granados-Aparici S, Sanegre S, Diaz-Lagares A, Diaz-Martin J, de Andrea C, Eritja N, Bao-Caamano A, Costa-Fraga N, Garcia-Ros D, Salguero-Aranda C, Davidson B, Lopez-Lopez R, Melero I, Navarro S, Ramon Y Cajal S, de Alava E, Matias-Guiu X, Noguera R. Frontiers in Cell and Developmental Biology. 2022 Nov 18;10:1052098. doi: <a href='https:\/\/doi.org\/10.3389\/fcell.2022.1052098' target='_blank'>10.3389\/fcell.2022.1052098<\/a>. PMID: <a href='https:\/\/pubmed.ncbi.nlm.nih.gov\/36467415' target='_blank'>36467415<\/a><\/p>\n<\/div>\n<\/div><div class=\"nav fusion-mobile-tab-nav\"><ul class=\"nav-tabs nav-justified\"><li><a class=\"tab-link\" data-toggle=\"tab\" role=\"tab\" aria-controls=\"tab-b5075c7be7833aa8f9a\" aria-selected=\"false\" tabindex=\"-1\" id=\"mobile-fusion-tab-2021\" href=\"#tab-b5075c7be7833aa8f9a\"><h4 class=\"fusion-tab-heading\">2021<\/h4><\/a><\/li><\/ul><\/div><div class=\"tab-pane fade fusion-clearfix\" role=\"tabpanel\" tabindex=\"0\" aria-labelledby=\"fusion-tab-2021\" id=\"tab-b5075c7be7833aa8f9a\">\n<div style=\"padding-top:4%;padding-left:4%; padding-right:4%; text-align:justify;\">\nIntra-tumour genetic heterogeneity and prognosis in high-risk neuroblastoma. Lopez-Carrasco A, Berbegall A, Martin-Vano S, Blanquer-Maceiras M, Castel V, Navarro S, Noguera R. Cancers. 2021 Oct 15;13(20):5173. doi: <a href='https:\/\/doi.org\/10.3390\/cancers13205173' target='_blank'>10.3390\/cancers13205173<\/a>. PMID: <a href='https:\/\/pubmed.ncbi.nlm.nih.gov\/34680323' target='_blank'>34680323<\/a><\/p>\n<p>Neuroendocrine differentiation in a large series of genetically-confirmed Ewing&#8217;s sarcoma family tumor: Does it provide any diagnostic or prognostic information?.  Machado I, Navarro S, Lopez-Guerrero J, Verdini L, Picci P, Giner F, Llombart-Bosch A. Pathology, Research and Practice. 2021 Feb 6;219:153362. doi: <a href='https:\/\/doi.org\/10.1016\/j.prp.2021.153362' target='_blank'>10.1016\/j.prp.2021.153362<\/a>. PMID: <a href='https:\/\/pubmed.ncbi.nlm.nih.gov\/33610950' target='_blank'>33610950<\/a><\/p>\n<p>Solitary fibrous tumor: integration of clinical, morphologic, immunohistochemical and molecular findings in risk stratification and classification may better predict patient outcome. Machado I, Nieto Morales MG, Cruz J, Lavernia J, Giner F, Navarro S, Ferrandez A, Llombart-Bosch A. International Journal of Molecular Sciences. 2021 Aug 30;22(17):9423. doi: <a href='https:\/\/doi.org\/10.3390\/ijms22179423' target='_blank'>10.3390\/ijms22179423<\/a>. PMID: <a href='https:\/\/pubmed.ncbi.nlm.nih.gov\/34502329' target='_blank'>34502329<\/a><\/p>\n<p>Unraveling the extracellular matrix-tumor cell interactions to aid better targeted therapies for neuroblastoma. Burgos-Panadero R, El Moukhtari SH, Noguera I, Rodriguez-Nogales C, Martin-Vano S, Vicente-Munuera P, Canete A, Navarro S, Blanco-Prieto MJ, Noguera R. International Journal of Pharmaceutics. 2021 Aug 28;608:121058. doi: <a href='https:\/\/doi.org\/10.1016\/j.ijpharm.2021.121058' target='_blank'>10.1016\/j.ijpharm.2021.121058<\/a>. PMID: <a href='https:\/\/pubmed.ncbi.nlm.nih.gov\/34461172' target='_blank'>34461172<\/a><\/p>\n<\/div>\n<\/div><\/div><\/div>\n<\/div><\/div><style type=\"text\/css\">.fusion-body .fusion-builder-column-2{width:100% !important;margin-top : 0px;margin-bottom : 20px;}.fusion-builder-column-2 > .fusion-column-wrapper {padding-top : 0px !important;padding-right : 0px !important;margin-right : 1.92%;padding-bottom : 0px !important;padding-left : 0px !important;margin-left : 1.92%;}@media only screen and (max-width:1532px) {.fusion-body .fusion-builder-column-2{width:100% !important;}.fusion-builder-column-2 > .fusion-column-wrapper {margin-right : 1.92%;margin-left : 1.92%;}}@media only screen and (max-width:640px) {.fusion-body .fusion-builder-column-2{width:100% !important;}.fusion-builder-column-2 > .fusion-column-wrapper {margin-right : 1.92%;margin-left : 1.92%;}}<\/style>\n<\/div>\n<style type=\"text\/css\">.fusion-body .fusion-flex-container.fusion-builder-row-2{ padding-top : 2%;margin-top : 0px;padding-right : 0px;padding-bottom : 0px;margin-bottom : 0px;padding-left : 0px;}<\/style><\/div><div class=\"fusion-fullwidth fullwidth-box fusion-builder-row-3 fusion-flex-container nonhundred-percent-fullwidth non-hundred-percent-height-scrolling\" style=\"background-color: #e5e5e5;background-position: center center;background-repeat: no-repeat;border-width: 0px 0px 0px 0px;border-color:#e2e2e2;border-style:solid;\" ><div class=\"fusion-builder-row fusion-row fusion-flex-align-items-flex-start\" style=\"max-width:1248px;margin-left: calc(-4% \/ 2 );margin-right: calc(-4% \/ 2 );\">\n<div class=\"fusion-layout-column fusion_builder_column fusion-builder-column-3 fusion_builder_column_1_1 1_1 fusion-flex-column\"><div class=\"fusion-column-wrapper fusion-flex-justify-content-flex-start fusion-content-layout-column\" style=\"background-position:left top;background-repeat:no-repeat;-webkit-background-size:cover;-moz-background-size:cover;-o-background-size:cover;background-size:cover;padding: 0px 0px 0px 0px;\">\n<div class=\"fusion-text fusion-text-6\" style=\"transform:translate3d(0,0,0);\"><h5>+ Info<\/h5>\n<\/div>\n<div class=\"fusion-tabs fusion-tabs-2 classic horizontal-tabs icon-position-left\"><style type=\"text\/css\">.fusion-tabs.fusion-tabs-2 .nav-tabs li a.tab-link{border-top-color:#f9f9fb;background-color:#f9f9fb;}.fusion-tabs.fusion-tabs-2 .nav-tabs{background-color:#ffffff;}.fusion-tabs.fusion-tabs-2 .nav-tabs li.active a.tab-link,.fusion-tabs.fusion-tabs-2 .nav-tabs li.active a.tab-link:hover,.fusion-tabs.fusion-tabs-2 .nav-tabs li.active a.tab-link:focus{border-right-color:#ffffff;}.fusion-tabs.fusion-tabs-2 .nav-tabs li.active a.tab-link,.fusion-tabs.fusion-tabs-2 .nav-tabs li.active a.tab-link:hover,.fusion-tabs.fusion-tabs-2 .nav-tabs li.active a.tab-link:focus{background-color:#ffffff;}.fusion-tabs.fusion-tabs-2 .nav-tabs li a:hover{background-color:#ffffff;border-top-color:#ffffff;}.fusion-tabs.fusion-tabs-2 .tab-pane{background-color:#ffffff;}.fusion-tabs.fusion-tabs-2 .nav,.fusion-tabs.fusion-tabs-2 .nav-tabs,.fusion-tabs.fusion-tabs-2 .tab-content .tab-pane{border-color:#e2e2e2;}<\/style><div class=\"nav\"><ul class=\"nav-tabs nav-justified\" role=\"tablist\"><li class=\"active\"><a class=\"tab-link\" data-toggle=\"tab\" role=\"tab\" aria-controls=\"tab-90831d9ec2c95b32a96\" aria-selected=\"true\" id=\"fusion-tab-thesis\" href=\"#tab-90831d9ec2c95b32a96\"><h4 class=\"fusion-tab-heading\">THESIS<\/h4><\/a><\/li><\/ul><\/div><div class=\"tab-content\"><div class=\"nav fusion-mobile-tab-nav\"><ul class=\"nav-tabs nav-justified\"><li class=\"active\"><a class=\"tab-link\" data-toggle=\"tab\" role=\"tab\" aria-controls=\"tab-90831d9ec2c95b32a96\" aria-selected=\"true\" id=\"mobile-fusion-tab-thesis\" href=\"#tab-90831d9ec2c95b32a96\"><h4 class=\"fusion-tab-heading\">THESIS<\/h4><\/a><\/li><\/ul><\/div><div class=\"tab-pane fade fusion-clearfix in active\" role=\"tabpanel\" tabindex=\"0\" aria-labelledby=\"fusion-tab-thesis\" id=\"tab-90831d9ec2c95b32a96\"><span style=\"color:#3D44AC; font-size:16px;\">Title: <\/span>An\u00e1lisis de la expresi\u00f3n de las prote\u00ednas reparadoras del ADN mediante inmunohistoqu\u00edmica en las biopsias endosc\u00f3picas y la pieza quir\u00fargica correspondiente de pacientes con c\u00e1ncer colorrectal<br \/>\n<span style=\"color:#3D44AC; font-size:16px;\">Doctoral candidate: <\/span>Mart\u00ednez Lapiedra, Carmen<br \/>\n<span style=\"color:#3D44AC; font-size:16px;\">Director(s): <\/span>Navarro Fos, Samuel; Machado Puerto, Isidro<br \/>\n<span style=\"color:#3D44AC; font-size:16px;\">Date of the defense: <\/span>19\/05\/2023<br \/>\n<span style=\"color:#3D44AC; font-size:16px;\">University: <\/span>University de Valencia<\/p>\n<p><span style=\"color:#3D44AC; font-size:16px;\">Title: <\/span>B\u00fasqueda de dianas terap\u00e9uticas en los puntos de contacto de la c\u00e9lula tumoral con su matriz extracelular en tumores neurobl\u00e1sticos<br \/>\n<span style=\"color:#3D44AC; font-size:16px;\">Doctoral candidate: <\/span>Burgos Panadero, Rebeca<br \/>\n<span style=\"color:#3D44AC; font-size:16px;\">Director(s): <\/span>Noguera Salv\u00e1, Rosa; Navarro Fos, Samuel<br \/>\n<span style=\"color:#3D44AC; font-size:16px;\">Date of the defense: <\/span>31\/07\/2020<br \/>\n<span style=\"color:#3D44AC; font-size:16px;\">University: <\/span>Universitat de Val\u00e8ncia<\/p>\n<\/div><\/div><\/div>\n<\/div><\/div><style type=\"text\/css\">.fusion-body .fusion-builder-column-3{width:100% !important;margin-top : 0px;margin-bottom : 20px;}.fusion-builder-column-3 > .fusion-column-wrapper {padding-top : 0px !important;padding-right : 0px !important;margin-right : 1.92%;padding-bottom : 0px !important;padding-left : 0px !important;margin-left : 1.92%;}@media only screen and (max-width:1532px) {.fusion-body .fusion-builder-column-3{width:100% !important;order : 0;}.fusion-builder-column-3 > .fusion-column-wrapper {margin-right : 1.92%;margin-left : 1.92%;}}@media only screen and (max-width:640px) {.fusion-body .fusion-builder-column-3{width:100% !important;order : 0;}.fusion-builder-column-3 > .fusion-column-wrapper {margin-right : 1.92%;margin-left : 1.92%;}}<\/style>\n<\/div>\n<style type=\"text\/css\">.fusion-body .fusion-flex-container.fusion-builder-row-3{ padding-top : 2%;margin-top : 0px;padding-right : 0px;padding-bottom : 0px;margin-bottom : 0px;padding-left : 0px;}<\/style><\/div><\/p>\n","protected":false},"excerpt":{"rendered":"","protected":false},"author":1,"featured_media":0,"parent":0,"menu_order":0,"comment_status":"closed","ping_status":"closed","template":"100-width.php","meta":[],"acf":[],"_links":{"self":[{"href":"https:\/\/tst.incliva.es\/en\/wp-json\/wp\/v2\/pages\/7540"}],"collection":[{"href":"https:\/\/tst.incliva.es\/en\/wp-json\/wp\/v2\/pages"}],"about":[{"href":"https:\/\/tst.incliva.es\/en\/wp-json\/wp\/v2\/types\/page"}],"author":[{"embeddable":true,"href":"https:\/\/tst.incliva.es\/en\/wp-json\/wp\/v2\/users\/1"}],"replies":[{"embeddable":true,"href":"https:\/\/tst.incliva.es\/en\/wp-json\/wp\/v2\/comments?post=7540"}],"version-history":[{"count":0,"href":"https:\/\/tst.incliva.es\/en\/wp-json\/wp\/v2\/pages\/7540\/revisions"}],"wp:attachment":[{"href":"https:\/\/tst.incliva.es\/en\/wp-json\/wp\/v2\/media?parent=7540"}],"curies":[{"name":"wp","href":"https:\/\/api.w.org\/{rel}","templated":true}]}}