{"id":7565,"date":"2025-04-10T09:06:16","date_gmt":"2025-04-10T09:06:16","guid":{"rendered":"https:\/\/tst.incliva.es\/?page_id=7565"},"modified":"2025-04-10T09:06:16","modified_gmt":"2025-04-10T09:06:16","slug":"jose-m-vila-salinas","status":"publish","type":"page","link":"https:\/\/tst.incliva.es\/en\/jose-m-vila-salinas\/","title":{"rendered":"Jos\u00e9 M\u00aa Vila Salinas"},"content":{"rendered":"<p><div class=\"fusion-fullwidth fullwidth-box fusion-builder-row-1 fusion-flex-container fusion-parallax-none nonhundred-percent-fullwidth non-hundred-percent-height-scrolling\" style=\"background-color: #ededed;background-image: url(&quot;https:\/\/www.incliva.es\/wp-content\/uploads\/2021\/01\/fondo.jpg&quot;);background-position: center center;background-repeat: no-repeat;border-width: 0px 0px 0px 0px;border-color:#e2e2e2;border-style:solid;-webkit-background-size:cover;-moz-background-size:cover;-o-background-size:cover;background-size:cover;\" ><div class=\"fusion-builder-row fusion-row fusion-flex-align-items-flex-start\" style=\"max-width:1248px;margin-left: calc(-4% \/ 2 );margin-right: calc(-4% \/ 2 );\">\n<div class=\"fusion-layout-column fusion_builder_column fusion-builder-column-0 fusion_builder_column_3_4 3_4 fusion-flex-column\"><div class=\"fusion-column-wrapper fusion-flex-justify-content-flex-start fusion-content-layout-column\" style=\"background-position:left top;background-repeat:no-repeat;-webkit-background-size:cover;-moz-background-size:cover;-o-background-size:cover;background-size:cover;padding: 0px 0px 0px 0px;\">\n<div class=\"fusion-text fusion-text-1\" style=\"transform:translate3d(0,0,0);\"><h3>Dr. Jos\u00e9 M\u00aa Vila Salinas<\/h3>\n<\/div>\n<div class=\"fusion-separator fusion-full-width-sep\" style=\"align-self: center;margin-left: auto;margin-right: auto;margin-bottom:3px;width:100%;\"><div class=\"fusion-separator-border sep-single sep-solid\" style=\"border-color:#9da0d2;border-top-width:1px;\"><\/div><\/div>\n<div class=\"fusion-text fusion-text-2\" style=\"transform:translate3d(0,0,0);\"><h5><span style=\"color: #3D44AC;\">Principal Investigator<br \/>\nResearch Group on Vascular Function<br \/>\n<\/span><\/h5>\n<\/div>\n<div class=\"fusion-separator fusion-full-width-sep\" style=\"align-self: center;margin-left: auto;margin-right: auto;margin-bottom:10px;width:100%;\"><div class=\"fusion-separator-border sep-single sep-solid\" style=\"border-color:#9da0d2;border-top-width:1px;\"><\/div><\/div>\n<div class=\"fusion-text fusion-text-3\" style=\"transform:translate3d(0,0,0);\"><h4 style=\"text-align: justify;\">Presentation<\/h4>\n<\/div>\n<\/div><\/div><style type=\"text\/css\">.fusion-body .fusion-builder-column-0{width:75% !important;margin-top : 0px;margin-bottom : 20px;}.fusion-builder-column-0 > .fusion-column-wrapper {padding-top : 0px !important;padding-right : 0px !important;margin-right : 2.56%;padding-bottom : 0px !important;padding-left : 0px !important;margin-left : 2.56%;}@media only screen and (max-width:1532px) {.fusion-body .fusion-builder-column-0{width:75% !important;}.fusion-builder-column-0 > .fusion-column-wrapper {margin-right : 2.56%;margin-left : 2.56%;}}@media only screen and (max-width:640px) {.fusion-body .fusion-builder-column-0{width:100% !important;}.fusion-builder-column-0 > .fusion-column-wrapper {margin-right : 1.92%;margin-left : 1.92%;}}<\/style>\n<div class=\"fusion-layout-column fusion_builder_column fusion-builder-column-1 fusion_builder_column_1_4 1_4 fusion-flex-column\"><div class=\"fusion-column-wrapper fusion-flex-justify-content-flex-start fusion-content-layout-column\" style=\"background-position:left top;background-repeat:no-repeat;-webkit-background-size:cover;-moz-background-size:cover;-o-background-size:cover;background-size:cover;background-color:#ffffff;border-width: 0 0 0 2px;border-color:#9da0d2;border-style:solid;padding: 4% 4% 4% 4%;\">\n<div ><span class=\" fusion-imageframe imageframe-none imageframe-1 hover-type-none\" style=\"border-radius:5px;\"><img src=\"\/wp-content\/uploads\/2022\/10\/Jose-Maria-Vila-Salinas_FM04.jpg\" class=\"img-responsive\"\/><\/span><\/div>\n<div class=\"fusion-separator fusion-full-width-sep\" style=\"align-self: center;margin-left: auto;margin-right: auto;margin-top:10px;margin-bottom:10px;width:100%;\"><\/div>\n<div class=\"fusion-text fusion-text-4\" style=\"transform:translate3d(0,0,0);\"><h5 style=\"text-align: center;\">Principal<br \/>\nInvestigator<\/h5>\n<div style=\"text-align: center;\">Dr. Jos\u00e9 M\u00aa Vila Salinas<\/div>\n<p style=\"text-align: center;\"><a href=\"mailto:jose.m.salinas@uv.es\">jose.m.salinas@uv.es<\/a><\/p>\n<\/div>\n<\/div><\/div><style type=\"text\/css\">.fusion-body .fusion-builder-column-1{width:25% !important;margin-top : 0px;margin-bottom : 20px;}.fusion-builder-column-1 > .fusion-column-wrapper {padding-top : 4% !important;padding-right : 4% !important;margin-right : 7.68%;padding-bottom : 4% !important;padding-left : 4% !important;margin-left : 7.68%;}@media only screen and (max-width:1532px) {.fusion-body .fusion-builder-column-1{width:25% !important;order : 0;}.fusion-builder-column-1 > .fusion-column-wrapper {margin-right : 7.68%;margin-left : 7.68%;}}@media only screen and (max-width:640px) {.fusion-body .fusion-builder-column-1{width:100% !important;order : 0;}.fusion-builder-column-1 > .fusion-column-wrapper {margin-right : 1.92%;margin-left : 1.92%;}}<\/style>\n<\/div>\n<style type=\"text\/css\">.fusion-fullwidth.fusion-builder-row-1 { overflow:visible; }.fusion-body .fusion-flex-container.fusion-builder-row-1{ padding-top : 2%;margin-top : 0px;padding-right : 0px;padding-bottom : 0px;margin-bottom : 0px;padding-left : 0px;}<\/style><\/div><br \/>\n<div class=\"fusion-fullwidth fullwidth-box fusion-builder-row-2 fusion-flex-container nonhundred-percent-fullwidth non-hundred-percent-height-scrolling\" style=\"background-color: #e5e5e5;background-position: center center;background-repeat: no-repeat;border-width: 0px 0px 0px 0px;border-color:#e2e2e2;border-style:solid;\" ><div class=\"fusion-builder-row fusion-row fusion-flex-align-items-flex-start\" style=\"max-width:1248px;margin-left: calc(-4% \/ 2 );margin-right: calc(-4% \/ 2 );\">\n<div class=\"fusion-layout-column fusion_builder_column fusion-builder-column-2 fusion_builder_column_1_1 1_1 fusion-flex-column\"><div class=\"fusion-column-wrapper fusion-flex-justify-content-flex-start fusion-content-layout-column\" style=\"background-position:left top;background-repeat:no-repeat;-webkit-background-size:cover;-moz-background-size:cover;-o-background-size:cover;background-size:cover;padding: 0px 0px 0px 0px;\">\n<div class=\"fusion-text fusion-text-5\" style=\"transform:translate3d(0,0,0);\"><h5>Publications<\/h5>\n<\/div>\n<div class=\"fusion-tabs fusion-tabs-1 classic horizontal-tabs icon-position-left\"><style type=\"text\/css\">.fusion-tabs.fusion-tabs-1 .nav-tabs li a.tab-link{border-top-color:#f9f9fb;background-color:#f9f9fb;}.fusion-tabs.fusion-tabs-1 .nav-tabs{background-color:#ffffff;}.fusion-tabs.fusion-tabs-1 .nav-tabs li.active a.tab-link,.fusion-tabs.fusion-tabs-1 .nav-tabs li.active a.tab-link:hover,.fusion-tabs.fusion-tabs-1 .nav-tabs li.active a.tab-link:focus{border-right-color:#ffffff;}.fusion-tabs.fusion-tabs-1 .nav-tabs li.active a.tab-link,.fusion-tabs.fusion-tabs-1 .nav-tabs li.active a.tab-link:hover,.fusion-tabs.fusion-tabs-1 .nav-tabs li.active a.tab-link:focus{background-color:#ffffff;}.fusion-tabs.fusion-tabs-1 .nav-tabs li a:hover{background-color:#ffffff;border-top-color:#ffffff;}.fusion-tabs.fusion-tabs-1 .tab-pane{background-color:#ffffff;}.fusion-tabs.fusion-tabs-1 .nav,.fusion-tabs.fusion-tabs-1 .nav-tabs,.fusion-tabs.fusion-tabs-1 .tab-content .tab-pane{border-color:#e2e2e2;}<\/style><div class=\"nav\"><ul class=\"nav-tabs nav-justified\" role=\"tablist\"><li class=\"active\"><a class=\"tab-link\" data-toggle=\"tab\" role=\"tab\" aria-controls=\"tab-8cb4d7c53c82630a542\" aria-selected=\"true\" id=\"fusion-tab-2023\" href=\"#tab-8cb4d7c53c82630a542\"><h4 class=\"fusion-tab-heading\">2023<\/h4><\/a><\/li><li><a class=\"tab-link\" data-toggle=\"tab\" role=\"tab\" aria-controls=\"tab-4a6a549998bbf7383b7\" aria-selected=\"false\" tabindex=\"-1\" id=\"fusion-tab-2022\" href=\"#tab-4a6a549998bbf7383b7\"><h4 class=\"fusion-tab-heading\">2022<\/h4><\/a><\/li><li><a class=\"tab-link\" data-toggle=\"tab\" role=\"tab\" aria-controls=\"tab-969855519a074e6fcd9\" aria-selected=\"false\" tabindex=\"-1\" id=\"fusion-tab-2021\" href=\"#tab-969855519a074e6fcd9\"><h4 class=\"fusion-tab-heading\">2021<\/h4><\/a><\/li><\/ul><\/div><div class=\"tab-content\"><div class=\"nav fusion-mobile-tab-nav\"><ul class=\"nav-tabs nav-justified\"><li class=\"active\"><a class=\"tab-link\" data-toggle=\"tab\" role=\"tab\" aria-controls=\"tab-8cb4d7c53c82630a542\" aria-selected=\"true\" id=\"mobile-fusion-tab-2023\" href=\"#tab-8cb4d7c53c82630a542\"><h4 class=\"fusion-tab-heading\">2023<\/h4><\/a><\/li><\/ul><\/div><div class=\"tab-pane fade fusion-clearfix in active\" role=\"tabpanel\" tabindex=\"0\" aria-labelledby=\"fusion-tab-2023\" id=\"tab-8cb4d7c53c82630a542\">\n<div style=\"padding-top:4%;padding-left:4%; padding-right:4%; text-align:justify;\">\nEffects of GLP-1 receptor agonists on mitochondrial function, inflammatory markers and leukocyte-endothelium interactions in type 2 diabetes. Luna-Marco C, de Maranon A, Hermo-Argibay A, Rodriguez-Hernandez Y, Hermenejildo J, Fernandez-Reyes M, Apostolova N, Vila J, Sola E, Morillas C, Rovira-Llopis S, Rocha M, Victor V. Redox Biology. 2023 Aug 14;66:102849. doi: <a href='https:\/\/doi.org\/10.1016\/j.redox.2023.102849' target='_blank'>10.1016\/j.redox.2023.102849<\/a>. PMID: <a href='https:\/\/pubmed.ncbi.nlm.nih.gov\/37591012' target='_blank'>37591012<\/a><\/p>\n<p>Improvement of vascular insulin sensitivity by ranolazine. Guerra-Ojeda S, Jorda A, Aldasoro C, Vila J, Valles S, Arias-Mutis O, Aldasoro M. International Journal of Molecular Sciences. 2023 Aug 31;24(17):13532. doi: <a href='https:\/\/doi.org\/10.3390\/ijms241713532' target='_blank'>10.3390\/ijms241713532<\/a>. PMID: <a href='https:\/\/pubmed.ncbi.nlm.nih.gov\/37686345' target='_blank'>37686345<\/a><\/p>\n<\/div>\n<\/div><div class=\"nav fusion-mobile-tab-nav\"><ul class=\"nav-tabs nav-justified\"><li><a class=\"tab-link\" data-toggle=\"tab\" role=\"tab\" aria-controls=\"tab-4a6a549998bbf7383b7\" aria-selected=\"false\" tabindex=\"-1\" id=\"mobile-fusion-tab-2022\" href=\"#tab-4a6a549998bbf7383b7\"><h4 class=\"fusion-tab-heading\">2022<\/h4><\/a><\/li><\/ul><\/div><div class=\"tab-pane fade fusion-clearfix\" role=\"tabpanel\" tabindex=\"0\" aria-labelledby=\"fusion-tab-2022\" id=\"tab-4a6a549998bbf7383b7\">\n<div style=\"padding-top:4%;padding-left:4%; padding-right:4%; text-align:justify;\">\nCerium dioxide nanoparticles modulate antioxidant defences and change vascular response in the human saphenous vein. Guerra-Ojeda S, Marchio P, Rueda C, Suarez A, Garcia H, Victor V, Juez M, Martin-Gonzalez I, Vila J, Mauricio M. Free Radical Biology &#038; Medicine. 2022 Nov 17;193(Pt 2):694-701. doi: <a href='https:\/\/doi.org\/10.1016\/j.freeradbiomed.2022.11.012' target='_blank'>10.1016\/j.freeradbiomed.2022.11.012<\/a>. PMID: <a href='https:\/\/pubmed.ncbi.nlm.nih.gov\/36402438' target='_blank'>36402438<\/a><\/p>\n<p>Deleterious effects of levamisole, a cocaine adulterant, in rabbit aorta. Guerra-Ojeda S, Marchio P, Aldasoro M, Valles S, Genoves P, Mauricio M, Vila J. Vascular Pharmacology. 2022 Jun;144:106992. doi: <a href='https:\/\/doi.org\/10.1016\/j.vph.2022.106992' target='_blank'>10.1016\/j.vph.2022.106992<\/a>. PMID: <a href='https:\/\/pubmed.ncbi.nlm.nih.gov\/35358704' target='_blank'>35358704<\/a><\/p>\n<p>Facilitation of insulin effects by ranolazine in astrocytes in primary culture. Jorda A, Aldasoro M, Campo-Palacio I, Vila JM, Aldasoro C, Campos-Campos J, Colmena C, Singh SK, Obrdor E, Valles SL. International Journal of Molecular Sciences. 2022 Oct 9;23(19):11969. doi: <a href='https:\/\/doi.org\/10.3390\/ijms231911969' target='_blank'>10.3390\/ijms231911969<\/a>. PMID: <a href='https:\/\/pubmed.ncbi.nlm.nih.gov\/36233271' target='_blank'>36233271<\/a><\/p>\n<\/div>\n<\/div><div class=\"nav fusion-mobile-tab-nav\"><ul class=\"nav-tabs nav-justified\"><li><a class=\"tab-link\" data-toggle=\"tab\" role=\"tab\" aria-controls=\"tab-969855519a074e6fcd9\" aria-selected=\"false\" tabindex=\"-1\" id=\"mobile-fusion-tab-2021\" href=\"#tab-969855519a074e6fcd9\"><h4 class=\"fusion-tab-heading\">2021<\/h4><\/a><\/li><\/ul><\/div><div class=\"tab-pane fade fusion-clearfix\" role=\"tabpanel\" tabindex=\"0\" aria-labelledby=\"fusion-tab-2021\" id=\"tab-969855519a074e6fcd9\">\n<div style=\"padding-top:4%;padding-left:4%; padding-right:4%; text-align:justify;\">\nIschemia-reperfusion injury to coronary arteries: comprehensive microscopic study after reperfused myocardial infarction. Rios-Navarro C, Daugbouche-Rubio N, Gavara J, de Dios E, Perez N, Vila JM, Chorro FJ, Ruiz-Sauri A, Bodi V. Annals of Anatomy. 2021 Nov;238:151785. doi: <a href='https:\/\/doi.org\/10.1016\/j.aanat.2021.151785' target='_blank'>10.1016\/j.aanat.2021.151785<\/a>. PMID: <a href='https:\/\/pubmed.ncbi.nlm.nih.gov\/34144157' target='_blank'>34144157<\/a><\/p>\n<p>Overexpression of genes involved in lymphocyte activation and regulation are associated with reduced CRM-derived cardiac remodelling after STEMI. de Dios E, Rios-Navarro C, Perez-Sole N, Gavara J, Marcos-Garces V, Forteza M, Oltra R, Vila J, Chorro F, Bodi V. International Immunopharmacology. 2021 Mar 4;95:107490. doi: <a href='https:\/\/doi.org\/10.1016\/j.intimp.2021.107490' target='_blank'>10.1016\/j.intimp.2021.107490<\/a>. PMID: <a href='https:\/\/pubmed.ncbi.nlm.nih.gov\/33677257' target='_blank'>33677257<\/a><\/p>\n<p>PPARgamma as an indicator of vascular function in an experimental model of metabolic syndrome in rabbits. Guerra-Ojeda S, Marchio P, Gimeno-Raga M, Arias-Mutis O, San-Miguel T, Valles S, Aldasoro M, Vila J, Zarzoso M, Mauricio M. Atherosclerosis. 2021 Aug 5;332:16-23. doi: <a href='https:\/\/doi.org\/10.1016\/j.atherosclerosis.2021.08.006' target='_blank'>10.1016\/j.atherosclerosis.2021.08.006<\/a>. PMID: <a href='https:\/\/pubmed.ncbi.nlm.nih.gov\/34375909' target='_blank'>34375909<\/a><\/p>\n<p>Role of antiangiogenic VEGF-A165b in angiogenesis and systolic function after reperfused myocardial infarction. Rios Navarro C, Hueso Soler L, Diaz Cuevas A, Marcos Garc\u00e9s V, Bonanad Lozano C, Ruiz Sauri A, Vila Salinas J, Sanz Ferrando M, Chorro Gasc\u00f3 F, Piqueras Ruiz L, Bod\u00ed Peris V. Revista espanola de Cardiologia (English ed.). 2021 Feb;74(2):131-139. doi: <a href='https:\/\/doi.org\/10.1016\/j.rec.2020.03.013' target='_blank'>10.1016\/j.rec.2020.03.013<\/a>. PMID: <a href='https:\/\/pubmed.ncbi.nlm.nih.gov\/32474003' target='_blank'>32474003<\/a><\/p>\n<\/div>\n<\/div><\/div><\/div>\n<\/div><\/div><style type=\"text\/css\">.fusion-body .fusion-builder-column-2{width:100% !important;margin-top : 0px;margin-bottom : 20px;}.fusion-builder-column-2 > .fusion-column-wrapper {padding-top : 0px !important;padding-right : 0px !important;margin-right : 1.92%;padding-bottom : 0px !important;padding-left : 0px !important;margin-left : 1.92%;}@media only screen and (max-width:1532px) {.fusion-body .fusion-builder-column-2{width:100% !important;}.fusion-builder-column-2 > .fusion-column-wrapper {margin-right : 1.92%;margin-left : 1.92%;}}@media only screen and (max-width:640px) {.fusion-body .fusion-builder-column-2{width:100% !important;}.fusion-builder-column-2 > .fusion-column-wrapper {margin-right : 1.92%;margin-left : 1.92%;}}<\/style>\n<\/div>\n<style type=\"text\/css\">.fusion-body .fusion-flex-container.fusion-builder-row-2{ padding-top : 2%;margin-top : 0px;padding-right : 0px;padding-bottom : 0px;margin-bottom : 0px;padding-left : 0px;}<\/style><\/div><div class=\"fusion-fullwidth fullwidth-box fusion-builder-row-3 fusion-flex-container nonhundred-percent-fullwidth non-hundred-percent-height-scrolling\" style=\"background-color: #e5e5e5;background-position: center center;background-repeat: no-repeat;border-width: 0px 0px 0px 0px;border-color:#e2e2e2;border-style:solid;\" ><div class=\"fusion-builder-row fusion-row fusion-flex-align-items-flex-start\" style=\"max-width:1248px;margin-left: calc(-4% \/ 2 );margin-right: calc(-4% \/ 2 );\">\n<div class=\"fusion-layout-column fusion_builder_column fusion-builder-column-3 fusion_builder_column_1_1 1_1 fusion-flex-column\"><div class=\"fusion-column-wrapper fusion-flex-justify-content-flex-start fusion-content-layout-column\" style=\"background-position:left top;background-repeat:no-repeat;-webkit-background-size:cover;-moz-background-size:cover;-o-background-size:cover;background-size:cover;padding: 0px 0px 0px 0px;\">\n<div class=\"fusion-text fusion-text-6\" style=\"transform:translate3d(0,0,0);\"><h5>+ Info<\/h5>\n<\/div>\n<div class=\"fusion-tabs fusion-tabs-2 classic horizontal-tabs icon-position-left\"><style type=\"text\/css\">.fusion-tabs.fusion-tabs-2 .nav-tabs li a.tab-link{border-top-color:#f9f9fb;background-color:#f9f9fb;}.fusion-tabs.fusion-tabs-2 .nav-tabs{background-color:#ffffff;}.fusion-tabs.fusion-tabs-2 .nav-tabs li.active a.tab-link,.fusion-tabs.fusion-tabs-2 .nav-tabs li.active a.tab-link:hover,.fusion-tabs.fusion-tabs-2 .nav-tabs li.active a.tab-link:focus{border-right-color:#ffffff;}.fusion-tabs.fusion-tabs-2 .nav-tabs li.active a.tab-link,.fusion-tabs.fusion-tabs-2 .nav-tabs li.active a.tab-link:hover,.fusion-tabs.fusion-tabs-2 .nav-tabs li.active a.tab-link:focus{background-color:#ffffff;}.fusion-tabs.fusion-tabs-2 .nav-tabs li a:hover{background-color:#ffffff;border-top-color:#ffffff;}.fusion-tabs.fusion-tabs-2 .tab-pane{background-color:#ffffff;}.fusion-tabs.fusion-tabs-2 .nav,.fusion-tabs.fusion-tabs-2 .nav-tabs,.fusion-tabs.fusion-tabs-2 .tab-content .tab-pane{border-color:#e2e2e2;}<\/style><div class=\"nav\"><ul class=\"nav-tabs nav-justified\" role=\"tablist\"><li class=\"active\"><a class=\"tab-link\" data-toggle=\"tab\" role=\"tab\" aria-controls=\"tab-e94169f5254bc34e544\" aria-selected=\"true\" id=\"fusion-tab-thesis\" href=\"#tab-e94169f5254bc34e544\"><h4 class=\"fusion-tab-heading\">THESIS<\/h4><\/a><\/li><\/ul><\/div><div class=\"tab-content\"><div class=\"nav fusion-mobile-tab-nav\"><ul class=\"nav-tabs nav-justified\"><li class=\"active\"><a class=\"tab-link\" data-toggle=\"tab\" role=\"tab\" aria-controls=\"tab-e94169f5254bc34e544\" aria-selected=\"true\" id=\"mobile-fusion-tab-thesis\" href=\"#tab-e94169f5254bc34e544\"><h4 class=\"fusion-tab-heading\">THESIS<\/h4><\/a><\/li><\/ul><\/div><div class=\"tab-pane fade fusion-clearfix in active\" role=\"tabpanel\" tabindex=\"0\" aria-labelledby=\"fusion-tab-thesis\" id=\"tab-e94169f5254bc34e544\"><span style=\"color:#3D44AC; font-size:16px;\">Title: <\/span>Interacciones de la ranolazina con agentes vasoactivos end\u00f3genos y ex\u00f3genos.<br \/>\n<span style=\"color:#3D44AC; font-size:16px;\">Doctoral candidate: <\/span>Campos Carot, Elena<br \/>\n<span style=\"color:#3D44AC; font-size:16px;\">Director(s): <\/span>Vila Salinas, Jos\u00e9 M\u00aa; Mauricio Avi\u00f1\u00f3, M\u00aa Dolores; Mart\u00ednez Le\u00f3n, Juan B<br \/>\n<span style=\"color:#3D44AC; font-size:16px;\">Date of the defense: <\/span>19\/12\/2022<br \/>\n<span style=\"color:#3D44AC; font-size:16px;\">University: <\/span>Universitat de Val\u00e8ncia<\/p>\n<\/div><\/div><\/div>\n<\/div><\/div><style type=\"text\/css\">.fusion-body .fusion-builder-column-3{width:100% !important;margin-top : 0px;margin-bottom : 20px;}.fusion-builder-column-3 > .fusion-column-wrapper {padding-top : 0px !important;padding-right : 0px !important;margin-right : 1.92%;padding-bottom : 0px !important;padding-left : 0px !important;margin-left : 1.92%;}@media only screen and (max-width:1532px) {.fusion-body .fusion-builder-column-3{width:100% !important;order : 0;}.fusion-builder-column-3 > .fusion-column-wrapper {margin-right : 1.92%;margin-left : 1.92%;}}@media only screen and (max-width:640px) {.fusion-body .fusion-builder-column-3{width:100% !important;order : 0;}.fusion-builder-column-3 > .fusion-column-wrapper {margin-right : 1.92%;margin-left : 1.92%;}}<\/style>\n<\/div>\n<style type=\"text\/css\">.fusion-body .fusion-flex-container.fusion-builder-row-3{ padding-top : 2%;margin-top : 0px;padding-right : 0px;padding-bottom : 0px;margin-bottom : 0px;padding-left : 0px;}<\/style><\/div><\/p>\n","protected":false},"excerpt":{"rendered":"","protected":false},"author":1,"featured_media":0,"parent":0,"menu_order":0,"comment_status":"closed","ping_status":"closed","template":"100-width.php","meta":[],"acf":[],"_links":{"self":[{"href":"https:\/\/tst.incliva.es\/en\/wp-json\/wp\/v2\/pages\/7565"}],"collection":[{"href":"https:\/\/tst.incliva.es\/en\/wp-json\/wp\/v2\/pages"}],"about":[{"href":"https:\/\/tst.incliva.es\/en\/wp-json\/wp\/v2\/types\/page"}],"author":[{"embeddable":true,"href":"https:\/\/tst.incliva.es\/en\/wp-json\/wp\/v2\/users\/1"}],"replies":[{"embeddable":true,"href":"https:\/\/tst.incliva.es\/en\/wp-json\/wp\/v2\/comments?post=7565"}],"version-history":[{"count":0,"href":"https:\/\/tst.incliva.es\/en\/wp-json\/wp\/v2\/pages\/7565\/revisions"}],"wp:attachment":[{"href":"https:\/\/tst.incliva.es\/en\/wp-json\/wp\/v2\/media?parent=7565"}],"curies":[{"name":"wp","href":"https:\/\/api.w.org\/{rel}","templated":true}]}}