{"id":7579,"date":"2025-04-10T09:06:19","date_gmt":"2025-04-10T09:06:19","guid":{"rendered":"https:\/\/tst.incliva.es\/?page_id=7579"},"modified":"2025-04-10T09:06:19","modified_gmt":"2025-04-10T09:06:19","slug":"felip-vilella-mitjana","status":"publish","type":"page","link":"https:\/\/tst.incliva.es\/en\/felip-vilella-mitjana\/","title":{"rendered":"Felip Vilella Mitjana"},"content":{"rendered":"<p><div class=\"fusion-fullwidth fullwidth-box fusion-builder-row-1 fusion-flex-container fusion-parallax-none nonhundred-percent-fullwidth non-hundred-percent-height-scrolling\" style=\"background-color: #ededed;background-image: url(&quot;https:\/\/www.incliva.es\/wp-content\/uploads\/2021\/01\/fondo.jpg&quot;);background-position: center center;background-repeat: no-repeat;border-width: 0px 0px 0px 0px;border-color:#e2e2e2;border-style:solid;-webkit-background-size:cover;-moz-background-size:cover;-o-background-size:cover;background-size:cover;\" ><div class=\"fusion-builder-row fusion-row fusion-flex-align-items-flex-start\" style=\"max-width:1248px;margin-left: calc(-4% \/ 2 );margin-right: calc(-4% \/ 2 );\">\n<div class=\"fusion-layout-column fusion_builder_column fusion-builder-column-0 fusion_builder_column_3_4 3_4 fusion-flex-column\"><div class=\"fusion-column-wrapper fusion-flex-justify-content-flex-start fusion-content-layout-column\" style=\"background-position:left top;background-repeat:no-repeat;-webkit-background-size:cover;-moz-background-size:cover;-o-background-size:cover;background-size:cover;padding: 0px 0px 0px 0px;\">\n<div class=\"fusion-text fusion-text-1\" style=\"transform:translate3d(0,0,0);\"><h3>Dr. Felip Vilella Mitjana<\/h3>\n<\/div>\n<div class=\"fusion-separator fusion-full-width-sep\" style=\"align-self: center;margin-left: auto;margin-right: auto;margin-bottom:3px;width:100%;\"><div class=\"fusion-separator-border sep-single sep-solid\" style=\"border-color:#9da0d2;border-top-width:1px;\"><\/div><\/div>\n<div class=\"fusion-text fusion-text-2\" style=\"transform:translate3d(0,0,0);\"><h5><span style=\"color: #3D44AC;\">Principal Investigator<br \/>\nResearch Group on Maternal Fetal Communication<br \/>\n<\/span><\/h5>\n<\/div>\n<div class=\"fusion-separator fusion-full-width-sep\" style=\"align-self: center;margin-left: auto;margin-right: auto;margin-bottom:10px;width:100%;\"><div class=\"fusion-separator-border sep-single sep-solid\" style=\"border-color:#9da0d2;border-top-width:1px;\"><\/div><\/div>\n<div class=\"fusion-text fusion-text-3\" style=\"transform:translate3d(0,0,0);\"><h4 style=\"text-align: justify;\">Presentation<\/h4>\n<\/div>\n<\/div><\/div><style type=\"text\/css\">.fusion-body .fusion-builder-column-0{width:75% !important;margin-top : 0px;margin-bottom : 20px;}.fusion-builder-column-0 > .fusion-column-wrapper {padding-top : 0px !important;padding-right : 0px !important;margin-right : 2.56%;padding-bottom : 0px !important;padding-left : 0px !important;margin-left : 2.56%;}@media only screen and (max-width:1532px) {.fusion-body .fusion-builder-column-0{width:75% !important;}.fusion-builder-column-0 > .fusion-column-wrapper {margin-right : 2.56%;margin-left : 2.56%;}}@media only screen and (max-width:640px) {.fusion-body .fusion-builder-column-0{width:100% !important;}.fusion-builder-column-0 > .fusion-column-wrapper {margin-right : 1.92%;margin-left : 1.92%;}}<\/style>\n<div class=\"fusion-layout-column fusion_builder_column fusion-builder-column-1 fusion_builder_column_1_4 1_4 fusion-flex-column\"><div class=\"fusion-column-wrapper fusion-flex-justify-content-flex-start fusion-content-layout-column\" style=\"background-position:left top;background-repeat:no-repeat;-webkit-background-size:cover;-moz-background-size:cover;-o-background-size:cover;background-size:cover;background-color:#ffffff;border-width: 0 0 0 2px;border-color:#9da0d2;border-style:solid;padding: 4% 4% 4% 4%;\">\n<div ><span class=\" fusion-imageframe imageframe-none imageframe-1 hover-type-none\" style=\"border-radius:5px;\"><img src=\"\/wp-content\/uploads\/2025\/02\/Felip-Vilella-1.jpg\" class=\"img-responsive\"\/><\/span><\/div>\n<div class=\"fusion-separator fusion-full-width-sep\" style=\"align-self: center;margin-left: auto;margin-right: auto;margin-top:10px;margin-bottom:10px;width:100%;\"><\/div>\n<div class=\"fusion-text fusion-text-4\" style=\"transform:translate3d(0,0,0);\"><h5 style=\"text-align: center;\">Principal<br \/>\nInvestigator<\/h5>\n<div style=\"text-align: center;\">Dr. Felip Vilella Mitjana<\/div>\n<p style=\"text-align: center;\"><a href=\"mailto:fvilella@fundacioncarlossimon.com\">fvilella@fundacioncarlossimon.com<\/a><\/p>\n<\/div>\n<\/div><\/div><style type=\"text\/css\">.fusion-body .fusion-builder-column-1{width:25% !important;margin-top : 0px;margin-bottom : 20px;}.fusion-builder-column-1 > .fusion-column-wrapper {padding-top : 4% !important;padding-right : 4% !important;margin-right : 7.68%;padding-bottom : 4% !important;padding-left : 4% !important;margin-left : 7.68%;}@media only screen and (max-width:1532px) {.fusion-body .fusion-builder-column-1{width:25% !important;order : 0;}.fusion-builder-column-1 > .fusion-column-wrapper {margin-right : 7.68%;margin-left : 7.68%;}}@media only screen and (max-width:640px) {.fusion-body .fusion-builder-column-1{width:100% !important;order : 0;}.fusion-builder-column-1 > .fusion-column-wrapper {margin-right : 1.92%;margin-left : 1.92%;}}<\/style>\n<\/div>\n<style type=\"text\/css\">.fusion-fullwidth.fusion-builder-row-1 { overflow:visible; }.fusion-body .fusion-flex-container.fusion-builder-row-1{ padding-top : 2%;margin-top : 0px;padding-right : 0px;padding-bottom : 0px;margin-bottom : 0px;padding-left : 0px;}<\/style><\/div><br \/>\n<div class=\"fusion-fullwidth fullwidth-box fusion-builder-row-2 fusion-flex-container nonhundred-percent-fullwidth non-hundred-percent-height-scrolling\" style=\"background-color: #e5e5e5;background-position: center center;background-repeat: no-repeat;border-width: 0px 0px 0px 0px;border-color:#e2e2e2;border-style:solid;\" ><div class=\"fusion-builder-row fusion-row fusion-flex-align-items-flex-start\" style=\"max-width:1248px;margin-left: calc(-4% \/ 2 );margin-right: calc(-4% \/ 2 );\">\n<div class=\"fusion-layout-column fusion_builder_column fusion-builder-column-2 fusion_builder_column_1_1 1_1 fusion-flex-column\"><div class=\"fusion-column-wrapper fusion-flex-justify-content-flex-start fusion-content-layout-column\" style=\"background-position:left top;background-repeat:no-repeat;-webkit-background-size:cover;-moz-background-size:cover;-o-background-size:cover;background-size:cover;padding: 0px 0px 0px 0px;\">\n<div class=\"fusion-text fusion-text-5\" style=\"transform:translate3d(0,0,0);\"><h5>Publications<\/h5>\n<\/div>\n<div class=\"fusion-tabs fusion-tabs-1 classic horizontal-tabs icon-position-left\"><style type=\"text\/css\">.fusion-tabs.fusion-tabs-1 .nav-tabs li a.tab-link{border-top-color:#f9f9fb;background-color:#f9f9fb;}.fusion-tabs.fusion-tabs-1 .nav-tabs{background-color:#ffffff;}.fusion-tabs.fusion-tabs-1 .nav-tabs li.active a.tab-link,.fusion-tabs.fusion-tabs-1 .nav-tabs li.active a.tab-link:hover,.fusion-tabs.fusion-tabs-1 .nav-tabs li.active a.tab-link:focus{border-right-color:#ffffff;}.fusion-tabs.fusion-tabs-1 .nav-tabs li.active a.tab-link,.fusion-tabs.fusion-tabs-1 .nav-tabs li.active a.tab-link:hover,.fusion-tabs.fusion-tabs-1 .nav-tabs li.active a.tab-link:focus{background-color:#ffffff;}.fusion-tabs.fusion-tabs-1 .nav-tabs li a:hover{background-color:#ffffff;border-top-color:#ffffff;}.fusion-tabs.fusion-tabs-1 .tab-pane{background-color:#ffffff;}.fusion-tabs.fusion-tabs-1 .nav,.fusion-tabs.fusion-tabs-1 .nav-tabs,.fusion-tabs.fusion-tabs-1 .tab-content .tab-pane{border-color:#e2e2e2;}<\/style><div class=\"nav\"><ul class=\"nav-tabs nav-justified\" role=\"tablist\"><li class=\"active\"><a class=\"tab-link\" data-toggle=\"tab\" role=\"tab\" aria-controls=\"tab-3ba5e71ce7b3127bb7e\" aria-selected=\"true\" id=\"fusion-tab-2023\" href=\"#tab-3ba5e71ce7b3127bb7e\"><h4 class=\"fusion-tab-heading\">2023<\/h4><\/a><\/li><li><a class=\"tab-link\" data-toggle=\"tab\" role=\"tab\" aria-controls=\"tab-8596b4957f529b08161\" aria-selected=\"false\" tabindex=\"-1\" id=\"fusion-tab-2022\" href=\"#tab-8596b4957f529b08161\"><h4 class=\"fusion-tab-heading\">2022<\/h4><\/a><\/li><li><a class=\"tab-link\" data-toggle=\"tab\" role=\"tab\" aria-controls=\"tab-a45c017c0b4a2b06965\" aria-selected=\"false\" tabindex=\"-1\" id=\"fusion-tab-2021\" href=\"#tab-a45c017c0b4a2b06965\"><h4 class=\"fusion-tab-heading\">2021<\/h4><\/a><\/li><\/ul><\/div><div class=\"tab-content\"><div class=\"nav fusion-mobile-tab-nav\"><ul class=\"nav-tabs nav-justified\"><li class=\"active\"><a class=\"tab-link\" data-toggle=\"tab\" role=\"tab\" aria-controls=\"tab-3ba5e71ce7b3127bb7e\" aria-selected=\"true\" id=\"mobile-fusion-tab-2023\" href=\"#tab-3ba5e71ce7b3127bb7e\"><h4 class=\"fusion-tab-heading\">2023<\/h4><\/a><\/li><\/ul><\/div><div class=\"tab-pane fade fusion-clearfix in active\" role=\"tabpanel\" tabindex=\"0\" aria-labelledby=\"fusion-tab-2023\" id=\"tab-3ba5e71ce7b3127bb7e\">\n<div style=\"padding-top:4%;padding-left:4%; padding-right:4%; text-align:justify;\">\nDecoding the endometrial niche of Asherman&#8217;s Syndrome at single-cell resolution. Santamaria X, Roson B, Perez-Moraga R, Venkatesan N, Pardo-Figuerez M, Gonzalez-Fernandez J, Llera-Oyola J, Fernandez E, Moreno I, Salumets A, Vankelecom H, Vilella F, Simon C. Nature Communications. 2023 Sep 21;14(1):5890. doi: <a href='https:\/\/doi.org\/10.1038\/s41467-023-41656-1' target='_blank'>10.1038\/s41467-023-41656-1<\/a>. PMID: <a href='https:\/\/pubmed.ncbi.nlm.nih.gov\/37735465' target='_blank'>37735465<\/a><\/p>\n<p>The human periconceptional maternal-embryonic space in health and disease. Moreno I, Capalbo A, Mas A, Garrido-Gomez T, Roson B, Poli M, Dimitriadis E, Santamaria X, Vilella F, Simon C. Physiological Reviews. 2023 Jul 1;103(3):1965-2038. doi: <a href='https:\/\/doi.org\/10.1152\/physrev.00050.2021' target='_blank'>10.1152\/physrev.00050.2021<\/a>. PMID: <a href='https:\/\/pubmed.ncbi.nlm.nih.gov\/36796099' target='_blank'>36796099<\/a><\/p>\n<p>The role of extracellular vesicles in intercellular communication in human reproduction. Gonzalez Fernandez J, Moncayo Arlandi J, Ochando A, Simon C, Vilella F. Clinical Science. 2023 Feb 14;137(3):281-301. doi: <a href='https:\/\/doi.org\/10.1042\/CS20220793' target='_blank'>10.1042\/CS20220793<\/a>. PMID: <a href='https:\/\/pubmed.ncbi.nlm.nih.gov\/36762584' target='_blank'>36762584<\/a><\/p>\n<p>Vertical transmission of maternal DNA through extracellular vesicles associates with altered embryo bioenergetics during the periconception period. Bolumar D, Moncayo-Arlandi J, Gonzalez-Fernandez J, Ochando A, Moreno I, Monteagudo-Sanchez A, Marin C, Diez A, Fabra P, Checa M, Espinos J, Gardner D, Simon C, Vilella F. eLife. 2023 Dec 27:12:RP88008. doi: <a href='https:\/\/doi.org\/10.7554\/eLife.88008' target='_blank'>10.7554\/eLife.88008<\/a>. PMID: <a href='https:\/\/pubmed.ncbi.nlm.nih.gov\/38149847' target='_blank'>38149847<\/a><\/p>\n<\/div>\n<\/div><div class=\"nav fusion-mobile-tab-nav\"><ul class=\"nav-tabs nav-justified\"><li><a class=\"tab-link\" data-toggle=\"tab\" role=\"tab\" aria-controls=\"tab-8596b4957f529b08161\" aria-selected=\"false\" tabindex=\"-1\" id=\"mobile-fusion-tab-2022\" href=\"#tab-8596b4957f529b08161\"><h4 class=\"fusion-tab-heading\">2022<\/h4><\/a><\/li><\/ul><\/div><div class=\"tab-pane fade fusion-clearfix\" role=\"tabpanel\" tabindex=\"0\" aria-labelledby=\"fusion-tab-2022\" id=\"tab-8596b4957f529b08161\">\n<div style=\"padding-top:4%;padding-left:4%; padding-right:4%; text-align:justify;\">\nEndometrial microbiota composition is associated with reproductive outcome in infertile patients. Moreno I, Garcia-Grau I, Perez-Villaroya D, Gonzalez-Monfort M, Bahceci M, Barrionuevo MJ, Taguchi S, Puente E, Dimattina M, Lim MW, Meneghini G, Aubuchon M, Leondires M, Izquierdo A, Perez-Olgiati M, Chavez A, Seethram K, Bau D, Gomez C, Valbuena D, Vilella F, Simon C. Microbiome. 2022 Jan 4;10(1):1. doi: <a href='https:\/\/doi.org\/10.1186\/s40168-021-01184-w' target='_blank'>10.1186\/s40168-021-01184-w<\/a>. PMID: <a href='https:\/\/pubmed.ncbi.nlm.nih.gov\/34980280' target='_blank'>34980280<\/a><\/p>\n<\/div>\n<\/div><div class=\"nav fusion-mobile-tab-nav\"><ul class=\"nav-tabs nav-justified\"><li><a class=\"tab-link\" data-toggle=\"tab\" role=\"tab\" aria-controls=\"tab-a45c017c0b4a2b06965\" aria-selected=\"false\" tabindex=\"-1\" id=\"mobile-fusion-tab-2021\" href=\"#tab-a45c017c0b4a2b06965\"><h4 class=\"fusion-tab-heading\">2021<\/h4><\/a><\/li><\/ul><\/div><div class=\"tab-pane fade fusion-clearfix\" role=\"tabpanel\" tabindex=\"0\" aria-labelledby=\"fusion-tab-2021\" id=\"tab-a45c017c0b4a2b06965\">\n<div style=\"padding-top:4%;padding-left:4%; padding-right:4%; text-align:justify;\">\nSingle-cell RNA Sequencing of SARS-CoV-2 cell entry factors in the preconceptional human endometrium. Vilella F, Wang W, Moreno I, Roson B, Quake S, Simon C. Human Reproduction. 2021 Sep 18;36(10):2709-2719. doi: <a href='https:\/\/doi.org\/10.1093\/humrep\/deab183' target='_blank'>10.1093\/humrep\/deab183<\/a>. PMID: <a href='https:\/\/pubmed.ncbi.nlm.nih.gov\/34329437' target='_blank'>34329437<\/a><\/p>\n<p>Understanding the human endometrium in the 21st century. Vilella F, Wang W, Moreno I, Quake SR, Simon C. American Journal of Obstetrics and Gynecology. 2021 Jul;225(1):1-2. doi: <a href='https:\/\/doi.org\/10.1016\/j.ajog.2021.04.224' target='_blank'>10.1016\/j.ajog.2021.04.224<\/a>. PMID: <a href='https:\/\/pubmed.ncbi.nlm.nih.gov\/34023092' target='_blank'>34023092<\/a><\/p>\n<\/div>\n<\/div><\/div><\/div>\n<\/div><\/div><style type=\"text\/css\">.fusion-body .fusion-builder-column-2{width:100% !important;margin-top : 0px;margin-bottom : 20px;}.fusion-builder-column-2 > .fusion-column-wrapper {padding-top : 0px !important;padding-right : 0px !important;margin-right : 1.92%;padding-bottom : 0px !important;padding-left : 0px !important;margin-left : 1.92%;}@media only screen and (max-width:1532px) {.fusion-body .fusion-builder-column-2{width:100% !important;}.fusion-builder-column-2 > .fusion-column-wrapper {margin-right : 1.92%;margin-left : 1.92%;}}@media only screen and (max-width:640px) {.fusion-body .fusion-builder-column-2{width:100% !important;}.fusion-builder-column-2 > .fusion-column-wrapper {margin-right : 1.92%;margin-left : 1.92%;}}<\/style>\n<\/div>\n<style type=\"text\/css\">.fusion-body .fusion-flex-container.fusion-builder-row-2{ padding-top : 2%;margin-top : 0px;padding-right : 0px;padding-bottom : 0px;margin-bottom : 0px;padding-left : 0px;}<\/style><\/div><div class=\"fusion-fullwidth fullwidth-box fusion-builder-row-3 fusion-flex-container nonhundred-percent-fullwidth non-hundred-percent-height-scrolling\" style=\"background-color: #9da0d2;background-position: center center;background-repeat: no-repeat;border-width: 0px 0px 0px 0px;border-color:#e2e2e2;border-style:solid;\" ><div class=\"fusion-builder-row fusion-row fusion-flex-align-items-flex-start\" style=\"max-width:1248px;margin-left: calc(-4% \/ 2 );margin-right: calc(-4% \/ 2 );\">\n<div class=\"fusion-layout-column fusion_builder_column fusion-builder-column-3 fusion_builder_column_1_1 1_1 fusion-flex-column\"><div class=\"fusion-column-wrapper fusion-flex-justify-content-flex-start fusion-content-layout-column\" style=\"background-position:left top;background-repeat:no-repeat;-webkit-background-size:cover;-moz-background-size:cover;-o-background-size:cover;background-size:cover;padding: 0px 0px 0px 0px;\">\n<div class=\"fusion-text fusion-text-6\" style=\"transform:translate3d(0,0,0);\"><h5 style=\"text-align: left;\">Projects<\/h5>\n<\/div>\n<div class=\"fusion-tabs fusion-tabs-2 classic horizontal-tabs icon-position-left\"><style type=\"text\/css\">.fusion-tabs.fusion-tabs-2 .nav-tabs li a.tab-link{border-top-color:#f9f9fb;background-color:#f9f9fb;}.fusion-tabs.fusion-tabs-2 .nav-tabs{background-color:#ffffff;}.fusion-tabs.fusion-tabs-2 .nav-tabs li.active a.tab-link,.fusion-tabs.fusion-tabs-2 .nav-tabs li.active a.tab-link:hover,.fusion-tabs.fusion-tabs-2 .nav-tabs li.active a.tab-link:focus{border-right-color:#ffffff;}.fusion-tabs.fusion-tabs-2 .nav-tabs li.active a.tab-link,.fusion-tabs.fusion-tabs-2 .nav-tabs li.active a.tab-link:hover,.fusion-tabs.fusion-tabs-2 .nav-tabs li.active a.tab-link:focus{background-color:#ffffff;}.fusion-tabs.fusion-tabs-2 .nav-tabs li a:hover{background-color:#ffffff;border-top-color:#ffffff;}.fusion-tabs.fusion-tabs-2 .tab-pane{background-color:#ffffff;}.fusion-tabs.fusion-tabs-2 .nav,.fusion-tabs.fusion-tabs-2 .nav-tabs,.fusion-tabs.fusion-tabs-2 .tab-content .tab-pane{border-color:#e2e2e2;}<\/style><div class=\"nav\"><ul class=\"nav-tabs nav-justified\" role=\"tablist\"><li class=\"active\"><a class=\"tab-link\" data-toggle=\"tab\" role=\"tab\" aria-controls=\"tab-f9e6ecdd229c7526d63\" aria-selected=\"true\" id=\"fusion-tab-projects\" href=\"#tab-f9e6ecdd229c7526d63\"><h4 class=\"fusion-tab-heading\">PROJECTS<\/h4><\/a><\/li><\/ul><\/div><div class=\"tab-content\"><div class=\"nav fusion-mobile-tab-nav\"><ul class=\"nav-tabs nav-justified\"><li class=\"active\"><a class=\"tab-link\" data-toggle=\"tab\" role=\"tab\" aria-controls=\"tab-f9e6ecdd229c7526d63\" aria-selected=\"true\" id=\"mobile-fusion-tab-projects\" href=\"#tab-f9e6ecdd229c7526d63\"><h4 class=\"fusion-tab-heading\">PROJECTS<\/h4><\/a><\/li><\/ul><\/div><div class=\"tab-pane fade fusion-clearfix in active\" role=\"tabpanel\" tabindex=\"0\" aria-labelledby=\"fusion-tab-projects\" id=\"tab-f9e6ecdd229c7526d63\">\n<div style=\"padding-top:4%;padding-left:4%; padding-right:4%; text-align:left;\">\n<div style=\"margin-bottom:40px;\">\n<span style=\"color:#3D44AC; font-size:16px;\">Reference: <\/span>PI21\/00528<br \/>\n<span style=\"color:#3D44AC; font-size:16px;\">Title: <\/span>Caracterizaci\u00f3n transcript\u00f3mica de la implantaci\u00f3n embrionaria humana a nivel de c\u00e9lula \u00fanica usando un endometrio 3D en un chip de microfluidica<br \/>\n<span style=\"color:#3D44AC; font-size:16px;\">Funding body: <\/span>Instituto de Salud Carlos III &#8211; Cofinanciado FEDER<br \/>\n<span style=\"color:#3D44AC; font-size:16px;\">Principal Investigator: <\/span>Felipe Vilella Mitjana<br \/>\n<span style=\"color:#3D44AC; font-size:16px;\">Duration: <\/span>2022 &#8211; 2024<br \/>\n<span style=\"color:#3D44AC; font-size:16px;\">Total budget: <\/span>90.750 \u20ac\n<\/div>\n<div style=\"margin-bottom:40px;\">\n<span style=\"color:#3D44AC; font-size:16px;\">Reference: <\/span>874867 &#8211; HUTER<br \/>\n<span style=\"color:#3D44AC; font-size:16px;\">Title: <\/span>Human Uterus Cell Atlas<br \/>\n<span style=\"color:#3D44AC; font-size:16px;\">Funding body: <\/span>European Commission<br \/>\n<span style=\"color:#3D44AC; font-size:16px;\">Principal Investigator: <\/span>Carlos Sim\u00f3n Vall\u00e9s<br \/>\n<span style=\"color:#3D44AC; font-size:16px;\">Duration: <\/span>2020 &#8211; 2022<br \/>\n<span style=\"color:#3D44AC; font-size:16px;\">Total budget: <\/span>4.118.943 \u20ac\n<\/div>\n<div style=\"margin-bottom:40px;\">\n<span style=\"color:#3D44AC; font-size:16px;\">Reference: <\/span>PI18\/00957<br \/>\n<span style=\"color:#3D44AC; font-size:16px;\">Title: <\/span>Funci\u00f3n del ADN y ARN contenido en vesiculas extracelulares secretadas por el endometrio humano sobre el embrion pre-implantatorio<br \/>\n<span style=\"color:#3D44AC; font-size:16px;\">Funding body: <\/span>Instituto de Salud Carlos III &#8211; Cofinanciado FEDER<br \/>\n<span style=\"color:#3D44AC; font-size:16px;\">Principal Investigator: <\/span>Felip Vilella Mitjana<br \/>\n<span style=\"color:#3D44AC; font-size:16px;\">Duration: <\/span>2019 &#8211; 2022<br \/>\n<span style=\"color:#3D44AC; font-size:16px;\">Total budget: <\/span>135.520 \u20ac\n<\/div>\n<\/div>\n<\/div><\/div><\/div>\n<\/div><\/div><style type=\"text\/css\">.fusion-body .fusion-builder-column-3{width:100% !important;margin-top : 0px;margin-bottom : 20px;}.fusion-builder-column-3 > .fusion-column-wrapper {padding-top : 0px !important;padding-right : 0px !important;margin-right : 1.92%;padding-bottom : 0px !important;padding-left : 0px !important;margin-left : 1.92%;}@media only screen and (max-width:1532px) {.fusion-body .fusion-builder-column-3{width:100% !important;order : 0;}.fusion-builder-column-3 > .fusion-column-wrapper {margin-right : 1.92%;margin-left : 1.92%;}}@media only screen and (max-width:640px) {.fusion-body .fusion-builder-column-3{width:100% !important;order : 0;}.fusion-builder-column-3 > .fusion-column-wrapper {margin-right : 1.92%;margin-left : 1.92%;}}<\/style>\n<\/div>\n<style type=\"text\/css\">.fusion-body .fusion-flex-container.fusion-builder-row-3{ padding-top : 2%;margin-top : 0px;padding-right : 0px;padding-bottom : 0px;margin-bottom : 0px;padding-left : 0px;}<\/style><\/div><br \/>\n<div class=\"fusion-fullwidth fullwidth-box fusion-builder-row-4 fusion-flex-container nonhundred-percent-fullwidth non-hundred-percent-height-scrolling\" style=\"background-color: #e5e5e5;background-position: center center;background-repeat: no-repeat;border-width: 0px 0px 0px 0px;border-color:#e2e2e2;border-style:solid;\" ><div class=\"fusion-builder-row fusion-row fusion-flex-align-items-flex-start\" style=\"max-width:1248px;margin-left: calc(-4% \/ 2 );margin-right: calc(-4% \/ 2 );\">\n<div class=\"fusion-layout-column fusion_builder_column fusion-builder-column-4 fusion_builder_column_1_1 1_1 fusion-flex-column\"><div class=\"fusion-column-wrapper fusion-flex-justify-content-flex-start fusion-content-layout-column\" style=\"background-position:left top;background-repeat:no-repeat;-webkit-background-size:cover;-moz-background-size:cover;-o-background-size:cover;background-size:cover;padding: 0px 0px 0px 0px;\">\n<div class=\"fusion-text fusion-text-7\" style=\"transform:translate3d(0,0,0);\"><h5>+ Info<\/h5>\n<\/div>\n<div class=\"fusion-tabs fusion-tabs-3 classic horizontal-tabs icon-position-left\"><style type=\"text\/css\">.fusion-tabs.fusion-tabs-3 .nav-tabs li a.tab-link{border-top-color:#f9f9fb;background-color:#f9f9fb;}.fusion-tabs.fusion-tabs-3 .nav-tabs{background-color:#ffffff;}.fusion-tabs.fusion-tabs-3 .nav-tabs li.active a.tab-link,.fusion-tabs.fusion-tabs-3 .nav-tabs li.active a.tab-link:hover,.fusion-tabs.fusion-tabs-3 .nav-tabs li.active a.tab-link:focus{border-right-color:#ffffff;}.fusion-tabs.fusion-tabs-3 .nav-tabs li.active a.tab-link,.fusion-tabs.fusion-tabs-3 .nav-tabs li.active a.tab-link:hover,.fusion-tabs.fusion-tabs-3 .nav-tabs li.active a.tab-link:focus{background-color:#ffffff;}.fusion-tabs.fusion-tabs-3 .nav-tabs li a:hover{background-color:#ffffff;border-top-color:#ffffff;}.fusion-tabs.fusion-tabs-3 .tab-pane{background-color:#ffffff;}.fusion-tabs.fusion-tabs-3 .nav,.fusion-tabs.fusion-tabs-3 .nav-tabs,.fusion-tabs.fusion-tabs-3 .tab-content .tab-pane{border-color:#e2e2e2;}<\/style><div class=\"nav\"><ul class=\"nav-tabs nav-justified\" role=\"tablist\"><li class=\"active\"><a class=\"tab-link\" data-toggle=\"tab\" role=\"tab\" aria-controls=\"tab-b08782ccd5ab67c9c01\" aria-selected=\"true\" id=\"fusion-tab-thesis\" href=\"#tab-b08782ccd5ab67c9c01\"><h4 class=\"fusion-tab-heading\">THESIS<\/h4><\/a><\/li><\/ul><\/div><div class=\"tab-content\"><div class=\"nav fusion-mobile-tab-nav\"><ul class=\"nav-tabs nav-justified\"><li class=\"active\"><a class=\"tab-link\" data-toggle=\"tab\" role=\"tab\" aria-controls=\"tab-b08782ccd5ab67c9c01\" aria-selected=\"true\" id=\"mobile-fusion-tab-thesis\" href=\"#tab-b08782ccd5ab67c9c01\"><h4 class=\"fusion-tab-heading\">THESIS<\/h4><\/a><\/li><\/ul><\/div><div class=\"tab-pane fade fusion-clearfix in active\" role=\"tabpanel\" tabindex=\"0\" aria-labelledby=\"fusion-tab-thesis\" id=\"tab-b08782ccd5ab67c9c01\"><span style=\"color:#3D44AC; font-size:16px;\">Title: <\/span>Extracellular vesicles in the human maternal-embryo crosstalk during the preconception period<br \/>\n<span style=\"color:#3D44AC; font-size:16px;\">Doctoral candidate: <\/span>Bolumar Recuero, David<br \/>\n<span style=\"color:#3D44AC; font-size:16px;\">Director(s): <\/span>Sim\u00f3n Vall\u00e9s, Carlos; Vilella Mitjana, Felipe<br \/>\n<span style=\"color:#3D44AC; font-size:16px;\">Date of the defense: <\/span>21\/12\/2020<br \/>\n<span style=\"color:#3D44AC; font-size:16px;\">University: <\/span>Universitat de Val\u00e8ncia<\/p>\n<p><span style=\"color:#3D44AC; font-size:16px;\">Title: <\/span>Epigenetic analysis of cell-free dna as a tool to study pathogenesis and maternal syndrome of preeclampsia<br \/>\n<span style=\"color:#3D44AC; font-size:16px;\">Doctoral candidate: <\/span>Corach\u00e1n Garc\u00eda, Irene<br \/>\n<span style=\"color:#3D44AC; font-size:16px;\">Director(s): <\/span>Sim\u00f3n Vall\u00e9s, Carlos; D\u00edez Juan, Antonio; Vilella Mitjana, Felipe<br \/>\n<span style=\"color:#3D44AC; font-size:16px;\">Date of the defense: <\/span>14\/02\/2020<br \/>\n<span style=\"color:#3D44AC; font-size:16px;\">University: <\/span>Universitat de Val\u00e8ncia<\/p>\n<p><span style=\"color:#3D44AC; font-size:16px;\">Title: <\/span>Maternal-fetal crosstalk. Elucitaing the role of mir30d in endometrial receptivity and pregnancy outcome<br \/>\n<span style=\"color:#3D44AC; font-size:16px;\">Doctoral candidate: <\/span>Balaguer Cuenca, Nuria<br \/>\n<span style=\"color:#3D44AC; font-size:16px;\">Director(s): <\/span>Vilella Mitjana, Felipe; Sim\u00f3n Vall\u00e9s, Carlos<br \/>\n<span style=\"color:#3D44AC; font-size:16px;\">Date of the defense: <\/span>14\/01\/2019<br \/>\n<span style=\"color:#3D44AC; font-size:16px;\">University: <\/span>Universitat de Val\u00e8ncia<\/p>\n<\/div><\/div><\/div>\n<\/div><\/div><style type=\"text\/css\">.fusion-body .fusion-builder-column-4{width:100% !important;margin-top : 0px;margin-bottom : 20px;}.fusion-builder-column-4 > .fusion-column-wrapper {padding-top : 0px !important;padding-right : 0px !important;margin-right : 1.92%;padding-bottom : 0px !important;padding-left : 0px !important;margin-left : 1.92%;}@media only screen and (max-width:1532px) {.fusion-body .fusion-builder-column-4{width:100% !important;order : 0;}.fusion-builder-column-4 > .fusion-column-wrapper {margin-right : 1.92%;margin-left : 1.92%;}}@media only screen and (max-width:640px) {.fusion-body .fusion-builder-column-4{width:100% !important;order : 0;}.fusion-builder-column-4 > .fusion-column-wrapper {margin-right : 1.92%;margin-left : 1.92%;}}<\/style>\n<\/div>\n<style type=\"text\/css\">.fusion-body .fusion-flex-container.fusion-builder-row-4{ padding-top : 2%;margin-top : 0px;padding-right : 0px;padding-bottom : 0px;margin-bottom : 0px;padding-left : 0px;}<\/style><\/div><\/p>\n","protected":false},"excerpt":{"rendered":"","protected":false},"author":1,"featured_media":0,"parent":0,"menu_order":0,"comment_status":"closed","ping_status":"closed","template":"100-width.php","meta":[],"acf":[],"_links":{"self":[{"href":"https:\/\/tst.incliva.es\/en\/wp-json\/wp\/v2\/pages\/7579"}],"collection":[{"href":"https:\/\/tst.incliva.es\/en\/wp-json\/wp\/v2\/pages"}],"about":[{"href":"https:\/\/tst.incliva.es\/en\/wp-json\/wp\/v2\/types\/page"}],"author":[{"embeddable":true,"href":"https:\/\/tst.incliva.es\/en\/wp-json\/wp\/v2\/users\/1"}],"replies":[{"embeddable":true,"href":"https:\/\/tst.incliva.es\/en\/wp-json\/wp\/v2\/comments?post=7579"}],"version-history":[{"count":0,"href":"https:\/\/tst.incliva.es\/en\/wp-json\/wp\/v2\/pages\/7579\/revisions"}],"wp:attachment":[{"href":"https:\/\/tst.incliva.es\/en\/wp-json\/wp\/v2\/media?parent=7579"}],"curies":[{"name":"wp","href":"https:\/\/api.w.org\/{rel}","templated":true}]}}