{"id":7845,"date":"2025-04-10T09:06:16","date_gmt":"2025-04-10T09:06:16","guid":{"rendered":"https:\/\/tst.incliva.es\/?page_id=7845"},"modified":"2025-04-10T09:06:16","modified_gmt":"2025-04-10T09:06:16","slug":"m-dolores-mauricio-avino","status":"publish","type":"page","link":"https:\/\/tst.incliva.es\/en\/m-dolores-mauricio-avino\/","title":{"rendered":"M\u00aa Dolores Mauricio Avi\u00f1\u00f3"},"content":{"rendered":"<p><div class=\"fusion-fullwidth fullwidth-box fusion-builder-row-1 fusion-flex-container fusion-parallax-none nonhundred-percent-fullwidth non-hundred-percent-height-scrolling\" style=\"background-color: #ededed;background-image: url(&quot;https:\/\/www.incliva.es\/wp-content\/uploads\/2021\/01\/fondo.jpg&quot;);background-position: center center;background-repeat: no-repeat;border-width: 0px 0px 0px 0px;border-color:#e2e2e2;border-style:solid;-webkit-background-size:cover;-moz-background-size:cover;-o-background-size:cover;background-size:cover;\" ><div class=\"fusion-builder-row fusion-row fusion-flex-align-items-flex-start\" style=\"max-width:1248px;margin-left: calc(-4% \/ 2 );margin-right: calc(-4% \/ 2 );\">\n<div class=\"fusion-layout-column fusion_builder_column fusion-builder-column-0 fusion_builder_column_3_4 3_4 fusion-flex-column\"><div class=\"fusion-column-wrapper fusion-flex-justify-content-flex-start fusion-content-layout-column\" style=\"background-position:left top;background-repeat:no-repeat;-webkit-background-size:cover;-moz-background-size:cover;-o-background-size:cover;background-size:cover;padding: 0px 0px 0px 0px;\">\n<div class=\"fusion-text fusion-text-1\" style=\"transform:translate3d(0,0,0);\"><h3>Dr. M\u00aa Dolores Mauricio Avi\u00f1\u00f3<\/h3>\n<\/div>\n<div class=\"fusion-separator fusion-full-width-sep\" style=\"align-self: center;margin-left: auto;margin-right: auto;margin-bottom:3px;width:100%;\"><div class=\"fusion-separator-border sep-single sep-solid\" style=\"border-color:#9da0d2;border-top-width:1px;\"><\/div><\/div>\n<div class=\"fusion-text fusion-text-2\" style=\"transform:translate3d(0,0,0);\"><h5><span style=\"color: #3D44AC;\">Principal Investigator<br \/>\nResearch Group on Vascular Function<br \/>\n<\/span><\/h5>\n<\/div>\n<div class=\"fusion-separator fusion-full-width-sep\" style=\"align-self: center;margin-left: auto;margin-right: auto;margin-bottom:10px;width:100%;\"><div class=\"fusion-separator-border sep-single sep-solid\" style=\"border-color:#9da0d2;border-top-width:1px;\"><\/div><\/div>\n<div class=\"fusion-text fusion-text-3\" style=\"transform:translate3d(0,0,0);\"><h4 style=\"text-align: justify;\">Presentation<\/h4>\n<\/div>\n<\/div><\/div><style type=\"text\/css\">.fusion-body .fusion-builder-column-0{width:75% !important;margin-top : 0px;margin-bottom : 20px;}.fusion-builder-column-0 > .fusion-column-wrapper {padding-top : 0px !important;padding-right : 0px !important;margin-right : 2.56%;padding-bottom : 0px !important;padding-left : 0px !important;margin-left : 2.56%;}@media only screen and (max-width:1532px) {.fusion-body .fusion-builder-column-0{width:75% !important;}.fusion-builder-column-0 > .fusion-column-wrapper {margin-right : 2.56%;margin-left : 2.56%;}}@media only screen and (max-width:640px) {.fusion-body .fusion-builder-column-0{width:100% !important;}.fusion-builder-column-0 > .fusion-column-wrapper {margin-right : 1.92%;margin-left : 1.92%;}}<\/style>\n<div class=\"fusion-layout-column fusion_builder_column fusion-builder-column-1 fusion_builder_column_1_4 1_4 fusion-flex-column\"><div class=\"fusion-column-wrapper fusion-flex-justify-content-flex-start fusion-content-layout-column\" style=\"background-position:left top;background-repeat:no-repeat;-webkit-background-size:cover;-moz-background-size:cover;-o-background-size:cover;background-size:cover;background-color:#ffffff;border-width: 0 0 0 2px;border-color:#9da0d2;border-style:solid;padding: 4% 4% 4% 4%;\">\n<div ><span class=\" fusion-imageframe imageframe-none imageframe-1 hover-type-none\" style=\"border-radius:5px;\"><img src=\"\/wp-content\/uploads\/2024\/01\/Dolores-Mauricio_FM04_COIP.jpg\" class=\"img-responsive\"\/><\/span><\/div>\n<div class=\"fusion-separator fusion-full-width-sep\" style=\"align-self: center;margin-left: auto;margin-right: auto;margin-top:10px;margin-bottom:10px;width:100%;\"><\/div>\n<div class=\"fusion-text fusion-text-4\" style=\"transform:translate3d(0,0,0);\"><h5 style=\"text-align: center;\">Principal<br \/>\nInvestigator<\/h5>\n<div style=\"text-align: center;\">Dr. M\u00aa Dolores Mauricio Avi\u00f1\u00f3<\/div>\n<p style=\"text-align: center;\"><a href=\"mailto:m.dolores.mauricio@uv.es\">m.dolores.mauricio@uv.es<\/a><\/p>\n<\/div>\n<\/div><\/div><style type=\"text\/css\">.fusion-body .fusion-builder-column-1{width:25% !important;margin-top : 0px;margin-bottom : 20px;}.fusion-builder-column-1 > .fusion-column-wrapper {padding-top : 4% !important;padding-right : 4% !important;margin-right : 7.68%;padding-bottom : 4% !important;padding-left : 4% !important;margin-left : 7.68%;}@media only screen and (max-width:1532px) {.fusion-body .fusion-builder-column-1{width:25% !important;order : 0;}.fusion-builder-column-1 > .fusion-column-wrapper {margin-right : 7.68%;margin-left : 7.68%;}}@media only screen and (max-width:640px) {.fusion-body .fusion-builder-column-1{width:100% !important;order : 0;}.fusion-builder-column-1 > .fusion-column-wrapper {margin-right : 1.92%;margin-left : 1.92%;}}<\/style>\n<\/div>\n<style type=\"text\/css\">.fusion-fullwidth.fusion-builder-row-1 { overflow:visible; }.fusion-body .fusion-flex-container.fusion-builder-row-1{ padding-top : 2%;margin-top : 0px;padding-right : 0px;padding-bottom : 0px;margin-bottom : 0px;padding-left : 0px;}<\/style><\/div><br \/>\n<div class=\"fusion-fullwidth fullwidth-box fusion-builder-row-2 fusion-flex-container nonhundred-percent-fullwidth non-hundred-percent-height-scrolling\" style=\"background-color: #e5e5e5;background-position: center center;background-repeat: no-repeat;border-width: 0px 0px 0px 0px;border-color:#e2e2e2;border-style:solid;\" ><div class=\"fusion-builder-row fusion-row fusion-flex-align-items-flex-start\" style=\"max-width:1248px;margin-left: calc(-4% \/ 2 );margin-right: calc(-4% \/ 2 );\">\n<div class=\"fusion-layout-column fusion_builder_column fusion-builder-column-2 fusion_builder_column_1_1 1_1 fusion-flex-column\"><div class=\"fusion-column-wrapper fusion-flex-justify-content-flex-start fusion-content-layout-column\" style=\"background-position:left top;background-repeat:no-repeat;-webkit-background-size:cover;-moz-background-size:cover;-o-background-size:cover;background-size:cover;padding: 0px 0px 0px 0px;\">\n<div class=\"fusion-text fusion-text-5\" style=\"transform:translate3d(0,0,0);\"><h5>Publications<\/h5>\n<\/div>\n<div class=\"fusion-tabs fusion-tabs-1 classic horizontal-tabs icon-position-left\"><style type=\"text\/css\">.fusion-tabs.fusion-tabs-1 .nav-tabs li a.tab-link{border-top-color:#f9f9fb;background-color:#f9f9fb;}.fusion-tabs.fusion-tabs-1 .nav-tabs{background-color:#ffffff;}.fusion-tabs.fusion-tabs-1 .nav-tabs li.active a.tab-link,.fusion-tabs.fusion-tabs-1 .nav-tabs li.active a.tab-link:hover,.fusion-tabs.fusion-tabs-1 .nav-tabs li.active a.tab-link:focus{border-right-color:#ffffff;}.fusion-tabs.fusion-tabs-1 .nav-tabs li.active a.tab-link,.fusion-tabs.fusion-tabs-1 .nav-tabs li.active a.tab-link:hover,.fusion-tabs.fusion-tabs-1 .nav-tabs li.active a.tab-link:focus{background-color:#ffffff;}.fusion-tabs.fusion-tabs-1 .nav-tabs li a:hover{background-color:#ffffff;border-top-color:#ffffff;}.fusion-tabs.fusion-tabs-1 .tab-pane{background-color:#ffffff;}.fusion-tabs.fusion-tabs-1 .nav,.fusion-tabs.fusion-tabs-1 .nav-tabs,.fusion-tabs.fusion-tabs-1 .tab-content .tab-pane{border-color:#e2e2e2;}<\/style><div class=\"nav\"><ul class=\"nav-tabs nav-justified\" role=\"tablist\"><li class=\"active\"><a class=\"tab-link\" data-toggle=\"tab\" role=\"tab\" aria-controls=\"tab-24dc5230a9c77c09537\" aria-selected=\"true\" id=\"fusion-tab-2023\" href=\"#tab-24dc5230a9c77c09537\"><h4 class=\"fusion-tab-heading\">2023<\/h4><\/a><\/li><li><a class=\"tab-link\" data-toggle=\"tab\" role=\"tab\" aria-controls=\"tab-03bd7bd50b35a671370\" aria-selected=\"false\" tabindex=\"-1\" id=\"fusion-tab-2022\" href=\"#tab-03bd7bd50b35a671370\"><h4 class=\"fusion-tab-heading\">2022<\/h4><\/a><\/li><li><a class=\"tab-link\" data-toggle=\"tab\" role=\"tab\" aria-controls=\"tab-c1153ac0148ea156beb\" aria-selected=\"false\" tabindex=\"-1\" id=\"fusion-tab-2021\" href=\"#tab-c1153ac0148ea156beb\"><h4 class=\"fusion-tab-heading\">2021<\/h4><\/a><\/li><\/ul><\/div><div class=\"tab-content\"><div class=\"nav fusion-mobile-tab-nav\"><ul class=\"nav-tabs nav-justified\"><li class=\"active\"><a class=\"tab-link\" data-toggle=\"tab\" role=\"tab\" aria-controls=\"tab-24dc5230a9c77c09537\" aria-selected=\"true\" id=\"mobile-fusion-tab-2023\" href=\"#tab-24dc5230a9c77c09537\"><h4 class=\"fusion-tab-heading\">2023<\/h4><\/a><\/li><\/ul><\/div><div class=\"tab-pane fade fusion-clearfix in active\" role=\"tabpanel\" tabindex=\"0\" aria-labelledby=\"fusion-tab-2023\" id=\"tab-24dc5230a9c77c09537\">\n<div style=\"padding-top:4%;padding-left:4%; padding-right:4%; text-align:justify;\">\nGlucose 6-P dehydrogenase overexpression improves aging-induced endothelial dysfunction in aorta from mice: role of arginase II. Serna E, Mauricio MD, San Miguel T, Guerra Ojeda S, Verdu D, Valls A, Arc-Chagnaud C, De la Rosa A, Vina J. International Journal of Molecular Sciences. 2023 Feb 11;24(4):3622. doi: <a href='https:\/\/doi.org\/10.3390\/ijms24043622' target='_blank'>10.3390\/ijms24043622<\/a>. PMID: <a href='https:\/\/pubmed.ncbi.nlm.nih.gov\/36835034' target='_blank'>36835034<\/a><\/p>\n<p>The role of aryl hydrocarbon receptor in the endothelium: a systematic review. Guerra-Ojeda S, Suarez A, Valls A, Verdu D, Pereda J, Ortiz-Zapater E, Carretero J, Mauricio M, Serna E. International Journal of Molecular Sciences. 2023 Aug 31;24(17):13537. doi: <a href='https:\/\/doi.org\/10.3390\/ijms241713537' target='_blank'>10.3390\/ijms241713537<\/a>. PMID: <a href='https:\/\/pubmed.ncbi.nlm.nih.gov\/37686342' target='_blank'>37686342<\/a><\/p>\n<\/div>\n<\/div><div class=\"nav fusion-mobile-tab-nav\"><ul class=\"nav-tabs nav-justified\"><li><a class=\"tab-link\" data-toggle=\"tab\" role=\"tab\" aria-controls=\"tab-03bd7bd50b35a671370\" aria-selected=\"false\" tabindex=\"-1\" id=\"mobile-fusion-tab-2022\" href=\"#tab-03bd7bd50b35a671370\"><h4 class=\"fusion-tab-heading\">2022<\/h4><\/a><\/li><\/ul><\/div><div class=\"tab-pane fade fusion-clearfix\" role=\"tabpanel\" tabindex=\"0\" aria-labelledby=\"fusion-tab-2022\" id=\"tab-03bd7bd50b35a671370\">\n<div style=\"padding-top:4%;padding-left:4%; padding-right:4%; text-align:justify;\">\nCerium dioxide nanoparticles modulate antioxidant defences and change vascular response in the human saphenous vein. Guerra-Ojeda S, Marchio P, Rueda C, Suarez A, Garcia H, Victor V, Juez M, Martin-Gonzalez I, Vila J, Mauricio M. Free Radical Biology &#038; Medicine. 2022 Nov 17;193(Pt 2):694-701. doi: <a href='https:\/\/doi.org\/10.1016\/j.freeradbiomed.2022.11.012' target='_blank'>10.1016\/j.freeradbiomed.2022.11.012<\/a>. PMID: <a href='https:\/\/pubmed.ncbi.nlm.nih.gov\/36402438' target='_blank'>36402438<\/a><\/p>\n<p>Deleterious effects of levamisole, a cocaine adulterant, in rabbit aorta. Guerra-Ojeda S, Marchio P, Aldasoro M, Valles S, Genoves P, Mauricio M, Vila J. Vascular Pharmacology. 2022 Jun;144:106992. doi: <a href='https:\/\/doi.org\/10.1016\/j.vph.2022.106992' target='_blank'>10.1016\/j.vph.2022.106992<\/a>. PMID: <a href='https:\/\/pubmed.ncbi.nlm.nih.gov\/35358704' target='_blank'>35358704<\/a><\/p>\n<\/div>\n<\/div><div class=\"nav fusion-mobile-tab-nav\"><ul class=\"nav-tabs nav-justified\"><li><a class=\"tab-link\" data-toggle=\"tab\" role=\"tab\" aria-controls=\"tab-c1153ac0148ea156beb\" aria-selected=\"false\" tabindex=\"-1\" id=\"mobile-fusion-tab-2021\" href=\"#tab-c1153ac0148ea156beb\"><h4 class=\"fusion-tab-heading\">2021<\/h4><\/a><\/li><\/ul><\/div><div class=\"tab-pane fade fusion-clearfix\" role=\"tabpanel\" tabindex=\"0\" aria-labelledby=\"fusion-tab-2021\" id=\"tab-c1153ac0148ea156beb\">\n<div style=\"padding-top:4%;padding-left:4%; padding-right:4%; text-align:justify;\">\nPPARgamma as an indicator of vascular function in an experimental model of metabolic syndrome in rabbits. Guerra-Ojeda S, Marchio P, Gimeno-Raga M, Arias-Mutis O, San-Miguel T, Valles S, Aldasoro M, Vila J, Zarzoso M, Mauricio M. Atherosclerosis. 2021 Aug 5;332:16-23. doi: <a href='https:\/\/doi.org\/10.1016\/j.atherosclerosis.2021.08.006' target='_blank'>10.1016\/j.atherosclerosis.2021.08.006<\/a>. PMID: <a href='https:\/\/pubmed.ncbi.nlm.nih.gov\/34375909' target='_blank'>34375909<\/a><\/p>\n<\/div>\n<\/div><\/div><\/div>\n<\/div><\/div><style type=\"text\/css\">.fusion-body .fusion-builder-column-2{width:100% !important;margin-top : 0px;margin-bottom : 20px;}.fusion-builder-column-2 > .fusion-column-wrapper {padding-top : 0px !important;padding-right : 0px !important;margin-right : 1.92%;padding-bottom : 0px !important;padding-left : 0px !important;margin-left : 1.92%;}@media only screen and (max-width:1532px) {.fusion-body .fusion-builder-column-2{width:100% !important;}.fusion-builder-column-2 > .fusion-column-wrapper {margin-right : 1.92%;margin-left : 1.92%;}}@media only screen and (max-width:640px) {.fusion-body .fusion-builder-column-2{width:100% !important;}.fusion-builder-column-2 > .fusion-column-wrapper {margin-right : 1.92%;margin-left : 1.92%;}}<\/style>\n<\/div>\n<style type=\"text\/css\">.fusion-body .fusion-flex-container.fusion-builder-row-2{ padding-top : 2%;margin-top : 0px;padding-right : 0px;padding-bottom : 0px;margin-bottom : 0px;padding-left : 0px;}<\/style><\/div><div class=\"fusion-fullwidth fullwidth-box fusion-builder-row-3 fusion-flex-container nonhundred-percent-fullwidth non-hundred-percent-height-scrolling\" style=\"background-color: #e5e5e5;background-position: center center;background-repeat: no-repeat;border-width: 0px 0px 0px 0px;border-color:#e2e2e2;border-style:solid;\" ><div class=\"fusion-builder-row fusion-row fusion-flex-align-items-flex-start\" style=\"max-width:1248px;margin-left: calc(-4% \/ 2 );margin-right: calc(-4% \/ 2 );\">\n<div class=\"fusion-layout-column fusion_builder_column fusion-builder-column-3 fusion_builder_column_1_1 1_1 fusion-flex-column\"><div class=\"fusion-column-wrapper fusion-flex-justify-content-flex-start fusion-content-layout-column\" style=\"background-position:left top;background-repeat:no-repeat;-webkit-background-size:cover;-moz-background-size:cover;-o-background-size:cover;background-size:cover;padding: 0px 0px 0px 0px;\">\n<div class=\"fusion-text fusion-text-6\" style=\"transform:translate3d(0,0,0);\"><h5>+ Info<\/h5>\n<\/div>\n<div class=\"fusion-tabs fusion-tabs-2 classic horizontal-tabs icon-position-left\"><style type=\"text\/css\">.fusion-tabs.fusion-tabs-2 .nav-tabs li a.tab-link{border-top-color:#f9f9fb;background-color:#f9f9fb;}.fusion-tabs.fusion-tabs-2 .nav-tabs{background-color:#ffffff;}.fusion-tabs.fusion-tabs-2 .nav-tabs li.active a.tab-link,.fusion-tabs.fusion-tabs-2 .nav-tabs li.active a.tab-link:hover,.fusion-tabs.fusion-tabs-2 .nav-tabs li.active a.tab-link:focus{border-right-color:#ffffff;}.fusion-tabs.fusion-tabs-2 .nav-tabs li.active a.tab-link,.fusion-tabs.fusion-tabs-2 .nav-tabs li.active a.tab-link:hover,.fusion-tabs.fusion-tabs-2 .nav-tabs li.active a.tab-link:focus{background-color:#ffffff;}.fusion-tabs.fusion-tabs-2 .nav-tabs li a:hover{background-color:#ffffff;border-top-color:#ffffff;}.fusion-tabs.fusion-tabs-2 .tab-pane{background-color:#ffffff;}.fusion-tabs.fusion-tabs-2 .nav,.fusion-tabs.fusion-tabs-2 .nav-tabs,.fusion-tabs.fusion-tabs-2 .tab-content .tab-pane{border-color:#e2e2e2;}<\/style><div class=\"nav\"><ul class=\"nav-tabs nav-justified\" role=\"tablist\"><li class=\"active\"><a class=\"tab-link\" data-toggle=\"tab\" role=\"tab\" aria-controls=\"tab-3743ab2fb5e8380e136\" aria-selected=\"true\" id=\"fusion-tab-thesis\" href=\"#tab-3743ab2fb5e8380e136\"><h4 class=\"fusion-tab-heading\">THESIS<\/h4><\/a><\/li><\/ul><\/div><div class=\"tab-content\"><div class=\"nav fusion-mobile-tab-nav\"><ul class=\"nav-tabs nav-justified\"><li class=\"active\"><a class=\"tab-link\" data-toggle=\"tab\" role=\"tab\" aria-controls=\"tab-3743ab2fb5e8380e136\" aria-selected=\"true\" id=\"mobile-fusion-tab-thesis\" href=\"#tab-3743ab2fb5e8380e136\"><h4 class=\"fusion-tab-heading\">THESIS<\/h4><\/a><\/li><\/ul><\/div><div class=\"tab-pane fade fusion-clearfix in active\" role=\"tabpanel\" tabindex=\"0\" aria-labelledby=\"fusion-tab-thesis\" id=\"tab-3743ab2fb5e8380e136\"><span style=\"color:#3D44AC; font-size:16px;\">Title: <\/span>Efectos vasculares de las nanopart\u00edculas de \u00f3xido de cerio en la vena safena<br \/>\n<span style=\"color:#3D44AC; font-size:16px;\">Doctoral candidate: <\/span>Rueda Mu\u00f1oz, Cristina<br \/>\n<span style=\"color:#3D44AC; font-size:16px;\">Director(s): <\/span>Mauricio Avi\u00f1\u00f3, M\u00aa Dolores; Juez L\u00f3pez Marina; Guerra Ojeda Solanye<br \/>\n<span style=\"color:#3D44AC; font-size:16px;\">Date of the defense: <\/span>28\/10\/2022<br \/>\n<span style=\"color:#3D44AC; font-size:16px;\">University: <\/span>Universitat de Val\u00e8ncia<\/p>\n<p><span style=\"color:#3D44AC; font-size:16px;\">Title: <\/span>Alteraciones vasculares inducidas por un modelo de s\u00edndrome metab\u00f3lico en conejo<br \/>\n<span style=\"color:#3D44AC; font-size:16px;\">Doctoral candidate: <\/span>Gimeno Raga, Marc<br \/>\n<span style=\"color:#3D44AC; font-size:16px;\">Director(s): <\/span>Aldasoro Celaya, Mart\u00edn; Valles Mart\u00edn, Lilian Soraya; Mauricio Avi\u00f1\u00f3, Mar\u00eda Dolores<br \/>\n<span style=\"color:#3D44AC; font-size:16px;\">Date of the defense: <\/span>03\/05\/2019<br \/>\n<span style=\"color:#3D44AC; font-size:16px;\">University: <\/span>Universitat de Val\u00e8ncia<\/p>\n<\/div><\/div><\/div>\n<\/div><\/div><style type=\"text\/css\">.fusion-body .fusion-builder-column-3{width:100% !important;margin-top : 0px;margin-bottom : 20px;}.fusion-builder-column-3 > .fusion-column-wrapper {padding-top : 0px !important;padding-right : 0px !important;margin-right : 1.92%;padding-bottom : 0px !important;padding-left : 0px !important;margin-left : 1.92%;}@media only screen and (max-width:1532px) {.fusion-body .fusion-builder-column-3{width:100% !important;order : 0;}.fusion-builder-column-3 > .fusion-column-wrapper {margin-right : 1.92%;margin-left : 1.92%;}}@media only screen and (max-width:640px) {.fusion-body .fusion-builder-column-3{width:100% !important;order : 0;}.fusion-builder-column-3 > .fusion-column-wrapper {margin-right : 1.92%;margin-left : 1.92%;}}<\/style>\n<\/div>\n<style type=\"text\/css\">.fusion-body .fusion-flex-container.fusion-builder-row-3{ padding-top : 2%;margin-top : 0px;padding-right : 0px;padding-bottom : 0px;margin-bottom : 0px;padding-left : 0px;}<\/style><\/div><\/p>\n","protected":false},"excerpt":{"rendered":"","protected":false},"author":1,"featured_media":0,"parent":0,"menu_order":0,"comment_status":"closed","ping_status":"closed","template":"100-width.php","meta":[],"acf":[],"_links":{"self":[{"href":"https:\/\/tst.incliva.es\/en\/wp-json\/wp\/v2\/pages\/7845"}],"collection":[{"href":"https:\/\/tst.incliva.es\/en\/wp-json\/wp\/v2\/pages"}],"about":[{"href":"https:\/\/tst.incliva.es\/en\/wp-json\/wp\/v2\/types\/page"}],"author":[{"embeddable":true,"href":"https:\/\/tst.incliva.es\/en\/wp-json\/wp\/v2\/users\/1"}],"replies":[{"embeddable":true,"href":"https:\/\/tst.incliva.es\/en\/wp-json\/wp\/v2\/comments?post=7845"}],"version-history":[{"count":0,"href":"https:\/\/tst.incliva.es\/en\/wp-json\/wp\/v2\/pages\/7845\/revisions"}],"wp:attachment":[{"href":"https:\/\/tst.incliva.es\/en\/wp-json\/wp\/v2\/media?parent=7845"}],"curies":[{"name":"wp","href":"https:\/\/api.w.org\/{rel}","templated":true}]}}