{"id":8029,"date":"2025-04-10T09:06:00","date_gmt":"2025-04-10T09:06:00","guid":{"rendered":"https:\/\/tst.incliva.es\/?page_id=8029"},"modified":"2025-04-10T09:06:00","modified_gmt":"2025-04-10T09:06:00","slug":"javier-hernandez-gil","status":"publish","type":"page","link":"https:\/\/tst.incliva.es\/en\/javier-hernandez-gil\/","title":{"rendered":"Javier Hern\u00e1ndez Gil"},"content":{"rendered":"<p><div class=\"fusion-fullwidth fullwidth-box fusion-builder-row-1 fusion-flex-container fusion-parallax-none nonhundred-percent-fullwidth non-hundred-percent-height-scrolling\" style=\"background-color: #ededed;background-image: url(&quot;https:\/\/www.incliva.es\/wp-content\/uploads\/2021\/01\/fondo.jpg&quot;);background-position: center center;background-repeat: no-repeat;border-width: 0px 0px 0px 0px;border-color:#e2e2e2;border-style:solid;-webkit-background-size:cover;-moz-background-size:cover;-o-background-size:cover;background-size:cover;\" ><div class=\"fusion-builder-row fusion-row fusion-flex-align-items-flex-start\" style=\"max-width:1248px;margin-left: calc(-4% \/ 2 );margin-right: calc(-4% \/ 2 );\">\n<div class=\"fusion-layout-column fusion_builder_column fusion-builder-column-0 fusion_builder_column_3_4 3_4 fusion-flex-column\"><div class=\"fusion-column-wrapper fusion-flex-justify-content-flex-start fusion-content-layout-column\" style=\"background-position:left top;background-repeat:no-repeat;-webkit-background-size:cover;-moz-background-size:cover;-o-background-size:cover;background-size:cover;padding: 0px 0px 0px 0px;\">\n<div class=\"fusion-text fusion-text-1\" style=\"transform:translate3d(0,0,0);\"><h3>Dr. Javier Hern\u00e1ndez Gil<\/h3>\n<\/div>\n<div class=\"fusion-separator fusion-full-width-sep\" style=\"align-self: center;margin-left: auto;margin-right: auto;margin-bottom:3px;width:100%;\"><div class=\"fusion-separator-border sep-single sep-solid\" style=\"border-color:#9da0d2;border-top-width:1px;\"><\/div><\/div>\n<div class=\"fusion-text fusion-text-2\" style=\"transform:translate3d(0,0,0);\"><h5><span style=\"color: #3D44AC;\">Emerging Investigator<br \/>\nResearch Group of Innovative Diagnostic and Therapeutical Developments in Solid Tumors &#8211; InDeST<br \/>\n<\/span><\/h5>\n<\/div>\n<div class=\"fusion-separator fusion-full-width-sep\" style=\"align-self: center;margin-left: auto;margin-right: auto;margin-bottom:10px;width:100%;\"><div class=\"fusion-separator-border sep-single sep-solid\" style=\"border-color:#9da0d2;border-top-width:1px;\"><\/div><\/div>\n<div class=\"fusion-text fusion-text-3\" style=\"transform:translate3d(0,0,0);\"><h4 style=\"text-align: justify;\">Presentation<\/h4>\n<\/div>\n<\/div><\/div><style type=\"text\/css\">.fusion-body .fusion-builder-column-0{width:75% !important;margin-top : 0px;margin-bottom : 20px;}.fusion-builder-column-0 > .fusion-column-wrapper {padding-top : 0px !important;padding-right : 0px !important;margin-right : 2.56%;padding-bottom : 0px !important;padding-left : 0px !important;margin-left : 2.56%;}@media only screen and (max-width:1532px) {.fusion-body .fusion-builder-column-0{width:75% !important;}.fusion-builder-column-0 > .fusion-column-wrapper {margin-right : 2.56%;margin-left : 2.56%;}}@media only screen and (max-width:640px) {.fusion-body .fusion-builder-column-0{width:100% !important;}.fusion-builder-column-0 > .fusion-column-wrapper {margin-right : 1.92%;margin-left : 1.92%;}}<\/style>\n<div class=\"fusion-layout-column fusion_builder_column fusion-builder-column-1 fusion_builder_column_1_4 1_4 fusion-flex-column\"><div class=\"fusion-column-wrapper fusion-flex-justify-content-flex-start fusion-content-layout-column\" style=\"background-position:left top;background-repeat:no-repeat;-webkit-background-size:cover;-moz-background-size:cover;-o-background-size:cover;background-size:cover;background-color:#ffffff;border-width: 0 0 0 2px;border-color:#9da0d2;border-style:solid;padding: 4% 4% 4% 4%;\">\n<div ><span class=\" fusion-imageframe imageframe-none imageframe-1 hover-type-none\" style=\"border-radius:5px;\"><img src=\"\/wp-content\/uploads\/2024\/10\/Javier-Hernandez.jpg\" class=\"img-responsive\"\/><\/span><\/div>\n<div class=\"fusion-separator fusion-full-width-sep\" style=\"align-self: center;margin-left: auto;margin-right: auto;margin-top:10px;margin-bottom:10px;width:100%;\"><\/div>\n<div class=\"fusion-text fusion-text-4\" style=\"transform:translate3d(0,0,0);\"><h5 style=\"text-align: center;\">Emerging<br \/>\nInvestigator<\/h5>\n<div style=\"text-align: center;\">Dr. Javier Hern\u00e1ndez Gil<\/div>\n<p style=\"text-align: center;\"><a href=\"mailto:jhernandez@incliva.es\">jhernandez@incliva.es<\/a><\/p>\n<\/div>\n<\/div><\/div><style type=\"text\/css\">.fusion-body .fusion-builder-column-1{width:25% !important;margin-top : 0px;margin-bottom : 20px;}.fusion-builder-column-1 > .fusion-column-wrapper {padding-top : 4% !important;padding-right : 4% !important;margin-right : 7.68%;padding-bottom : 4% !important;padding-left : 4% !important;margin-left : 7.68%;}@media only screen and (max-width:1532px) {.fusion-body .fusion-builder-column-1{width:25% !important;order : 0;}.fusion-builder-column-1 > .fusion-column-wrapper {margin-right : 7.68%;margin-left : 7.68%;}}@media only screen and (max-width:640px) {.fusion-body .fusion-builder-column-1{width:100% !important;order : 0;}.fusion-builder-column-1 > .fusion-column-wrapper {margin-right : 1.92%;margin-left : 1.92%;}}<\/style>\n<\/div>\n<style type=\"text\/css\">.fusion-fullwidth.fusion-builder-row-1 { overflow:visible; }.fusion-body .fusion-flex-container.fusion-builder-row-1{ padding-top : 2%;margin-top : 0px;padding-right : 0px;padding-bottom : 0px;margin-bottom : 0px;padding-left : 0px;}<\/style><\/div><br \/>\n<div class=\"fusion-fullwidth fullwidth-box fusion-builder-row-2 fusion-flex-container nonhundred-percent-fullwidth non-hundred-percent-height-scrolling\" style=\"background-color: #e5e5e5;background-position: center center;background-repeat: no-repeat;border-width: 0px 0px 0px 0px;border-color:#e2e2e2;border-style:solid;\" ><div class=\"fusion-builder-row fusion-row fusion-flex-align-items-flex-start\" style=\"max-width:1248px;margin-left: calc(-4% \/ 2 );margin-right: calc(-4% \/ 2 );\">\n<div class=\"fusion-layout-column fusion_builder_column fusion-builder-column-2 fusion_builder_column_1_1 1_1 fusion-flex-column\"><div class=\"fusion-column-wrapper fusion-flex-justify-content-flex-start fusion-content-layout-column\" style=\"background-position:left top;background-repeat:no-repeat;-webkit-background-size:cover;-moz-background-size:cover;-o-background-size:cover;background-size:cover;padding: 0px 0px 0px 0px;\">\n<div class=\"fusion-text fusion-text-5\" style=\"transform:translate3d(0,0,0);\"><h5>Publications<\/h5>\n<\/div>\n<div class=\"fusion-tabs fusion-tabs-1 classic horizontal-tabs icon-position-left\"><style type=\"text\/css\">.fusion-tabs.fusion-tabs-1 .nav-tabs li a.tab-link{border-top-color:#f9f9fb;background-color:#f9f9fb;}.fusion-tabs.fusion-tabs-1 .nav-tabs{background-color:#ffffff;}.fusion-tabs.fusion-tabs-1 .nav-tabs li.active a.tab-link,.fusion-tabs.fusion-tabs-1 .nav-tabs li.active a.tab-link:hover,.fusion-tabs.fusion-tabs-1 .nav-tabs li.active a.tab-link:focus{border-right-color:#ffffff;}.fusion-tabs.fusion-tabs-1 .nav-tabs li.active a.tab-link,.fusion-tabs.fusion-tabs-1 .nav-tabs li.active a.tab-link:hover,.fusion-tabs.fusion-tabs-1 .nav-tabs li.active a.tab-link:focus{background-color:#ffffff;}.fusion-tabs.fusion-tabs-1 .nav-tabs li a:hover{background-color:#ffffff;border-top-color:#ffffff;}.fusion-tabs.fusion-tabs-1 .tab-pane{background-color:#ffffff;}.fusion-tabs.fusion-tabs-1 .nav,.fusion-tabs.fusion-tabs-1 .nav-tabs,.fusion-tabs.fusion-tabs-1 .tab-content .tab-pane{border-color:#e2e2e2;}<\/style><div class=\"nav\"><ul class=\"nav-tabs nav-justified\" role=\"tablist\"><li class=\"active\"><a class=\"tab-link\" data-toggle=\"tab\" role=\"tab\" aria-controls=\"tab-ff53c72ee8ae7efb5a3\" aria-selected=\"true\" id=\"fusion-tab-2023\" href=\"#tab-ff53c72ee8ae7efb5a3\"><h4 class=\"fusion-tab-heading\">2023<\/h4><\/a><\/li><li><a class=\"tab-link\" data-toggle=\"tab\" role=\"tab\" aria-controls=\"tab-15e80855f4a61631782\" aria-selected=\"false\" tabindex=\"-1\" id=\"fusion-tab-2021\" href=\"#tab-15e80855f4a61631782\"><h4 class=\"fusion-tab-heading\">2021<\/h4><\/a><\/li><\/ul><\/div><div class=\"tab-content\"><div class=\"nav fusion-mobile-tab-nav\"><ul class=\"nav-tabs nav-justified\"><li class=\"active\"><a class=\"tab-link\" data-toggle=\"tab\" role=\"tab\" aria-controls=\"tab-ff53c72ee8ae7efb5a3\" aria-selected=\"true\" id=\"mobile-fusion-tab-2023\" href=\"#tab-ff53c72ee8ae7efb5a3\"><h4 class=\"fusion-tab-heading\">2023<\/h4><\/a><\/li><\/ul><\/div><div class=\"tab-pane fade fusion-clearfix in active\" role=\"tabpanel\" tabindex=\"0\" aria-labelledby=\"fusion-tab-2023\" id=\"tab-ff53c72ee8ae7efb5a3\">\n<div style=\"padding-top:4%;padding-left:4%; padding-right:4%; text-align:justify;\">\nHern\u00e1ndez J,Chow CY,Chatras H,Fran\u00e7a PDD,Samuels ZV,Cornejo M,King GF,Lewis JS,Reiner T,Gonzales J. Development and Validation of Nerve-Targeted Bacteriochlorin Sensors. J. Am. Chem. Soc. 2023. 145. (26):p. 14276-14287. IF:14,400. (1). <\/p>\n<\/div>\n<\/div><div class=\"nav fusion-mobile-tab-nav\"><ul class=\"nav-tabs nav-justified\"><li><a class=\"tab-link\" data-toggle=\"tab\" role=\"tab\" aria-controls=\"tab-15e80855f4a61631782\" aria-selected=\"false\" tabindex=\"-1\" id=\"mobile-fusion-tab-2021\" href=\"#tab-15e80855f4a61631782\"><h4 class=\"fusion-tab-heading\">2021<\/h4><\/a><\/li><\/ul><\/div><div class=\"tab-pane fade fusion-clearfix\" role=\"tabpanel\" tabindex=\"0\" aria-labelledby=\"fusion-tab-2021\" id=\"tab-15e80855f4a61631782\">\n<div style=\"padding-top:4%;padding-left:4%; padding-right:4%; text-align:justify;\">\nAlvarez NH,Bauer D,Hern\u00e1ndez J,Lewis JS. Recent Advances in Radiometals for Combined Imaging and Therapy in Cancer. ChemMedChem. 2021. 16(19):p. 2909-2941. IF:3,540. (3). <\/p>\n<p>Braga M,Leow CH,Gil JH,Teh JH,Carroll L,Long NJ,Tang MX,Aboagye EO. Investigating CXCR4 expression of tumor cells and the vascular compartment: A multimodal approach. PLoS One. 2021. 16. (11):e0260186. IF:3,752. (2). <\/p>\n<p>Gonzales J,Hern\u00e1ndez J,Wilson TC,Adilbay D,Cornejo M,Franca PDD,Guru N,Schroeder CI,King GF,Lewis JS,Reiner T. Bimodal Imaging of Mouse Peripheral Nerves with Chlorin Tracers. Mol. Pharm. 2021. 18. (3):p. 940-951. IF:5,364. (1). <\/p>\n<p>Teh JH,Braga M,Allott L,Barnes C,Hernandez J,Tang MX,Aboagye EO,Long N. A kit-based aluminium-[<SUP>18<\/SUP>F]fluoride approach to radiolabelled microbubbles. Chem. Commun. 2021. 57. (88):p. 11677-11680. IF:6,065. (2). <\/p>\n<\/div>\n<\/div><\/div><\/div>\n<\/div><\/div><style type=\"text\/css\">.fusion-body .fusion-builder-column-2{width:100% !important;margin-top : 0px;margin-bottom : 20px;}.fusion-builder-column-2 > .fusion-column-wrapper {padding-top : 0px !important;padding-right : 0px !important;margin-right : 1.92%;padding-bottom : 0px !important;padding-left : 0px !important;margin-left : 1.92%;}@media only screen and (max-width:1532px) {.fusion-body .fusion-builder-column-2{width:100% !important;}.fusion-builder-column-2 > .fusion-column-wrapper {margin-right : 1.92%;margin-left : 1.92%;}}@media only screen and (max-width:640px) {.fusion-body .fusion-builder-column-2{width:100% !important;}.fusion-builder-column-2 > .fusion-column-wrapper {margin-right : 1.92%;margin-left : 1.92%;}}<\/style>\n<\/div>\n<style type=\"text\/css\">.fusion-body .fusion-flex-container.fusion-builder-row-2{ padding-top : 2%;margin-top : 0px;padding-right : 0px;padding-bottom : 0px;margin-bottom : 0px;padding-left : 0px;}<\/style><\/div><div class=\"fusion-fullwidth fullwidth-box fusion-builder-row-3 fusion-flex-container nonhundred-percent-fullwidth non-hundred-percent-height-scrolling\" style=\"background-color: #9da0d2;background-position: center center;background-repeat: no-repeat;border-width: 0px 0px 0px 0px;border-color:#e2e2e2;border-style:solid;\" ><div class=\"fusion-builder-row fusion-row fusion-flex-align-items-flex-start\" style=\"max-width:1248px;margin-left: calc(-4% \/ 2 );margin-right: calc(-4% \/ 2 );\">\n<div class=\"fusion-layout-column fusion_builder_column fusion-builder-column-3 fusion_builder_column_1_1 1_1 fusion-flex-column\"><div class=\"fusion-column-wrapper fusion-flex-justify-content-flex-start fusion-content-layout-column\" style=\"background-position:left top;background-repeat:no-repeat;-webkit-background-size:cover;-moz-background-size:cover;-o-background-size:cover;background-size:cover;padding: 0px 0px 0px 0px;\">\n<div class=\"fusion-text fusion-text-6\" style=\"transform:translate3d(0,0,0);\"><h5 style=\"text-align: left;\">Projects<\/h5>\n<\/div>\n<div class=\"fusion-tabs fusion-tabs-2 classic horizontal-tabs icon-position-left\"><style type=\"text\/css\">.fusion-tabs.fusion-tabs-2 .nav-tabs li a.tab-link{border-top-color:#f9f9fb;background-color:#f9f9fb;}.fusion-tabs.fusion-tabs-2 .nav-tabs{background-color:#ffffff;}.fusion-tabs.fusion-tabs-2 .nav-tabs li.active a.tab-link,.fusion-tabs.fusion-tabs-2 .nav-tabs li.active a.tab-link:hover,.fusion-tabs.fusion-tabs-2 .nav-tabs li.active a.tab-link:focus{border-right-color:#ffffff;}.fusion-tabs.fusion-tabs-2 .nav-tabs li.active a.tab-link,.fusion-tabs.fusion-tabs-2 .nav-tabs li.active a.tab-link:hover,.fusion-tabs.fusion-tabs-2 .nav-tabs li.active a.tab-link:focus{background-color:#ffffff;}.fusion-tabs.fusion-tabs-2 .nav-tabs li a:hover{background-color:#ffffff;border-top-color:#ffffff;}.fusion-tabs.fusion-tabs-2 .tab-pane{background-color:#ffffff;}.fusion-tabs.fusion-tabs-2 .nav,.fusion-tabs.fusion-tabs-2 .nav-tabs,.fusion-tabs.fusion-tabs-2 .tab-content .tab-pane{border-color:#e2e2e2;}<\/style><div class=\"nav\"><ul class=\"nav-tabs nav-justified\" role=\"tablist\"><li class=\"active\"><a class=\"tab-link\" data-toggle=\"tab\" role=\"tab\" aria-controls=\"tab-6a1f1d61fc44a31c601\" aria-selected=\"true\" id=\"fusion-tab-projects\" href=\"#tab-6a1f1d61fc44a31c601\"><h4 class=\"fusion-tab-heading\">PROJECTS<\/h4><\/a><\/li><\/ul><\/div><div class=\"tab-content\"><div class=\"nav fusion-mobile-tab-nav\"><ul class=\"nav-tabs nav-justified\"><li class=\"active\"><a class=\"tab-link\" data-toggle=\"tab\" role=\"tab\" aria-controls=\"tab-6a1f1d61fc44a31c601\" aria-selected=\"true\" id=\"mobile-fusion-tab-projects\" href=\"#tab-6a1f1d61fc44a31c601\"><h4 class=\"fusion-tab-heading\">PROJECTS<\/h4><\/a><\/li><\/ul><\/div><div class=\"tab-pane fade fusion-clearfix in active\" role=\"tabpanel\" tabindex=\"0\" aria-labelledby=\"fusion-tab-projects\" id=\"tab-6a1f1d61fc44a31c601\">\n<div style=\"padding-top:4%;padding-left:4%; padding-right:4%; text-align:left;\">\n<div style=\"margin-bottom:40px;\">\n<span style=\"color:#3D44AC; font-size:16px;\">Reference: <\/span>RYC2022-037234-I<br \/>\n<span style=\"color:#3D44AC; font-size:16px;\">Title: <\/span>Development of CXCR4-specific PET imaging agents in neuroendocrine tumors by using a multidisciplinary approach(Smart_PET_tracers)<br \/>\n<span style=\"color:#3D44AC; font-size:16px;\">Funding body: <\/span>Ministerio de Ciencia e Innovaci\u00f3n<br \/>\n<span style=\"color:#3D44AC; font-size:16px;\">Principal Investigator: <\/span>JAVIER HERN\u00c1NDEZ GIL<br \/>\n<span style=\"color:#3D44AC; font-size:16px;\">Duration: <\/span>2024 &#8211; 2029<br \/>\n<span style=\"color:#3D44AC; font-size:16px;\">Total budget: <\/span>244.350 \u20ac\n<\/div>\n<div style=\"margin-bottom:40px;\">\n<span style=\"color:#3D44AC; font-size:16px;\">Reference: <\/span><br \/>\n<span style=\"color:#3D44AC; font-size:16px;\">Title: <\/span>Co-financiaci\u00f3n Investigadores<br \/>\n<span style=\"color:#3D44AC; font-size:16px;\">Funding body: <\/span>CENTRO DE INVESTIGACION PRINCIPE FELIPE; CONSELLERIA DE SANIDAD<br \/>\n<span style=\"color:#3D44AC; font-size:16px;\">Principal Investigator: <\/span>JOSEP GAVARA DO\u00d1ATE<br \/>\n<span style=\"color:#3D44AC; font-size:16px;\">Duration: <\/span> &#8211;<br \/>\n<span style=\"color:#3D44AC; font-size:16px;\">Total budget: <\/span>3.347.450 \u20ac\n<\/div>\n<div style=\"margin-bottom:40px;\">\n<span style=\"color:#3D44AC; font-size:16px;\">Reference: <\/span>PID2023-151284OB-I00<br \/>\n<span style=\"color:#3D44AC; font-size:16px;\">Title: <\/span>Development of CXCR4-specific theranostic agents in Colorectal cancer (Smart_PET_Tracers).<br \/>\n<span style=\"color:#3D44AC; font-size:16px;\">Funding body: <\/span>Ministerio de Ciencia e Innovaci\u00f3n<br \/>\n<span style=\"color:#3D44AC; font-size:16px;\">Principal Investigator: <\/span>JAVIER HERN\u00c1NDEZ GIL<br \/>\n<span style=\"color:#3D44AC; font-size:16px;\">Duration: <\/span> &#8211;<br \/>\n<span style=\"color:#3D44AC; font-size:16px;\">Total budget: <\/span>0 \u20ac\n<\/div>\n<div style=\"margin-bottom:40px;\">\n<span style=\"color:#3D44AC; font-size:16px;\">Reference: <\/span>PI24\/01194<br \/>\n<span style=\"color:#3D44AC; font-size:16px;\">Title: <\/span>Desarrollo de radioteran\u00f3sticos espec\u00edficos de CXR4 en c\u00e1ncer colorrectal.<br \/>\n<span style=\"color:#3D44AC; font-size:16px;\">Funding body: <\/span>INSTITUTO SALUD CARLOS III<br \/>\n<span style=\"color:#3D44AC; font-size:16px;\">Principal Investigator: <\/span>JAVIER HERN\u00c1NDEZ GIL<br \/>\n<span style=\"color:#3D44AC; font-size:16px;\">Duration: <\/span> &#8211;<br \/>\n<span style=\"color:#3D44AC; font-size:16px;\">Total budget: <\/span>0 \u20ac\n<\/div>\n<div style=\"margin-bottom:40px;\">\n<span style=\"color:#3D44AC; font-size:16px;\">Reference: <\/span>FERP-2024-153<br \/>\n<span style=\"color:#3D44AC; font-size:16px;\">Title: <\/span>Desarrollo de Radiof\u00e1rmacos Espec\u00edficos del Receptor de Tirosina Quinasa AXL: Avances en el Tratamiento del C\u00e1ncer de Mama.<br \/>\n<span style=\"color:#3D44AC; font-size:16px;\">Funding body: <\/span>FUNDACION EUGENIO RODRIGUEZ PASCUAL<br \/>\n<span style=\"color:#3D44AC; font-size:16px;\">Principal Investigator: <\/span>JAVIER HERN\u00c1NDEZ GIL; CEJALVO ANDUJAR, JUAN MIGUEL; CERVANTES RUIPEREZ, ANDR\u00c9S<br \/>\n<span style=\"color:#3D44AC; font-size:16px;\">Duration: <\/span> &#8211;<br \/>\n<span style=\"color:#3D44AC; font-size:16px;\">Total budget: <\/span>0 \u20ac\n<\/div>\n<\/div>\n<\/div><\/div><\/div>\n<\/div><\/div><style type=\"text\/css\">.fusion-body .fusion-builder-column-3{width:100% !important;margin-top : 0px;margin-bottom : 20px;}.fusion-builder-column-3 > .fusion-column-wrapper {padding-top : 0px !important;padding-right : 0px !important;margin-right : 1.92%;padding-bottom : 0px !important;padding-left : 0px !important;margin-left : 1.92%;}@media only screen and (max-width:1532px) {.fusion-body .fusion-builder-column-3{width:100% !important;order : 0;}.fusion-builder-column-3 > .fusion-column-wrapper {margin-right : 1.92%;margin-left : 1.92%;}}@media only screen and (max-width:640px) {.fusion-body .fusion-builder-column-3{width:100% !important;order : 0;}.fusion-builder-column-3 > .fusion-column-wrapper {margin-right : 1.92%;margin-left : 1.92%;}}<\/style>\n<\/div>\n<style type=\"text\/css\">.fusion-body .fusion-flex-container.fusion-builder-row-3{ padding-top : 2%;margin-top : 0px;padding-right : 0px;padding-bottom : 0px;margin-bottom : 0px;padding-left : 0px;}<\/style><\/div><br \/>\n<div class=\"fusion-fullwidth fullwidth-box fusion-builder-row-4 fusion-flex-container nonhundred-percent-fullwidth non-hundred-percent-height-scrolling\" style=\"background-color: #e5e5e5;background-position: center center;background-repeat: no-repeat;border-width: 0px 0px 0px 0px;border-color:#e2e2e2;border-style:solid;\" ><div class=\"fusion-builder-row fusion-row fusion-flex-align-items-flex-start\" style=\"max-width:1248px;margin-left: calc(-4% \/ 2 );margin-right: calc(-4% \/ 2 );\">\n<div class=\"fusion-layout-column fusion_builder_column fusion-builder-column-4 fusion_builder_column_1_1 1_1 fusion-flex-column\"><div class=\"fusion-column-wrapper fusion-flex-justify-content-flex-start fusion-content-layout-column\" style=\"background-position:left top;background-repeat:no-repeat;-webkit-background-size:cover;-moz-background-size:cover;-o-background-size:cover;background-size:cover;padding: 0px 0px 0px 0px;\">\n<div class=\"fusion-text fusion-text-7\" style=\"transform:translate3d(0,0,0);\"><h5>+ Info<\/h5>\n<\/div>\n<div class=\"fusion-tabs fusion-tabs-3 classic horizontal-tabs icon-position-left\"><style type=\"text\/css\">.fusion-tabs.fusion-tabs-3 .nav-tabs li a.tab-link{border-top-color:#f9f9fb;background-color:#f9f9fb;}.fusion-tabs.fusion-tabs-3 .nav-tabs{background-color:#ffffff;}.fusion-tabs.fusion-tabs-3 .nav-tabs li.active a.tab-link,.fusion-tabs.fusion-tabs-3 .nav-tabs li.active a.tab-link:hover,.fusion-tabs.fusion-tabs-3 .nav-tabs li.active a.tab-link:focus{border-right-color:#ffffff;}.fusion-tabs.fusion-tabs-3 .nav-tabs li.active a.tab-link,.fusion-tabs.fusion-tabs-3 .nav-tabs li.active a.tab-link:hover,.fusion-tabs.fusion-tabs-3 .nav-tabs li.active a.tab-link:focus{background-color:#ffffff;}.fusion-tabs.fusion-tabs-3 .nav-tabs li a:hover{background-color:#ffffff;border-top-color:#ffffff;}.fusion-tabs.fusion-tabs-3 .tab-pane{background-color:#ffffff;}.fusion-tabs.fusion-tabs-3 .nav,.fusion-tabs.fusion-tabs-3 .nav-tabs,.fusion-tabs.fusion-tabs-3 .tab-content .tab-pane{border-color:#e2e2e2;}<\/style><div class=\"nav\"><ul class=\"nav-tabs nav-justified\" role=\"tablist\"><li class=\"active\"><a class=\"tab-link\" data-toggle=\"tab\" role=\"tab\" aria-controls=\"tab-932b570cbbebab913cb\" aria-selected=\"true\" id=\"fusion-tab-thesis\" href=\"#tab-932b570cbbebab913cb\"><h4 class=\"fusion-tab-heading\">THESIS<\/h4><\/a><\/li><\/ul><\/div><div class=\"tab-content\"><div class=\"nav fusion-mobile-tab-nav\"><ul class=\"nav-tabs nav-justified\"><li class=\"active\"><a class=\"tab-link\" data-toggle=\"tab\" role=\"tab\" aria-controls=\"tab-932b570cbbebab913cb\" aria-selected=\"true\" id=\"mobile-fusion-tab-thesis\" href=\"#tab-932b570cbbebab913cb\"><h4 class=\"fusion-tab-heading\">THESIS<\/h4><\/a><\/li><\/ul><\/div><div class=\"tab-pane fade fusion-clearfix in active\" role=\"tabpanel\" tabindex=\"0\" aria-labelledby=\"fusion-tab-thesis\" id=\"tab-932b570cbbebab913cb\"><span style=\"color:#3D44AC; font-size:16px;\">Title: <\/span>The study of the formation of DNA damage by [2+2] photocycloaddition and its photo-repair by single or multiphoton absorption<br \/>\n<span style=\"color:#3D44AC; font-size:16px;\">Doctoral candidate: <\/span>Juan Antonio Soler Orenes<br \/>\n<span style=\"color:#3D44AC; font-size:16px;\">Director(s): <\/span>Virginie L. Lhiaubet y Javier Hern\u00e1ndez Gil<br \/>\n<span style=\"color:#3D44AC; font-size:16px;\">Date of the defense: <\/span>20\/12\/2024<br \/>\n<span style=\"color:#3D44AC; font-size:16px;\">University: <\/span>University Polit\u00e9cnica de Valencia<\/p>\n<\/div><\/div><\/div>\n<\/div><\/div><style type=\"text\/css\">.fusion-body .fusion-builder-column-4{width:100% !important;margin-top : 0px;margin-bottom : 20px;}.fusion-builder-column-4 > .fusion-column-wrapper {padding-top : 0px !important;padding-right : 0px !important;margin-right : 1.92%;padding-bottom : 0px !important;padding-left : 0px !important;margin-left : 1.92%;}@media only screen and (max-width:1532px) {.fusion-body .fusion-builder-column-4{width:100% !important;order : 0;}.fusion-builder-column-4 > .fusion-column-wrapper {margin-right : 1.92%;margin-left : 1.92%;}}@media only screen and (max-width:640px) {.fusion-body .fusion-builder-column-4{width:100% !important;order : 0;}.fusion-builder-column-4 > .fusion-column-wrapper {margin-right : 1.92%;margin-left : 1.92%;}}<\/style>\n<\/div>\n<style type=\"text\/css\">.fusion-body .fusion-flex-container.fusion-builder-row-4{ padding-top : 2%;margin-top : 0px;padding-right : 0px;padding-bottom : 0px;margin-bottom : 0px;padding-left : 0px;}<\/style><\/div><\/p>\n","protected":false},"excerpt":{"rendered":"","protected":false},"author":1,"featured_media":0,"parent":0,"menu_order":0,"comment_status":"closed","ping_status":"closed","template":"100-width.php","meta":[],"acf":[],"_links":{"self":[{"href":"https:\/\/tst.incliva.es\/en\/wp-json\/wp\/v2\/pages\/8029"}],"collection":[{"href":"https:\/\/tst.incliva.es\/en\/wp-json\/wp\/v2\/pages"}],"about":[{"href":"https:\/\/tst.incliva.es\/en\/wp-json\/wp\/v2\/types\/page"}],"author":[{"embeddable":true,"href":"https:\/\/tst.incliva.es\/en\/wp-json\/wp\/v2\/users\/1"}],"replies":[{"embeddable":true,"href":"https:\/\/tst.incliva.es\/en\/wp-json\/wp\/v2\/comments?post=8029"}],"version-history":[{"count":0,"href":"https:\/\/tst.incliva.es\/en\/wp-json\/wp\/v2\/pages\/8029\/revisions"}],"wp:attachment":[{"href":"https:\/\/tst.incliva.es\/en\/wp-json\/wp\/v2\/media?parent=8029"}],"curies":[{"name":"wp","href":"https:\/\/api.w.org\/{rel}","templated":true}]}}